{"id":214656,"date":"2024-11-19T22:36:23","date_gmt":"2024-11-19T21:36:23","guid":{"rendered":"https:\/\/www.frankmxparts.com.iclicksapp.nl\/product\/airbox-intake-adapter-jetting-kit-keihin-fcr-mx-carburetor-suzuki-drz-400-dr-z400-upgrade"},"modified":"2024-11-28T11:45:23","modified_gmt":"2024-11-28T09:45:23","slug":"airbox-intake-adapter-jetting-kit-keihin-fcr-mx-carburetor-suzuki-drz-400-dr-z400-upgrade","status":"publish","type":"product","link":"https:\/\/www.frankmxparts.com.iclicksapp.nl\/de\/airbox-intake-adapter-jetting-kit-keihin-fcr-mx-carburetor-suzuki-drz-400-dr-z400-upgrade","title":{"rendered":"Luftfilter Adapter Jetting Kit Keihin FCR MX Vergaser Suzuki DRZ 400 DR-Z400"},"content":{"rendered":"<p>\n<strong>Einpress-Luftfilteradapter&nbsp;\/ Jetting<\/strong>&nbsp;<strong>Kit f\u00fcr Keihin FCR MX Vergaser<\/strong>.<\/p>\n<p>Wenn Sie einen Keihin FCR MX Vergaser mit festem (nicht abnehmbarem) Einlassadapter gekauft haben und ihn an Ihrem DR-Z400 (S\/M) montieren m\u00f6chten, ist dies das Adapterkit, das Sie ben\u00f6tigen. Hochwertiger Adapter, CNC gefertigt nach den h\u00f6chsten Spezifikationen, bietet eine perfekte Passform. Der Adapter verf\u00fcgt \u00fcber einen integrierten Ansaugtrichter, um den Luftstrom zu optimieren. Den Adapter bleibt&nbsp;f\u00fcr immer an und wird&nbsp;garantiert nie auslaufen.<\/p>\n<p><strong>Das Kit enth\u00e4lt<\/strong>:<\/p>\n<ul>\n<li>Einpress-Adapter<\/li>\n<li>Stutzen zum Zylinderkopf<\/li>\n<li>OCEMN D\u00fcsennadel<\/li>\n<li>Clip D\u00fcsennadel<\/li>\n<li>3 Hauptd\u00fcsen&nbsp;(150 &#8211; 155 &#8211; 160)<\/li>\n<li>2 Leerlaufd\u00fcsen&nbsp;(45 &#8211; 48)<\/li>\n<li>Gemischregulierschraube.<\/li>\n<\/ul>\n<p>\n<strong>Passend f\u00fcr<\/strong>: alle Keihin FCR MX Vergaser mit festen (nicht abnehmbarem) Einlassadapter.<\/p>\n<p><strong>Anleitung zur Adaptermontage<\/strong>: Die kleinen Felgen von den festen Einlassadapter&nbsp;des Vergasers abschneiden. Erhitzen Sie den Adapter (Backofen, Kochplatte, &#8230;), richten Sie die Kan\u00e4le von die&nbsp;Luftd\u00fcsen aus und dr\u00fccken Sie den Adapter vorsichtig auf den Vergaser. Lassen Sie es abk\u00fchlen, um einen perfekten, luftdichten Sitz zu erzielen (kein Dichtungsmittel erforderlich).<\/p>\n<p>\nKomplett wie abgebildet.<\/p>\n<p>\n&nbsp;<\/p>\n<p>&nbsp;<\/p>\n","protected":false},"excerpt":{"rendered":"<p>Einpress-Luftfilteradapter&nbsp;\/ Jetting&nbsp;Kit f\u00fcr Keihin FCR MX Vergaser. Wenn Sie einen Keihin FCR MX Vergaser mit festem (nicht abnehmbarem) Einlassadapter gekauft haben und ihn an Ihrem DR-Z400 (S\/M) montieren m\u00f6chten, ist dies das Adapterkit, das Sie ben\u00f6tigen. Hochwertiger Adapter, CNC gefertigt nach den h\u00f6chsten Spezifikationen, bietet eine perfekte Passform. Der Adapter verf\u00fcgt \u00fcber einen integrierten Ansaugtrichter, [&hellip;]<\/p>\n","protected":false},"featured_media":203847,"comment_status":"closed","ping_status":"closed","template":"","meta":{"_acf_changed":false},"product_brand":[],"product_cat":[9441],"product_tag":[],"class_list":{"0":"post-214656","1":"product","2":"type-product","3":"status-publish","4":"has-post-thumbnail","6":"product_cat-uncategorized","7":"pa_color-black-de","8":"pa_color-blue-de","9":"pa_color-green-de","10":"pa_color-orange-de","11":"pa_color-red-de","12":"pa_color-silver-de","13":"pa_manufacturer-frank-mxparts-de","15":"first","16":"outofstock","17":"taxable","18":"shipping-taxable","19":"purchasable","20":"product-type-variable"},"acf":[],"yoast_head":"<!-- This site is optimized with the Yoast SEO plugin v27.3 - https:\/\/yoast.com\/product\/yoast-seo-wordpress\/ -->\n<title>Luftfilter Adapter Jetting Kit Keihin FCR MX Vergaser Suzuki DRZ 400 DR-Z400 - Frank! MXParts<\/title>\n<meta name=\"robots\" content=\"noindex, follow, max-snippet:-1, max-image-preview:large, max-video-preview:-1\" \/>\n<meta property=\"og:locale\" content=\"de_DE\" \/>\n<meta property=\"og:type\" content=\"article\" \/>\n<meta property=\"og:title\" content=\"Luftfilter Adapter Jetting Kit Keihin FCR MX Vergaser Suzuki DRZ 400 DR-Z400 - Frank! MXParts\" \/>\n<meta property=\"og:description\" content=\"Einpress-Luftfilteradapter&nbsp;\/ Jetting&nbsp;Kit f\u00fcr Keihin FCR MX Vergaser. Wenn Sie einen Keihin FCR MX Vergaser mit festem (nicht abnehmbarem) Einlassadapter gekauft haben und ihn an Ihrem DR-Z400 (S\/M) montieren m\u00f6chten, ist dies das Adapterkit, das Sie ben\u00f6tigen. Hochwertiger Adapter, CNC gefertigt nach den h\u00f6chsten Spezifikationen, bietet eine perfekte Passform. Der Adapter verf\u00fcgt \u00fcber einen integrierten Ansaugtrichter, [&hellip;]\" \/>\n<meta property=\"og:url\" content=\"https:\/\/www.frankmxparts.com.iclicksapp.nl\/de\/airbox-intake-adapter-jetting-kit-keihin-fcr-mx-carburetor-suzuki-drz-400-dr-z400-upgrade\" \/>\n<meta property=\"og:site_name\" content=\"Frank! MXParts\" \/>\n<meta property=\"article:modified_time\" content=\"2024-11-28T09:45:23+00:00\" \/>\n<meta property=\"og:image\" content=\"https:\/\/www.frankmxparts.com.iclicksapp.nl\/wp-content\/uploads\/2024\/11\/airbox-intake-adapter-jetting-kit-Keihin-FCR-MX-carburetor-Suzuki-DRZ-400-DR-Z400-upgrade-frank-mxparts-01.jpg\" \/>\n\t<meta property=\"og:image:width\" content=\"750\" \/>\n\t<meta property=\"og:image:height\" content=\"563\" \/>\n\t<meta property=\"og:image:type\" content=\"image\/jpeg\" \/>\n<meta name=\"twitter:card\" content=\"summary_large_image\" \/>\n<meta name=\"twitter:label1\" content=\"Gesch\u00e4tzte Lesezeit\" \/>\n\t<meta name=\"twitter:data1\" content=\"1\u00a0Minute\" \/>\n<script type=\"application\/ld+json\" class=\"yoast-schema-graph\">{\"@context\":\"https:\\\/\\\/schema.org\",\"@graph\":[{\"@type\":\"WebPage\",\"@id\":\"https:\\\/\\\/www.frankmxparts.com.iclicksapp.nl\\\/de\\\/airbox-intake-adapter-jetting-kit-keihin-fcr-mx-carburetor-suzuki-drz-400-dr-z400-upgrade\",\"url\":\"https:\\\/\\\/www.frankmxparts.com.iclicksapp.nl\\\/de\\\/airbox-intake-adapter-jetting-kit-keihin-fcr-mx-carburetor-suzuki-drz-400-dr-z400-upgrade\",\"name\":\"Luftfilter Adapter Jetting Kit Keihin FCR MX Vergaser Suzuki DRZ 400 DR-Z400 - Frank! MXParts\",\"isPartOf\":{\"@id\":\"https:\\\/\\\/www.frankmxparts.com.iclicksapp.nl\\\/de\\\/#website\"},\"primaryImageOfPage\":{\"@id\":\"https:\\\/\\\/www.frankmxparts.com.iclicksapp.nl\\\/de\\\/airbox-intake-adapter-jetting-kit-keihin-fcr-mx-carburetor-suzuki-drz-400-dr-z400-upgrade#primaryimage\"},\"image\":{\"@id\":\"https:\\\/\\\/www.frankmxparts.com.iclicksapp.nl\\\/de\\\/airbox-intake-adapter-jetting-kit-keihin-fcr-mx-carburetor-suzuki-drz-400-dr-z400-upgrade#primaryimage\"},\"thumbnailUrl\":\"https:\\\/\\\/www.frankmxparts.com.iclicksapp.nl\\\/wp-content\\\/uploads\\\/2024\\\/11\\\/airbox-intake-adapter-jetting-kit-Keihin-FCR-MX-carburetor-Suzuki-DRZ-400-DR-Z400-upgrade-frank-mxparts-01.jpg\",\"datePublished\":\"2024-11-19T21:36:23+00:00\",\"dateModified\":\"2024-11-28T09:45:23+00:00\",\"breadcrumb\":{\"@id\":\"https:\\\/\\\/www.frankmxparts.com.iclicksapp.nl\\\/de\\\/airbox-intake-adapter-jetting-kit-keihin-fcr-mx-carburetor-suzuki-drz-400-dr-z400-upgrade#breadcrumb\"},\"inLanguage\":\"de\",\"potentialAction\":[{\"@type\":\"ReadAction\",\"target\":[\"https:\\\/\\\/www.frankmxparts.com.iclicksapp.nl\\\/de\\\/airbox-intake-adapter-jetting-kit-keihin-fcr-mx-carburetor-suzuki-drz-400-dr-z400-upgrade\"]}]},{\"@type\":\"ImageObject\",\"inLanguage\":\"de\",\"@id\":\"https:\\\/\\\/www.frankmxparts.com.iclicksapp.nl\\\/de\\\/airbox-intake-adapter-jetting-kit-keihin-fcr-mx-carburetor-suzuki-drz-400-dr-z400-upgrade#primaryimage\",\"url\":\"https:\\\/\\\/www.frankmxparts.com.iclicksapp.nl\\\/wp-content\\\/uploads\\\/2024\\\/11\\\/airbox-intake-adapter-jetting-kit-Keihin-FCR-MX-carburetor-Suzuki-DRZ-400-DR-Z400-upgrade-frank-mxparts-01.jpg\",\"contentUrl\":\"https:\\\/\\\/www.frankmxparts.com.iclicksapp.nl\\\/wp-content\\\/uploads\\\/2024\\\/11\\\/airbox-intake-adapter-jetting-kit-Keihin-FCR-MX-carburetor-Suzuki-DRZ-400-DR-Z400-upgrade-frank-mxparts-01.jpg\",\"width\":750,\"height\":563},{\"@type\":\"BreadcrumbList\",\"@id\":\"https:\\\/\\\/www.frankmxparts.com.iclicksapp.nl\\\/de\\\/airbox-intake-adapter-jetting-kit-keihin-fcr-mx-carburetor-suzuki-drz-400-dr-z400-upgrade#breadcrumb\",\"itemListElement\":[{\"@type\":\"ListItem\",\"position\":1,\"name\":\"Home\",\"item\":\"https:\\\/\\\/www.frankmxparts.com.iclicksapp.nl\\\/de\"},{\"@type\":\"ListItem\",\"position\":2,\"name\":\"Shop\",\"item\":\"https:\\\/\\\/www.frankmxparts.com.iclicksapp.nl\\\/winkel\"},{\"@type\":\"ListItem\",\"position\":3,\"name\":\"Luftfilter Adapter Jetting Kit Keihin FCR MX Vergaser Suzuki DRZ 400 DR-Z400\"}]},{\"@type\":\"WebSite\",\"@id\":\"https:\\\/\\\/www.frankmxparts.com.iclicksapp.nl\\\/de\\\/#website\",\"url\":\"https:\\\/\\\/www.frankmxparts.com.iclicksapp.nl\\\/de\\\/\",\"name\":\"Frank! MXParts\",\"description\":\"\",\"publisher\":{\"@id\":\"https:\\\/\\\/www.frankmxparts.com.iclicksapp.nl\\\/de\\\/#organization\"},\"potentialAction\":[{\"@type\":\"SearchAction\",\"target\":{\"@type\":\"EntryPoint\",\"urlTemplate\":\"https:\\\/\\\/www.frankmxparts.com.iclicksapp.nl\\\/de\\\/?s={search_term_string}\"},\"query-input\":{\"@type\":\"PropertyValueSpecification\",\"valueRequired\":true,\"valueName\":\"search_term_string\"}}],\"inLanguage\":\"de\"},{\"@type\":\"Organization\",\"@id\":\"https:\\\/\\\/www.frankmxparts.com.iclicksapp.nl\\\/de\\\/#organization\",\"name\":\"Frank! MXParts\",\"url\":\"https:\\\/\\\/www.frankmxparts.com.iclicksapp.nl\\\/de\\\/\",\"logo\":{\"@type\":\"ImageObject\",\"inLanguage\":\"de\",\"@id\":\"https:\\\/\\\/www.frankmxparts.com.iclicksapp.nl\\\/de\\\/#\\\/schema\\\/logo\\\/image\\\/\",\"url\":\"https:\\\/\\\/www.frankmxparts.com.iclicksapp.nl\\\/wp-content\\\/uploads\\\/2024\\\/01\\\/frank-mxparts-logo.svg\",\"contentUrl\":\"https:\\\/\\\/www.frankmxparts.com.iclicksapp.nl\\\/wp-content\\\/uploads\\\/2024\\\/01\\\/frank-mxparts-logo.svg\",\"width\":301,\"height\":88,\"caption\":\"Frank! MXParts\"},\"image\":{\"@id\":\"https:\\\/\\\/www.frankmxparts.com.iclicksapp.nl\\\/de\\\/#\\\/schema\\\/logo\\\/image\\\/\"}}]}<\/script>\n<!-- \/ Yoast SEO plugin. -->","yoast_head_json":{"title":"Luftfilter Adapter Jetting Kit Keihin FCR MX Vergaser Suzuki DRZ 400 DR-Z400 - Frank! MXParts","robots":{"index":"noindex","follow":"follow","max-snippet":"max-snippet:-1","max-image-preview":"max-image-preview:large","max-video-preview":"max-video-preview:-1"},"og_locale":"de_DE","og_type":"article","og_title":"Luftfilter Adapter Jetting Kit Keihin FCR MX Vergaser Suzuki DRZ 400 DR-Z400 - Frank! MXParts","og_description":"Einpress-Luftfilteradapter&nbsp;\/ Jetting&nbsp;Kit f\u00fcr Keihin FCR MX Vergaser. Wenn Sie einen Keihin FCR MX Vergaser mit festem (nicht abnehmbarem) Einlassadapter gekauft haben und ihn an Ihrem DR-Z400 (S\/M) montieren m\u00f6chten, ist dies das Adapterkit, das Sie ben\u00f6tigen. Hochwertiger Adapter, CNC gefertigt nach den h\u00f6chsten Spezifikationen, bietet eine perfekte Passform. Der Adapter verf\u00fcgt \u00fcber einen integrierten Ansaugtrichter, [&hellip;]","og_url":"https:\/\/www.frankmxparts.com.iclicksapp.nl\/de\/airbox-intake-adapter-jetting-kit-keihin-fcr-mx-carburetor-suzuki-drz-400-dr-z400-upgrade","og_site_name":"Frank! MXParts","article_modified_time":"2024-11-28T09:45:23+00:00","og_image":[{"width":750,"height":563,"url":"https:\/\/www.frankmxparts.com.iclicksapp.nl\/wp-content\/uploads\/2024\/11\/airbox-intake-adapter-jetting-kit-Keihin-FCR-MX-carburetor-Suzuki-DRZ-400-DR-Z400-upgrade-frank-mxparts-01.jpg","type":"image\/jpeg"}],"twitter_card":"summary_large_image","twitter_misc":{"Gesch\u00e4tzte Lesezeit":"1\u00a0Minute"},"schema":{"@context":"https:\/\/schema.org","@graph":[{"@type":"WebPage","@id":"https:\/\/www.frankmxparts.com.iclicksapp.nl\/de\/airbox-intake-adapter-jetting-kit-keihin-fcr-mx-carburetor-suzuki-drz-400-dr-z400-upgrade","url":"https:\/\/www.frankmxparts.com.iclicksapp.nl\/de\/airbox-intake-adapter-jetting-kit-keihin-fcr-mx-carburetor-suzuki-drz-400-dr-z400-upgrade","name":"Luftfilter Adapter Jetting Kit Keihin FCR MX Vergaser Suzuki DRZ 400 DR-Z400 - Frank! MXParts","isPartOf":{"@id":"https:\/\/www.frankmxparts.com.iclicksapp.nl\/de\/#website"},"primaryImageOfPage":{"@id":"https:\/\/www.frankmxparts.com.iclicksapp.nl\/de\/airbox-intake-adapter-jetting-kit-keihin-fcr-mx-carburetor-suzuki-drz-400-dr-z400-upgrade#primaryimage"},"image":{"@id":"https:\/\/www.frankmxparts.com.iclicksapp.nl\/de\/airbox-intake-adapter-jetting-kit-keihin-fcr-mx-carburetor-suzuki-drz-400-dr-z400-upgrade#primaryimage"},"thumbnailUrl":"https:\/\/www.frankmxparts.com.iclicksapp.nl\/wp-content\/uploads\/2024\/11\/airbox-intake-adapter-jetting-kit-Keihin-FCR-MX-carburetor-Suzuki-DRZ-400-DR-Z400-upgrade-frank-mxparts-01.jpg","datePublished":"2024-11-19T21:36:23+00:00","dateModified":"2024-11-28T09:45:23+00:00","breadcrumb":{"@id":"https:\/\/www.frankmxparts.com.iclicksapp.nl\/de\/airbox-intake-adapter-jetting-kit-keihin-fcr-mx-carburetor-suzuki-drz-400-dr-z400-upgrade#breadcrumb"},"inLanguage":"de","potentialAction":[{"@type":"ReadAction","target":["https:\/\/www.frankmxparts.com.iclicksapp.nl\/de\/airbox-intake-adapter-jetting-kit-keihin-fcr-mx-carburetor-suzuki-drz-400-dr-z400-upgrade"]}]},{"@type":"ImageObject","inLanguage":"de","@id":"https:\/\/www.frankmxparts.com.iclicksapp.nl\/de\/airbox-intake-adapter-jetting-kit-keihin-fcr-mx-carburetor-suzuki-drz-400-dr-z400-upgrade#primaryimage","url":"https:\/\/www.frankmxparts.com.iclicksapp.nl\/wp-content\/uploads\/2024\/11\/airbox-intake-adapter-jetting-kit-Keihin-FCR-MX-carburetor-Suzuki-DRZ-400-DR-Z400-upgrade-frank-mxparts-01.jpg","contentUrl":"https:\/\/www.frankmxparts.com.iclicksapp.nl\/wp-content\/uploads\/2024\/11\/airbox-intake-adapter-jetting-kit-Keihin-FCR-MX-carburetor-Suzuki-DRZ-400-DR-Z400-upgrade-frank-mxparts-01.jpg","width":750,"height":563},{"@type":"BreadcrumbList","@id":"https:\/\/www.frankmxparts.com.iclicksapp.nl\/de\/airbox-intake-adapter-jetting-kit-keihin-fcr-mx-carburetor-suzuki-drz-400-dr-z400-upgrade#breadcrumb","itemListElement":[{"@type":"ListItem","position":1,"name":"Home","item":"https:\/\/www.frankmxparts.com.iclicksapp.nl\/de"},{"@type":"ListItem","position":2,"name":"Shop","item":"https:\/\/www.frankmxparts.com.iclicksapp.nl\/winkel"},{"@type":"ListItem","position":3,"name":"Luftfilter Adapter Jetting Kit Keihin FCR MX Vergaser Suzuki DRZ 400 DR-Z400"}]},{"@type":"WebSite","@id":"https:\/\/www.frankmxparts.com.iclicksapp.nl\/de\/#website","url":"https:\/\/www.frankmxparts.com.iclicksapp.nl\/de\/","name":"Frank! MXParts","description":"","publisher":{"@id":"https:\/\/www.frankmxparts.com.iclicksapp.nl\/de\/#organization"},"potentialAction":[{"@type":"SearchAction","target":{"@type":"EntryPoint","urlTemplate":"https:\/\/www.frankmxparts.com.iclicksapp.nl\/de\/?s={search_term_string}"},"query-input":{"@type":"PropertyValueSpecification","valueRequired":true,"valueName":"search_term_string"}}],"inLanguage":"de"},{"@type":"Organization","@id":"https:\/\/www.frankmxparts.com.iclicksapp.nl\/de\/#organization","name":"Frank! MXParts","url":"https:\/\/www.frankmxparts.com.iclicksapp.nl\/de\/","logo":{"@type":"ImageObject","inLanguage":"de","@id":"https:\/\/www.frankmxparts.com.iclicksapp.nl\/de\/#\/schema\/logo\/image\/","url":"https:\/\/www.frankmxparts.com.iclicksapp.nl\/wp-content\/uploads\/2024\/01\/frank-mxparts-logo.svg","contentUrl":"https:\/\/www.frankmxparts.com.iclicksapp.nl\/wp-content\/uploads\/2024\/01\/frank-mxparts-logo.svg","width":301,"height":88,"caption":"Frank! MXParts"},"image":{"@id":"https:\/\/www.frankmxparts.com.iclicksapp.nl\/de\/#\/schema\/logo\/image\/"}}]}},"_links":{"self":[{"href":"https:\/\/www.frankmxparts.com.iclicksapp.nl\/de\/wp-json\/wp\/v2\/product\/214656","targetHints":{"allow":["GET"]}}],"collection":[{"href":"https:\/\/www.frankmxparts.com.iclicksapp.nl\/de\/wp-json\/wp\/v2\/product"}],"about":[{"href":"https:\/\/www.frankmxparts.com.iclicksapp.nl\/de\/wp-json\/wp\/v2\/types\/product"}],"replies":[{"embeddable":true,"href":"https:\/\/www.frankmxparts.com.iclicksapp.nl\/de\/wp-json\/wp\/v2\/comments?post=214656"}],"wp:featuredmedia":[{"embeddable":true,"href":"https:\/\/www.frankmxparts.com.iclicksapp.nl\/de\/wp-json\/wp\/v2\/media\/203847"}],"wp:attachment":[{"href":"https:\/\/www.frankmxparts.com.iclicksapp.nl\/de\/wp-json\/wp\/v2\/media?parent=214656"}],"wp:term":[{"taxonomy":"product_brand","embeddable":true,"href":"https:\/\/www.frankmxparts.com.iclicksapp.nl\/de\/wp-json\/wp\/v2\/product_brand?post=214656"},{"taxonomy":"product_cat","embeddable":true,"href":"https:\/\/www.frankmxparts.com.iclicksapp.nl\/de\/wp-json\/wp\/v2\/product_cat?post=214656"},{"taxonomy":"product_tag","embeddable":true,"href":"https:\/\/www.frankmxparts.com.iclicksapp.nl\/de\/wp-json\/wp\/v2\/product_tag?post=214656"}],"curies":[{"name":"wp","href":"https:\/\/api.w.org\/{rel}","templated":true}]}}