{"id":214662,"date":"2024-11-19T22:36:23","date_gmt":"2024-11-19T21:36:23","guid":{"rendered":"https:\/\/www.frankmxparts.com.iclicksapp.nl\/product\/short-body-keihin-pwk-38-airstriker-carburetor-with-tps-and-powerjet-01"},"modified":"2024-11-21T12:04:18","modified_gmt":"2024-11-21T10:04:18","slug":"short-body-keihin-pwk-38-airstriker-carburetor-with-tps-and-powerjet-01","status":"publish","type":"product","link":"https:\/\/www.frankmxparts.com.iclicksapp.nl\/de\/short-body-keihin-pwk-38-airstriker-carburetor-with-tps-and-powerjet-01","title":{"rendered":"Short Body Keihin PWK 38 AirStriker Vergaser mit TPS und Powerjet"},"content":{"rendered":"<p>\n<span style=\"color:black;\"><strong>Short body Keihin PWK 38 AirStriker Vergaser<\/strong>.<\/span><\/p>\n<p>In sehr gutem Zustand, mit normale Gebrauchsspuren. Wurde vollst\u00e4ndig zerlegt, inspiziert, Ultraschall gereinigt und wieder aufgebaut. Alle (!) Dichtungen und Verschlei\u00dfteile w\u00fcrden erneurt.<\/p>\n<p><strong><span style=\"color:black;\">Details<\/span><\/strong>:<\/p>\n<ul>\n<li>Keihin PWK 38 quad vent AirStriker Vergaser<\/li>\n<li>mit TPS (Throttle Position Sensor; Drosselklappensensor)<\/li>\n<li>mit Powerjet.<\/li>\n<\/ul>\n<p><strong><span style=\"color:black;\">Abmessungen<\/span><\/strong>:<\/p>\n<ul>\n<li>Aussendurchmesser Zylinder-Seite: 46mm.<\/li>\n<li>Aussendurchmesser Luftfilter-Seite: 62mm.<\/li>\n<li>Gesamtl\u00e4nge: 75mm.<\/li>\n<\/ul>\n<p>\nKomplett wie abgebildet.<br \/>\nReady to race&#8230;<\/p>\n<p>\n&nbsp;<\/p>\n","protected":false},"excerpt":{"rendered":"<p>Short body Keihin PWK 38 AirStriker Vergaser. In sehr gutem Zustand, mit normale Gebrauchsspuren. Wurde vollst\u00e4ndig zerlegt, inspiziert, Ultraschall gereinigt und wieder aufgebaut. Alle (!) Dichtungen und Verschlei\u00dfteile w\u00fcrden erneurt. Details: Keihin PWK 38 quad vent AirStriker Vergaser mit TPS (Throttle Position Sensor; Drosselklappensensor) mit Powerjet. Abmessungen: Aussendurchmesser Zylinder-Seite: 46mm. Aussendurchmesser Luftfilter-Seite: 62mm. Gesamtl\u00e4nge: 75mm. [&hellip;]<\/p>\n","protected":false},"featured_media":203943,"comment_status":"closed","ping_status":"closed","template":"","meta":{"_acf_changed":false},"product_brand":[],"product_cat":[9441],"product_tag":[],"class_list":{"0":"post-214662","1":"product","2":"type-product","3":"status-publish","4":"has-post-thumbnail","6":"product_cat-uncategorized","7":"pa_manufacturer-keihin-de","9":"first","10":"outofstock","11":"taxable","12":"shipping-taxable","13":"purchasable","14":"product-type-simple"},"acf":[],"yoast_head":"<!-- This site is optimized with the Yoast SEO plugin v27.3 - https:\/\/yoast.com\/product\/yoast-seo-wordpress\/ -->\n<title>Short Body Keihin PWK 38 AirStriker Vergaser mit TPS und Powerjet - Frank! MXParts<\/title>\n<meta name=\"robots\" content=\"noindex, follow, max-snippet:-1, max-image-preview:large, max-video-preview:-1\" \/>\n<meta property=\"og:locale\" content=\"de_DE\" \/>\n<meta property=\"og:type\" content=\"article\" \/>\n<meta property=\"og:title\" content=\"Short Body Keihin PWK 38 AirStriker Vergaser mit TPS und Powerjet - Frank! MXParts\" \/>\n<meta property=\"og:description\" content=\"Short body Keihin PWK 38 AirStriker Vergaser. In sehr gutem Zustand, mit normale Gebrauchsspuren. Wurde vollst\u00e4ndig zerlegt, inspiziert, Ultraschall gereinigt und wieder aufgebaut. Alle (!) Dichtungen und Verschlei\u00dfteile w\u00fcrden erneurt. Details: Keihin PWK 38 quad vent AirStriker Vergaser mit TPS (Throttle Position Sensor; Drosselklappensensor) mit Powerjet. Abmessungen: Aussendurchmesser Zylinder-Seite: 46mm. Aussendurchmesser Luftfilter-Seite: 62mm. Gesamtl\u00e4nge: 75mm. [&hellip;]\" \/>\n<meta property=\"og:url\" content=\"https:\/\/www.frankmxparts.com.iclicksapp.nl\/de\/short-body-keihin-pwk-38-airstriker-carburetor-with-tps-and-powerjet-01\" \/>\n<meta property=\"og:site_name\" content=\"Frank! MXParts\" \/>\n<meta property=\"article:modified_time\" content=\"2024-11-21T10:04:18+00:00\" \/>\n<meta property=\"og:image\" content=\"https:\/\/www.frankmxparts.com.iclicksapp.nl\/wp-content\/uploads\/2024\/11\/Short-body-Keihin-PWK-38-AirStriker-carburetor-with-TPS-and-powerjet-01-frank-mxparts-01.jpg\" \/>\n\t<meta property=\"og:image:width\" content=\"750\" \/>\n\t<meta property=\"og:image:height\" content=\"563\" \/>\n\t<meta property=\"og:image:type\" content=\"image\/jpeg\" \/>\n<meta name=\"twitter:card\" content=\"summary_large_image\" \/>\n<script type=\"application\/ld+json\" class=\"yoast-schema-graph\">{\"@context\":\"https:\\\/\\\/schema.org\",\"@graph\":[{\"@type\":\"WebPage\",\"@id\":\"https:\\\/\\\/www.frankmxparts.com.iclicksapp.nl\\\/de\\\/short-body-keihin-pwk-38-airstriker-carburetor-with-tps-and-powerjet-01\",\"url\":\"https:\\\/\\\/www.frankmxparts.com.iclicksapp.nl\\\/de\\\/short-body-keihin-pwk-38-airstriker-carburetor-with-tps-and-powerjet-01\",\"name\":\"Short Body Keihin PWK 38 AirStriker Vergaser mit TPS und Powerjet - Frank! MXParts\",\"isPartOf\":{\"@id\":\"https:\\\/\\\/www.frankmxparts.com.iclicksapp.nl\\\/de\\\/#website\"},\"primaryImageOfPage\":{\"@id\":\"https:\\\/\\\/www.frankmxparts.com.iclicksapp.nl\\\/de\\\/short-body-keihin-pwk-38-airstriker-carburetor-with-tps-and-powerjet-01#primaryimage\"},\"image\":{\"@id\":\"https:\\\/\\\/www.frankmxparts.com.iclicksapp.nl\\\/de\\\/short-body-keihin-pwk-38-airstriker-carburetor-with-tps-and-powerjet-01#primaryimage\"},\"thumbnailUrl\":\"https:\\\/\\\/www.frankmxparts.com.iclicksapp.nl\\\/wp-content\\\/uploads\\\/2024\\\/11\\\/Short-body-Keihin-PWK-38-AirStriker-carburetor-with-TPS-and-powerjet-01-frank-mxparts-01.jpg\",\"datePublished\":\"2024-11-19T21:36:23+00:00\",\"dateModified\":\"2024-11-21T10:04:18+00:00\",\"breadcrumb\":{\"@id\":\"https:\\\/\\\/www.frankmxparts.com.iclicksapp.nl\\\/de\\\/short-body-keihin-pwk-38-airstriker-carburetor-with-tps-and-powerjet-01#breadcrumb\"},\"inLanguage\":\"de\",\"potentialAction\":[{\"@type\":\"ReadAction\",\"target\":[\"https:\\\/\\\/www.frankmxparts.com.iclicksapp.nl\\\/de\\\/short-body-keihin-pwk-38-airstriker-carburetor-with-tps-and-powerjet-01\"]}]},{\"@type\":\"ImageObject\",\"inLanguage\":\"de\",\"@id\":\"https:\\\/\\\/www.frankmxparts.com.iclicksapp.nl\\\/de\\\/short-body-keihin-pwk-38-airstriker-carburetor-with-tps-and-powerjet-01#primaryimage\",\"url\":\"https:\\\/\\\/www.frankmxparts.com.iclicksapp.nl\\\/wp-content\\\/uploads\\\/2024\\\/11\\\/Short-body-Keihin-PWK-38-AirStriker-carburetor-with-TPS-and-powerjet-01-frank-mxparts-01.jpg\",\"contentUrl\":\"https:\\\/\\\/www.frankmxparts.com.iclicksapp.nl\\\/wp-content\\\/uploads\\\/2024\\\/11\\\/Short-body-Keihin-PWK-38-AirStriker-carburetor-with-TPS-and-powerjet-01-frank-mxparts-01.jpg\",\"width\":750,\"height\":563},{\"@type\":\"BreadcrumbList\",\"@id\":\"https:\\\/\\\/www.frankmxparts.com.iclicksapp.nl\\\/de\\\/short-body-keihin-pwk-38-airstriker-carburetor-with-tps-and-powerjet-01#breadcrumb\",\"itemListElement\":[{\"@type\":\"ListItem\",\"position\":1,\"name\":\"Home\",\"item\":\"https:\\\/\\\/www.frankmxparts.com.iclicksapp.nl\\\/de\"},{\"@type\":\"ListItem\",\"position\":2,\"name\":\"Shop\",\"item\":\"https:\\\/\\\/www.frankmxparts.com.iclicksapp.nl\\\/winkel\"},{\"@type\":\"ListItem\",\"position\":3,\"name\":\"Short Body Keihin PWK 38 AirStriker Vergaser mit TPS und Powerjet\"}]},{\"@type\":\"WebSite\",\"@id\":\"https:\\\/\\\/www.frankmxparts.com.iclicksapp.nl\\\/de\\\/#website\",\"url\":\"https:\\\/\\\/www.frankmxparts.com.iclicksapp.nl\\\/de\\\/\",\"name\":\"Frank! MXParts\",\"description\":\"\",\"publisher\":{\"@id\":\"https:\\\/\\\/www.frankmxparts.com.iclicksapp.nl\\\/de\\\/#organization\"},\"potentialAction\":[{\"@type\":\"SearchAction\",\"target\":{\"@type\":\"EntryPoint\",\"urlTemplate\":\"https:\\\/\\\/www.frankmxparts.com.iclicksapp.nl\\\/de\\\/?s={search_term_string}\"},\"query-input\":{\"@type\":\"PropertyValueSpecification\",\"valueRequired\":true,\"valueName\":\"search_term_string\"}}],\"inLanguage\":\"de\"},{\"@type\":\"Organization\",\"@id\":\"https:\\\/\\\/www.frankmxparts.com.iclicksapp.nl\\\/de\\\/#organization\",\"name\":\"Frank! MXParts\",\"url\":\"https:\\\/\\\/www.frankmxparts.com.iclicksapp.nl\\\/de\\\/\",\"logo\":{\"@type\":\"ImageObject\",\"inLanguage\":\"de\",\"@id\":\"https:\\\/\\\/www.frankmxparts.com.iclicksapp.nl\\\/de\\\/#\\\/schema\\\/logo\\\/image\\\/\",\"url\":\"https:\\\/\\\/www.frankmxparts.com.iclicksapp.nl\\\/wp-content\\\/uploads\\\/2024\\\/01\\\/frank-mxparts-logo.svg\",\"contentUrl\":\"https:\\\/\\\/www.frankmxparts.com.iclicksapp.nl\\\/wp-content\\\/uploads\\\/2024\\\/01\\\/frank-mxparts-logo.svg\",\"width\":301,\"height\":88,\"caption\":\"Frank! MXParts\"},\"image\":{\"@id\":\"https:\\\/\\\/www.frankmxparts.com.iclicksapp.nl\\\/de\\\/#\\\/schema\\\/logo\\\/image\\\/\"}}]}<\/script>\n<!-- \/ Yoast SEO plugin. -->","yoast_head_json":{"title":"Short Body Keihin PWK 38 AirStriker Vergaser mit TPS und Powerjet - Frank! MXParts","robots":{"index":"noindex","follow":"follow","max-snippet":"max-snippet:-1","max-image-preview":"max-image-preview:large","max-video-preview":"max-video-preview:-1"},"og_locale":"de_DE","og_type":"article","og_title":"Short Body Keihin PWK 38 AirStriker Vergaser mit TPS und Powerjet - Frank! MXParts","og_description":"Short body Keihin PWK 38 AirStriker Vergaser. In sehr gutem Zustand, mit normale Gebrauchsspuren. Wurde vollst\u00e4ndig zerlegt, inspiziert, Ultraschall gereinigt und wieder aufgebaut. Alle (!) Dichtungen und Verschlei\u00dfteile w\u00fcrden erneurt. Details: Keihin PWK 38 quad vent AirStriker Vergaser mit TPS (Throttle Position Sensor; Drosselklappensensor) mit Powerjet. Abmessungen: Aussendurchmesser Zylinder-Seite: 46mm. Aussendurchmesser Luftfilter-Seite: 62mm. Gesamtl\u00e4nge: 75mm. [&hellip;]","og_url":"https:\/\/www.frankmxparts.com.iclicksapp.nl\/de\/short-body-keihin-pwk-38-airstriker-carburetor-with-tps-and-powerjet-01","og_site_name":"Frank! MXParts","article_modified_time":"2024-11-21T10:04:18+00:00","og_image":[{"width":750,"height":563,"url":"https:\/\/www.frankmxparts.com.iclicksapp.nl\/wp-content\/uploads\/2024\/11\/Short-body-Keihin-PWK-38-AirStriker-carburetor-with-TPS-and-powerjet-01-frank-mxparts-01.jpg","type":"image\/jpeg"}],"twitter_card":"summary_large_image","schema":{"@context":"https:\/\/schema.org","@graph":[{"@type":"WebPage","@id":"https:\/\/www.frankmxparts.com.iclicksapp.nl\/de\/short-body-keihin-pwk-38-airstriker-carburetor-with-tps-and-powerjet-01","url":"https:\/\/www.frankmxparts.com.iclicksapp.nl\/de\/short-body-keihin-pwk-38-airstriker-carburetor-with-tps-and-powerjet-01","name":"Short Body Keihin PWK 38 AirStriker Vergaser mit TPS und Powerjet - Frank! MXParts","isPartOf":{"@id":"https:\/\/www.frankmxparts.com.iclicksapp.nl\/de\/#website"},"primaryImageOfPage":{"@id":"https:\/\/www.frankmxparts.com.iclicksapp.nl\/de\/short-body-keihin-pwk-38-airstriker-carburetor-with-tps-and-powerjet-01#primaryimage"},"image":{"@id":"https:\/\/www.frankmxparts.com.iclicksapp.nl\/de\/short-body-keihin-pwk-38-airstriker-carburetor-with-tps-and-powerjet-01#primaryimage"},"thumbnailUrl":"https:\/\/www.frankmxparts.com.iclicksapp.nl\/wp-content\/uploads\/2024\/11\/Short-body-Keihin-PWK-38-AirStriker-carburetor-with-TPS-and-powerjet-01-frank-mxparts-01.jpg","datePublished":"2024-11-19T21:36:23+00:00","dateModified":"2024-11-21T10:04:18+00:00","breadcrumb":{"@id":"https:\/\/www.frankmxparts.com.iclicksapp.nl\/de\/short-body-keihin-pwk-38-airstriker-carburetor-with-tps-and-powerjet-01#breadcrumb"},"inLanguage":"de","potentialAction":[{"@type":"ReadAction","target":["https:\/\/www.frankmxparts.com.iclicksapp.nl\/de\/short-body-keihin-pwk-38-airstriker-carburetor-with-tps-and-powerjet-01"]}]},{"@type":"ImageObject","inLanguage":"de","@id":"https:\/\/www.frankmxparts.com.iclicksapp.nl\/de\/short-body-keihin-pwk-38-airstriker-carburetor-with-tps-and-powerjet-01#primaryimage","url":"https:\/\/www.frankmxparts.com.iclicksapp.nl\/wp-content\/uploads\/2024\/11\/Short-body-Keihin-PWK-38-AirStriker-carburetor-with-TPS-and-powerjet-01-frank-mxparts-01.jpg","contentUrl":"https:\/\/www.frankmxparts.com.iclicksapp.nl\/wp-content\/uploads\/2024\/11\/Short-body-Keihin-PWK-38-AirStriker-carburetor-with-TPS-and-powerjet-01-frank-mxparts-01.jpg","width":750,"height":563},{"@type":"BreadcrumbList","@id":"https:\/\/www.frankmxparts.com.iclicksapp.nl\/de\/short-body-keihin-pwk-38-airstriker-carburetor-with-tps-and-powerjet-01#breadcrumb","itemListElement":[{"@type":"ListItem","position":1,"name":"Home","item":"https:\/\/www.frankmxparts.com.iclicksapp.nl\/de"},{"@type":"ListItem","position":2,"name":"Shop","item":"https:\/\/www.frankmxparts.com.iclicksapp.nl\/winkel"},{"@type":"ListItem","position":3,"name":"Short Body Keihin PWK 38 AirStriker Vergaser mit TPS und Powerjet"}]},{"@type":"WebSite","@id":"https:\/\/www.frankmxparts.com.iclicksapp.nl\/de\/#website","url":"https:\/\/www.frankmxparts.com.iclicksapp.nl\/de\/","name":"Frank! MXParts","description":"","publisher":{"@id":"https:\/\/www.frankmxparts.com.iclicksapp.nl\/de\/#organization"},"potentialAction":[{"@type":"SearchAction","target":{"@type":"EntryPoint","urlTemplate":"https:\/\/www.frankmxparts.com.iclicksapp.nl\/de\/?s={search_term_string}"},"query-input":{"@type":"PropertyValueSpecification","valueRequired":true,"valueName":"search_term_string"}}],"inLanguage":"de"},{"@type":"Organization","@id":"https:\/\/www.frankmxparts.com.iclicksapp.nl\/de\/#organization","name":"Frank! MXParts","url":"https:\/\/www.frankmxparts.com.iclicksapp.nl\/de\/","logo":{"@type":"ImageObject","inLanguage":"de","@id":"https:\/\/www.frankmxparts.com.iclicksapp.nl\/de\/#\/schema\/logo\/image\/","url":"https:\/\/www.frankmxparts.com.iclicksapp.nl\/wp-content\/uploads\/2024\/01\/frank-mxparts-logo.svg","contentUrl":"https:\/\/www.frankmxparts.com.iclicksapp.nl\/wp-content\/uploads\/2024\/01\/frank-mxparts-logo.svg","width":301,"height":88,"caption":"Frank! MXParts"},"image":{"@id":"https:\/\/www.frankmxparts.com.iclicksapp.nl\/de\/#\/schema\/logo\/image\/"}}]}},"_links":{"self":[{"href":"https:\/\/www.frankmxparts.com.iclicksapp.nl\/de\/wp-json\/wp\/v2\/product\/214662","targetHints":{"allow":["GET"]}}],"collection":[{"href":"https:\/\/www.frankmxparts.com.iclicksapp.nl\/de\/wp-json\/wp\/v2\/product"}],"about":[{"href":"https:\/\/www.frankmxparts.com.iclicksapp.nl\/de\/wp-json\/wp\/v2\/types\/product"}],"replies":[{"embeddable":true,"href":"https:\/\/www.frankmxparts.com.iclicksapp.nl\/de\/wp-json\/wp\/v2\/comments?post=214662"}],"wp:featuredmedia":[{"embeddable":true,"href":"https:\/\/www.frankmxparts.com.iclicksapp.nl\/de\/wp-json\/wp\/v2\/media\/203943"}],"wp:attachment":[{"href":"https:\/\/www.frankmxparts.com.iclicksapp.nl\/de\/wp-json\/wp\/v2\/media?parent=214662"}],"wp:term":[{"taxonomy":"product_brand","embeddable":true,"href":"https:\/\/www.frankmxparts.com.iclicksapp.nl\/de\/wp-json\/wp\/v2\/product_brand?post=214662"},{"taxonomy":"product_cat","embeddable":true,"href":"https:\/\/www.frankmxparts.com.iclicksapp.nl\/de\/wp-json\/wp\/v2\/product_cat?post=214662"},{"taxonomy":"product_tag","embeddable":true,"href":"https:\/\/www.frankmxparts.com.iclicksapp.nl\/de\/wp-json\/wp\/v2\/product_tag?post=214662"}],"curies":[{"name":"wp","href":"https:\/\/api.w.org\/{rel}","templated":true}]}}