{"id":214680,"date":"2024-11-19T22:37:33","date_gmt":"2024-11-19T21:37:33","guid":{"rendered":"https:\/\/www.frankmxparts.com.iclicksapp.nl\/product\/389-series-needle-jet-785-24001-mikuni-tm-32-34-36-38-carburetor"},"modified":"2024-11-28T11:53:18","modified_gmt":"2024-11-28T09:53:18","slug":"389-series-needle-jet-785-24001-mikuni-tm-32-34-36-38-carburetor","status":"publish","type":"product","link":"https:\/\/www.frankmxparts.com.iclicksapp.nl\/de\/389-series-needle-jet-785-24001-mikuni-tm-32-34-36-38-carburetor","title":{"rendered":"389 Serie Nadeld\u00fcse (785-24001) \/ Mikuni TM 32 34 36 38 Vergaser"},"content":{"rendered":"<p>\n<strong>389 Serie Nadeld\u00fcse f\u00fcr Mikuni TM Vergaser<\/strong>.<\/p>\n<p><strong>Original Mikuni<\/strong>, hochwertiges Teil.<br \/>\n<strong>Mikuni Artikelnummer<\/strong>: 785-24001.<\/p>\n<p><strong>Passend f\u00fcr<\/strong>:<\/p>\n<ul>\n<li>Mikuni TM32-1 Vergaser<\/li>\n<li>Mikuni TM34-2 Vergaser<\/li>\n<li>Mikuni TM36-2 Vergaser<\/li>\n<li>Mikuni TM38-85 Vergaser<\/li>\n<li>Mikuni TM38-86 carburetors.<\/li>\n<\/ul>\n<p>\n<strong>O-0 bis R-8<\/strong>: von magersten bis reichsten.<\/p>\n<p>\nKomplett wie abgebildet.<\/p>\n<p>\n&nbsp;<\/p>\n<p>&nbsp;<\/p>\n","protected":false},"excerpt":{"rendered":"<p>389 Serie Nadeld\u00fcse f\u00fcr Mikuni TM Vergaser. Original Mikuni, hochwertiges Teil. Mikuni Artikelnummer: 785-24001. Passend f\u00fcr: Mikuni TM32-1 Vergaser Mikuni TM34-2 Vergaser Mikuni TM36-2 Vergaser Mikuni TM38-85 Vergaser Mikuni TM38-86 carburetors. O-0 bis R-8: von magersten bis reichsten. Komplett wie abgebildet. &nbsp; &nbsp;<\/p>\n","protected":false},"featured_media":204087,"comment_status":"closed","ping_status":"closed","template":"","meta":{"_acf_changed":false},"product_brand":[],"product_cat":[9441],"product_tag":[],"class_list":{"0":"post-214680","1":"product","2":"type-product","3":"status-publish","4":"has-post-thumbnail","6":"product_cat-uncategorized","7":"pa_manufacturer-mikuni-de","8":"pa_n102221-jet-size-o-0-de","9":"pa_n102221-jet-size-o-2-de","10":"pa_n102221-jet-size-o-4-de","11":"pa_n102221-jet-size-o-6-de","12":"pa_n102221-jet-size-o-8-de","13":"pa_n102221-jet-size-p-0-de","14":"pa_n102221-jet-size-p-2-de","15":"pa_n102221-jet-size-p-4-de","16":"pa_n102221-jet-size-p-6-de","17":"pa_n102221-jet-size-p-8-de","18":"pa_n102221-jet-size-q-0-de","19":"pa_n102221-jet-size-q-2-de","20":"pa_n102221-jet-size-q-4-de","21":"pa_n102221-jet-size-q-6-de","22":"pa_n102221-jet-size-q-8-de","23":"pa_n102221-jet-size-r-0-de","24":"pa_n102221-jet-size-r-2-de","25":"pa_n102221-jet-size-r-4-de","26":"pa_n102221-jet-size-r-6-de","27":"pa_n102221-jet-size-r-8-de","29":"first","30":"instock","31":"taxable","32":"shipping-taxable","33":"purchasable","34":"product-type-variable"},"acf":[],"yoast_head":"<!-- This site is optimized with the Yoast SEO plugin v27.3 - https:\/\/yoast.com\/product\/yoast-seo-wordpress\/ -->\n<title>389 Serie Nadeld\u00fcse (785-24001) \/ Mikuni TM 32 34 36 38 Vergaser - Frank! MXParts<\/title>\n<meta name=\"robots\" content=\"noindex, follow, max-snippet:-1, max-image-preview:large, max-video-preview:-1\" \/>\n<meta property=\"og:locale\" content=\"de_DE\" \/>\n<meta property=\"og:type\" content=\"article\" \/>\n<meta property=\"og:title\" content=\"389 Serie Nadeld\u00fcse (785-24001) \/ Mikuni TM 32 34 36 38 Vergaser - Frank! MXParts\" \/>\n<meta property=\"og:description\" content=\"389 Serie Nadeld\u00fcse f\u00fcr Mikuni TM Vergaser. Original Mikuni, hochwertiges Teil. Mikuni Artikelnummer: 785-24001. Passend f\u00fcr: Mikuni TM32-1 Vergaser Mikuni TM34-2 Vergaser Mikuni TM36-2 Vergaser Mikuni TM38-85 Vergaser Mikuni TM38-86 carburetors. O-0 bis R-8: von magersten bis reichsten. Komplett wie abgebildet. &nbsp; &nbsp;\" \/>\n<meta property=\"og:url\" content=\"https:\/\/www.frankmxparts.com.iclicksapp.nl\/de\/389-series-needle-jet-785-24001-mikuni-tm-32-34-36-38-carburetor\" \/>\n<meta property=\"og:site_name\" content=\"Frank! MXParts\" \/>\n<meta property=\"article:modified_time\" content=\"2024-11-28T09:53:18+00:00\" \/>\n<meta property=\"og:image\" content=\"https:\/\/www.frankmxparts.com.iclicksapp.nl\/wp-content\/uploads\/2024\/11\/389-series-needle-jet-785-24001-Mikuni-TM-32-34-36-38-carburetor-frank-mxparts-01.jpg\" \/>\n\t<meta property=\"og:image:width\" content=\"750\" \/>\n\t<meta property=\"og:image:height\" content=\"563\" \/>\n\t<meta property=\"og:image:type\" content=\"image\/jpeg\" \/>\n<meta name=\"twitter:card\" content=\"summary_large_image\" \/>\n<script type=\"application\/ld+json\" class=\"yoast-schema-graph\">{\"@context\":\"https:\\\/\\\/schema.org\",\"@graph\":[{\"@type\":\"WebPage\",\"@id\":\"https:\\\/\\\/www.frankmxparts.com.iclicksapp.nl\\\/de\\\/389-series-needle-jet-785-24001-mikuni-tm-32-34-36-38-carburetor\",\"url\":\"https:\\\/\\\/www.frankmxparts.com.iclicksapp.nl\\\/de\\\/389-series-needle-jet-785-24001-mikuni-tm-32-34-36-38-carburetor\",\"name\":\"389 Serie Nadeld\u00fcse (785-24001) \\\/ Mikuni TM 32 34 36 38 Vergaser - Frank! MXParts\",\"isPartOf\":{\"@id\":\"https:\\\/\\\/www.frankmxparts.com.iclicksapp.nl\\\/de\\\/#website\"},\"primaryImageOfPage\":{\"@id\":\"https:\\\/\\\/www.frankmxparts.com.iclicksapp.nl\\\/de\\\/389-series-needle-jet-785-24001-mikuni-tm-32-34-36-38-carburetor#primaryimage\"},\"image\":{\"@id\":\"https:\\\/\\\/www.frankmxparts.com.iclicksapp.nl\\\/de\\\/389-series-needle-jet-785-24001-mikuni-tm-32-34-36-38-carburetor#primaryimage\"},\"thumbnailUrl\":\"https:\\\/\\\/www.frankmxparts.com.iclicksapp.nl\\\/wp-content\\\/uploads\\\/2024\\\/11\\\/389-series-needle-jet-785-24001-Mikuni-TM-32-34-36-38-carburetor-frank-mxparts-01.jpg\",\"datePublished\":\"2024-11-19T21:37:33+00:00\",\"dateModified\":\"2024-11-28T09:53:18+00:00\",\"breadcrumb\":{\"@id\":\"https:\\\/\\\/www.frankmxparts.com.iclicksapp.nl\\\/de\\\/389-series-needle-jet-785-24001-mikuni-tm-32-34-36-38-carburetor#breadcrumb\"},\"inLanguage\":\"de\",\"potentialAction\":[{\"@type\":\"ReadAction\",\"target\":[\"https:\\\/\\\/www.frankmxparts.com.iclicksapp.nl\\\/de\\\/389-series-needle-jet-785-24001-mikuni-tm-32-34-36-38-carburetor\"]}]},{\"@type\":\"ImageObject\",\"inLanguage\":\"de\",\"@id\":\"https:\\\/\\\/www.frankmxparts.com.iclicksapp.nl\\\/de\\\/389-series-needle-jet-785-24001-mikuni-tm-32-34-36-38-carburetor#primaryimage\",\"url\":\"https:\\\/\\\/www.frankmxparts.com.iclicksapp.nl\\\/wp-content\\\/uploads\\\/2024\\\/11\\\/389-series-needle-jet-785-24001-Mikuni-TM-32-34-36-38-carburetor-frank-mxparts-01.jpg\",\"contentUrl\":\"https:\\\/\\\/www.frankmxparts.com.iclicksapp.nl\\\/wp-content\\\/uploads\\\/2024\\\/11\\\/389-series-needle-jet-785-24001-Mikuni-TM-32-34-36-38-carburetor-frank-mxparts-01.jpg\",\"width\":750,\"height\":563},{\"@type\":\"BreadcrumbList\",\"@id\":\"https:\\\/\\\/www.frankmxparts.com.iclicksapp.nl\\\/de\\\/389-series-needle-jet-785-24001-mikuni-tm-32-34-36-38-carburetor#breadcrumb\",\"itemListElement\":[{\"@type\":\"ListItem\",\"position\":1,\"name\":\"Home\",\"item\":\"https:\\\/\\\/www.frankmxparts.com.iclicksapp.nl\\\/de\"},{\"@type\":\"ListItem\",\"position\":2,\"name\":\"Shop\",\"item\":\"https:\\\/\\\/www.frankmxparts.com.iclicksapp.nl\\\/winkel\"},{\"@type\":\"ListItem\",\"position\":3,\"name\":\"389 Serie Nadeld\u00fcse (785-24001) \\\/ Mikuni TM 32 34 36 38 Vergaser\"}]},{\"@type\":\"WebSite\",\"@id\":\"https:\\\/\\\/www.frankmxparts.com.iclicksapp.nl\\\/de\\\/#website\",\"url\":\"https:\\\/\\\/www.frankmxparts.com.iclicksapp.nl\\\/de\\\/\",\"name\":\"Frank! MXParts\",\"description\":\"\",\"publisher\":{\"@id\":\"https:\\\/\\\/www.frankmxparts.com.iclicksapp.nl\\\/de\\\/#organization\"},\"potentialAction\":[{\"@type\":\"SearchAction\",\"target\":{\"@type\":\"EntryPoint\",\"urlTemplate\":\"https:\\\/\\\/www.frankmxparts.com.iclicksapp.nl\\\/de\\\/?s={search_term_string}\"},\"query-input\":{\"@type\":\"PropertyValueSpecification\",\"valueRequired\":true,\"valueName\":\"search_term_string\"}}],\"inLanguage\":\"de\"},{\"@type\":\"Organization\",\"@id\":\"https:\\\/\\\/www.frankmxparts.com.iclicksapp.nl\\\/de\\\/#organization\",\"name\":\"Frank! MXParts\",\"url\":\"https:\\\/\\\/www.frankmxparts.com.iclicksapp.nl\\\/de\\\/\",\"logo\":{\"@type\":\"ImageObject\",\"inLanguage\":\"de\",\"@id\":\"https:\\\/\\\/www.frankmxparts.com.iclicksapp.nl\\\/de\\\/#\\\/schema\\\/logo\\\/image\\\/\",\"url\":\"https:\\\/\\\/www.frankmxparts.com.iclicksapp.nl\\\/wp-content\\\/uploads\\\/2024\\\/01\\\/frank-mxparts-logo.svg\",\"contentUrl\":\"https:\\\/\\\/www.frankmxparts.com.iclicksapp.nl\\\/wp-content\\\/uploads\\\/2024\\\/01\\\/frank-mxparts-logo.svg\",\"width\":301,\"height\":88,\"caption\":\"Frank! MXParts\"},\"image\":{\"@id\":\"https:\\\/\\\/www.frankmxparts.com.iclicksapp.nl\\\/de\\\/#\\\/schema\\\/logo\\\/image\\\/\"}}]}<\/script>\n<!-- \/ Yoast SEO plugin. -->","yoast_head_json":{"title":"389 Serie Nadeld\u00fcse (785-24001) \/ Mikuni TM 32 34 36 38 Vergaser - Frank! MXParts","robots":{"index":"noindex","follow":"follow","max-snippet":"max-snippet:-1","max-image-preview":"max-image-preview:large","max-video-preview":"max-video-preview:-1"},"og_locale":"de_DE","og_type":"article","og_title":"389 Serie Nadeld\u00fcse (785-24001) \/ Mikuni TM 32 34 36 38 Vergaser - Frank! MXParts","og_description":"389 Serie Nadeld\u00fcse f\u00fcr Mikuni TM Vergaser. Original Mikuni, hochwertiges Teil. Mikuni Artikelnummer: 785-24001. Passend f\u00fcr: Mikuni TM32-1 Vergaser Mikuni TM34-2 Vergaser Mikuni TM36-2 Vergaser Mikuni TM38-85 Vergaser Mikuni TM38-86 carburetors. O-0 bis R-8: von magersten bis reichsten. Komplett wie abgebildet. &nbsp; &nbsp;","og_url":"https:\/\/www.frankmxparts.com.iclicksapp.nl\/de\/389-series-needle-jet-785-24001-mikuni-tm-32-34-36-38-carburetor","og_site_name":"Frank! MXParts","article_modified_time":"2024-11-28T09:53:18+00:00","og_image":[{"width":750,"height":563,"url":"https:\/\/www.frankmxparts.com.iclicksapp.nl\/wp-content\/uploads\/2024\/11\/389-series-needle-jet-785-24001-Mikuni-TM-32-34-36-38-carburetor-frank-mxparts-01.jpg","type":"image\/jpeg"}],"twitter_card":"summary_large_image","schema":{"@context":"https:\/\/schema.org","@graph":[{"@type":"WebPage","@id":"https:\/\/www.frankmxparts.com.iclicksapp.nl\/de\/389-series-needle-jet-785-24001-mikuni-tm-32-34-36-38-carburetor","url":"https:\/\/www.frankmxparts.com.iclicksapp.nl\/de\/389-series-needle-jet-785-24001-mikuni-tm-32-34-36-38-carburetor","name":"389 Serie Nadeld\u00fcse (785-24001) \/ Mikuni TM 32 34 36 38 Vergaser - Frank! MXParts","isPartOf":{"@id":"https:\/\/www.frankmxparts.com.iclicksapp.nl\/de\/#website"},"primaryImageOfPage":{"@id":"https:\/\/www.frankmxparts.com.iclicksapp.nl\/de\/389-series-needle-jet-785-24001-mikuni-tm-32-34-36-38-carburetor#primaryimage"},"image":{"@id":"https:\/\/www.frankmxparts.com.iclicksapp.nl\/de\/389-series-needle-jet-785-24001-mikuni-tm-32-34-36-38-carburetor#primaryimage"},"thumbnailUrl":"https:\/\/www.frankmxparts.com.iclicksapp.nl\/wp-content\/uploads\/2024\/11\/389-series-needle-jet-785-24001-Mikuni-TM-32-34-36-38-carburetor-frank-mxparts-01.jpg","datePublished":"2024-11-19T21:37:33+00:00","dateModified":"2024-11-28T09:53:18+00:00","breadcrumb":{"@id":"https:\/\/www.frankmxparts.com.iclicksapp.nl\/de\/389-series-needle-jet-785-24001-mikuni-tm-32-34-36-38-carburetor#breadcrumb"},"inLanguage":"de","potentialAction":[{"@type":"ReadAction","target":["https:\/\/www.frankmxparts.com.iclicksapp.nl\/de\/389-series-needle-jet-785-24001-mikuni-tm-32-34-36-38-carburetor"]}]},{"@type":"ImageObject","inLanguage":"de","@id":"https:\/\/www.frankmxparts.com.iclicksapp.nl\/de\/389-series-needle-jet-785-24001-mikuni-tm-32-34-36-38-carburetor#primaryimage","url":"https:\/\/www.frankmxparts.com.iclicksapp.nl\/wp-content\/uploads\/2024\/11\/389-series-needle-jet-785-24001-Mikuni-TM-32-34-36-38-carburetor-frank-mxparts-01.jpg","contentUrl":"https:\/\/www.frankmxparts.com.iclicksapp.nl\/wp-content\/uploads\/2024\/11\/389-series-needle-jet-785-24001-Mikuni-TM-32-34-36-38-carburetor-frank-mxparts-01.jpg","width":750,"height":563},{"@type":"BreadcrumbList","@id":"https:\/\/www.frankmxparts.com.iclicksapp.nl\/de\/389-series-needle-jet-785-24001-mikuni-tm-32-34-36-38-carburetor#breadcrumb","itemListElement":[{"@type":"ListItem","position":1,"name":"Home","item":"https:\/\/www.frankmxparts.com.iclicksapp.nl\/de"},{"@type":"ListItem","position":2,"name":"Shop","item":"https:\/\/www.frankmxparts.com.iclicksapp.nl\/winkel"},{"@type":"ListItem","position":3,"name":"389 Serie Nadeld\u00fcse (785-24001) \/ Mikuni TM 32 34 36 38 Vergaser"}]},{"@type":"WebSite","@id":"https:\/\/www.frankmxparts.com.iclicksapp.nl\/de\/#website","url":"https:\/\/www.frankmxparts.com.iclicksapp.nl\/de\/","name":"Frank! MXParts","description":"","publisher":{"@id":"https:\/\/www.frankmxparts.com.iclicksapp.nl\/de\/#organization"},"potentialAction":[{"@type":"SearchAction","target":{"@type":"EntryPoint","urlTemplate":"https:\/\/www.frankmxparts.com.iclicksapp.nl\/de\/?s={search_term_string}"},"query-input":{"@type":"PropertyValueSpecification","valueRequired":true,"valueName":"search_term_string"}}],"inLanguage":"de"},{"@type":"Organization","@id":"https:\/\/www.frankmxparts.com.iclicksapp.nl\/de\/#organization","name":"Frank! MXParts","url":"https:\/\/www.frankmxparts.com.iclicksapp.nl\/de\/","logo":{"@type":"ImageObject","inLanguage":"de","@id":"https:\/\/www.frankmxparts.com.iclicksapp.nl\/de\/#\/schema\/logo\/image\/","url":"https:\/\/www.frankmxparts.com.iclicksapp.nl\/wp-content\/uploads\/2024\/01\/frank-mxparts-logo.svg","contentUrl":"https:\/\/www.frankmxparts.com.iclicksapp.nl\/wp-content\/uploads\/2024\/01\/frank-mxparts-logo.svg","width":301,"height":88,"caption":"Frank! MXParts"},"image":{"@id":"https:\/\/www.frankmxparts.com.iclicksapp.nl\/de\/#\/schema\/logo\/image\/"}}]}},"_links":{"self":[{"href":"https:\/\/www.frankmxparts.com.iclicksapp.nl\/de\/wp-json\/wp\/v2\/product\/214680","targetHints":{"allow":["GET"]}}],"collection":[{"href":"https:\/\/www.frankmxparts.com.iclicksapp.nl\/de\/wp-json\/wp\/v2\/product"}],"about":[{"href":"https:\/\/www.frankmxparts.com.iclicksapp.nl\/de\/wp-json\/wp\/v2\/types\/product"}],"replies":[{"embeddable":true,"href":"https:\/\/www.frankmxparts.com.iclicksapp.nl\/de\/wp-json\/wp\/v2\/comments?post=214680"}],"wp:featuredmedia":[{"embeddable":true,"href":"https:\/\/www.frankmxparts.com.iclicksapp.nl\/de\/wp-json\/wp\/v2\/media\/204087"}],"wp:attachment":[{"href":"https:\/\/www.frankmxparts.com.iclicksapp.nl\/de\/wp-json\/wp\/v2\/media?parent=214680"}],"wp:term":[{"taxonomy":"product_brand","embeddable":true,"href":"https:\/\/www.frankmxparts.com.iclicksapp.nl\/de\/wp-json\/wp\/v2\/product_brand?post=214680"},{"taxonomy":"product_cat","embeddable":true,"href":"https:\/\/www.frankmxparts.com.iclicksapp.nl\/de\/wp-json\/wp\/v2\/product_cat?post=214680"},{"taxonomy":"product_tag","embeddable":true,"href":"https:\/\/www.frankmxparts.com.iclicksapp.nl\/de\/wp-json\/wp\/v2\/product_tag?post=214680"}],"curies":[{"name":"wp","href":"https:\/\/api.w.org\/{rel}","templated":true}]}}