{"id":214702,"date":"2024-11-19T22:38:39","date_gmt":"2024-11-19T21:38:39","guid":{"rendered":"https:\/\/www.frankmxparts.com.iclicksapp.nl\/product\/mikuni-jet-n102221-mikuni-vm-tm-bs-bds-bsr-bdsr-bst-bdst-super-bn-carburetor"},"modified":"2024-11-28T14:02:44","modified_gmt":"2024-11-28T12:02:44","slug":"mikuni-jet-n102221-mikuni-vm-tm-bs-bds-bsr-bdsr-bst-bdst-super-bn-carburetor","status":"publish","type":"product","link":"https:\/\/www.frankmxparts.com.iclicksapp.nl\/de\/mikuni-jet-n102221-mikuni-vm-tm-bs-bds-bsr-bdsr-bst-bdst-super-bn-carburetor","title":{"rendered":"Mikuni D\u00fcse N102221 \/ Mikuni VM TM BS BDS BSR BDSR BDST super BN Vergaser"},"content":{"rendered":"<p>\n<strong>Mikuni D\u00fcse&nbsp;N102221<\/strong>.<\/p>\n<p><strong>Original Mikuni<\/strong>, hochwertiges Teil. Mikuni Artikelnummer N102221.<br \/>\n<strong>Passend f\u00fcr&nbsp;<\/strong>(allgemein):<\/p>\n<ul>\n<li>super BN Vergaser<\/li>\n<li>Suzuki, Yamaha und Kawasaki Serienvergaser.<\/li>\n<\/ul>\n<p>\n<strong>Hauptd\u00fcse<\/strong> f\u00fcr:<\/p>\n<ul>\n<li>Aprilia Leonardo (BS26 Vergaser)<\/li>\n<li>Aprilia RS250 (TM34 Vergaser)<\/li>\n<li>Arctic Cat DS650<\/li>\n<li>Kawasaki KSF400 (BSR36 Vergaser)<\/li>\n<li>Polaris Outlaw 500<\/li>\n<li>Polaris Predator<\/li>\n<li>Suzuki ALT50 (1983)<\/li>\n<li>Suzuki DR-Z400<\/li>\n<li >Suzuki GS400E (BS34 Vergaser)<\/li>\n<li >Suzuki GSF1200 from 2001 (BSR36 Vergaser)<\/li>\n<li >Suzuki GSX-R 750 1996-1997 (BDSR39 Vergaser)<\/li>\n<li >Suzuki GT750 (BS38 Vergaser)<\/li>\n<li >Suzuki LT50 (1984-1987)<\/li>\n<li >Suzuki LT-A50 (2002-2005)<\/li>\n<li >Suzuki LTZ400 (BSR36 Vergaser)<\/li>\n<li >Suzuki RF900 1994-1995 (BST36 Vergaser)<\/li>\n<li >Suzuki RGV250 (TM34 Vergaser)<\/li>\n<li >Suzuki SV650 (BDSR39 Vergaser)<\/li>\n<li >Suzuki VL1500 from 2001 (BDSR36 Vergaser)<\/li>\n<li >Suzuki VS800 (BS36 \/ BDS36 Vergaser)<\/li>\n<li >Yamaha BT1100 (BDSR38 Vergaser)<\/li>\n<li >Yamaha FZR600 &#8211; 3HE (BDST32 Vergaser)<\/li>\n<li >Yamaha FZR1000 &#8211; EXUP (BDST38 Vergaser)<\/li>\n<li >Yamaha Generator (3G2)<\/li>\n<li >Yamaha TDM850 from 1999 (BDSR38 Vergaser)<\/li>\n<li >Yamaha V-Max (BDSR38 Vergaser)<\/li>\n<li >Yamaha XJ600N \/ XJ600S 1992-1995 (BDST28 Vergaser)<\/li>\n<li >Yamaha XJ900 (4KM\/4PR) from 1995 (BDSR34 Vergaser)<\/li>\n<li >Yamaha XJR1300 &#8211; RP02 (BS36 Vergaser)<\/li>\n<li >Yamaha XJR1300 &#8211; RP06 (BSR37 Vergaser)<\/li>\n<li >Yamaha XS650 &#8211; 447 (BS38 Vergaser)<\/li>\n<li >Yamaha XS750 (BS34 Vergaser)<\/li>\n<li>Yamaha XV535 (BDS34 Vergaser)<\/li>\n<li >Yamaha XV1600 Wildstar (BSR42 Vergaser<\/li>\n<li>Yamaha YFM 660 Raptor (BSR33 Vergaser)<\/li>\n<li>Yamaha YXR660 Rhino<\/li>\n<li>Yamaha YZF750R (BDST38 Vergaser)<\/li>\n<li>Yamaha YZF1000 (BDSR38 Vergaser)<\/li>\n<li >Yamaha YZFR1 (BDSR38 Vergaser)<\/li>\n<li>VM13-83 Vergasers<\/li>\n<li>Z\u00fcndapp Z25 (Mofa) (VM13-83 Vergaser).<\/li>\n<\/ul>\n<p>\n<strong>Leerlaufluftd\u00fcse<\/strong>&nbsp;f\u00fcr:<\/p>\n<ul>\n<li >Yamaha FJ1200 (BS36 Vergaser)<\/li>\n<li >Yamaha XJ900 &#8211; 31A (BS36 Vergaser)<\/li>\n<li >Yamaha XJR1200 (BS36 Vergaser)<\/li>\n<li >Yamaha XJR1300 &#8211; RP02 (BS36 Vergaser)<\/li>\n<li>Yamaha XV500 (BDS34 Vergaser).<\/li>\n<\/ul>\n<p>\n<strong>Starterd\u00fcse<\/strong>&nbsp;f\u00fcr:&nbsp;Yamaha XTZ750 (BDST38 Vergaser).<\/p>\n<p><strong >High speed D\u00fcse&nbsp;<\/strong>f\u00fcr:&nbsp;alle super BN Vergaser.<\/p>\n<p>&nbsp;<\/p>\n<p>Diese Listen sind m\u00f6glicherweise nicht vollst\u00e4ndig.<br \/>\nKomplett wie abgebildet.<\/p>\n<p>\n&nbsp;<\/p>\n","protected":false},"excerpt":{"rendered":"<p>Mikuni D\u00fcse&nbsp;N102221. Original Mikuni, hochwertiges Teil. Mikuni Artikelnummer N102221. Passend f\u00fcr&nbsp;(allgemein): super BN Vergaser Suzuki, Yamaha und Kawasaki Serienvergaser. Hauptd\u00fcse f\u00fcr: Aprilia Leonardo (BS26 Vergaser) Aprilia RS250 (TM34 Vergaser) Arctic Cat DS650 Kawasaki KSF400 (BSR36 Vergaser) Polaris Outlaw 500 Polaris Predator Suzuki ALT50 (1983) Suzuki DR-Z400 Suzuki GS400E (BS34 Vergaser) Suzuki GSF1200 from 2001 (BSR36 [&hellip;]<\/p>\n","protected":false},"featured_media":204343,"comment_status":"closed","ping_status":"closed","template":"","meta":{"_acf_changed":false},"product_brand":[],"product_cat":[9441],"product_tag":[],"class_list":{"0":"post-214702","1":"product","2":"type-product","3":"status-publish","4":"has-post-thumbnail","6":"product_cat-uncategorized","7":"pa_manufacturer-mikuni-de","9":"first","10":"instock","11":"taxable","12":"shipping-taxable","13":"purchasable","14":"product-type-variable"},"acf":[],"yoast_head":"<!-- This site is optimized with the Yoast SEO plugin v27.3 - https:\/\/yoast.com\/product\/yoast-seo-wordpress\/ -->\n<title>Mikuni D\u00fcse N102221 \/ Mikuni VM TM BS BDS BSR BDSR BDST super BN Vergaser - Frank! MXParts<\/title>\n<meta name=\"robots\" content=\"noindex, follow, max-snippet:-1, max-image-preview:large, max-video-preview:-1\" \/>\n<meta property=\"og:locale\" content=\"de_DE\" \/>\n<meta property=\"og:type\" content=\"article\" \/>\n<meta property=\"og:title\" content=\"Mikuni D\u00fcse N102221 \/ Mikuni VM TM BS BDS BSR BDSR BDST super BN Vergaser - Frank! MXParts\" \/>\n<meta property=\"og:description\" content=\"Mikuni D\u00fcse&nbsp;N102221. Original Mikuni, hochwertiges Teil. Mikuni Artikelnummer N102221. Passend f\u00fcr&nbsp;(allgemein): super BN Vergaser Suzuki, Yamaha und Kawasaki Serienvergaser. Hauptd\u00fcse f\u00fcr: Aprilia Leonardo (BS26 Vergaser) Aprilia RS250 (TM34 Vergaser) Arctic Cat DS650 Kawasaki KSF400 (BSR36 Vergaser) Polaris Outlaw 500 Polaris Predator Suzuki ALT50 (1983) Suzuki DR-Z400 Suzuki GS400E (BS34 Vergaser) Suzuki GSF1200 from 2001 (BSR36 [&hellip;]\" \/>\n<meta property=\"og:url\" content=\"https:\/\/www.frankmxparts.com.iclicksapp.nl\/de\/mikuni-jet-n102221-mikuni-vm-tm-bs-bds-bsr-bdsr-bst-bdst-super-bn-carburetor\" \/>\n<meta property=\"og:site_name\" content=\"Frank! MXParts\" \/>\n<meta property=\"article:modified_time\" content=\"2024-11-28T12:02:44+00:00\" \/>\n<meta property=\"og:image\" content=\"https:\/\/www.frankmxparts.com.iclicksapp.nl\/wp-content\/uploads\/2024\/11\/Mikuni-jet-N102221-Mikuni-VM-TM-BS-BDS-BSR-BDSR-BST-BDST-super-BN-carburetor-frank-mxparts.jpg\" \/>\n\t<meta property=\"og:image:width\" content=\"750\" \/>\n\t<meta property=\"og:image:height\" content=\"563\" \/>\n\t<meta property=\"og:image:type\" content=\"image\/jpeg\" \/>\n<meta name=\"twitter:card\" content=\"summary_large_image\" \/>\n<meta name=\"twitter:label1\" content=\"Gesch\u00e4tzte Lesezeit\" \/>\n\t<meta name=\"twitter:data1\" content=\"1\u00a0Minute\" \/>\n<script type=\"application\/ld+json\" class=\"yoast-schema-graph\">{\"@context\":\"https:\\\/\\\/schema.org\",\"@graph\":[{\"@type\":\"WebPage\",\"@id\":\"https:\\\/\\\/www.frankmxparts.com.iclicksapp.nl\\\/de\\\/mikuni-jet-n102221-mikuni-vm-tm-bs-bds-bsr-bdsr-bst-bdst-super-bn-carburetor\",\"url\":\"https:\\\/\\\/www.frankmxparts.com.iclicksapp.nl\\\/de\\\/mikuni-jet-n102221-mikuni-vm-tm-bs-bds-bsr-bdsr-bst-bdst-super-bn-carburetor\",\"name\":\"Mikuni D\u00fcse N102221 \\\/ Mikuni VM TM BS BDS BSR BDSR BDST super BN Vergaser - Frank! MXParts\",\"isPartOf\":{\"@id\":\"https:\\\/\\\/www.frankmxparts.com.iclicksapp.nl\\\/de\\\/#website\"},\"primaryImageOfPage\":{\"@id\":\"https:\\\/\\\/www.frankmxparts.com.iclicksapp.nl\\\/de\\\/mikuni-jet-n102221-mikuni-vm-tm-bs-bds-bsr-bdsr-bst-bdst-super-bn-carburetor#primaryimage\"},\"image\":{\"@id\":\"https:\\\/\\\/www.frankmxparts.com.iclicksapp.nl\\\/de\\\/mikuni-jet-n102221-mikuni-vm-tm-bs-bds-bsr-bdsr-bst-bdst-super-bn-carburetor#primaryimage\"},\"thumbnailUrl\":\"https:\\\/\\\/www.frankmxparts.com.iclicksapp.nl\\\/wp-content\\\/uploads\\\/2024\\\/11\\\/Mikuni-jet-N102221-Mikuni-VM-TM-BS-BDS-BSR-BDSR-BST-BDST-super-BN-carburetor-frank-mxparts.jpg\",\"datePublished\":\"2024-11-19T21:38:39+00:00\",\"dateModified\":\"2024-11-28T12:02:44+00:00\",\"breadcrumb\":{\"@id\":\"https:\\\/\\\/www.frankmxparts.com.iclicksapp.nl\\\/de\\\/mikuni-jet-n102221-mikuni-vm-tm-bs-bds-bsr-bdsr-bst-bdst-super-bn-carburetor#breadcrumb\"},\"inLanguage\":\"de\",\"potentialAction\":[{\"@type\":\"ReadAction\",\"target\":[\"https:\\\/\\\/www.frankmxparts.com.iclicksapp.nl\\\/de\\\/mikuni-jet-n102221-mikuni-vm-tm-bs-bds-bsr-bdsr-bst-bdst-super-bn-carburetor\"]}]},{\"@type\":\"ImageObject\",\"inLanguage\":\"de\",\"@id\":\"https:\\\/\\\/www.frankmxparts.com.iclicksapp.nl\\\/de\\\/mikuni-jet-n102221-mikuni-vm-tm-bs-bds-bsr-bdsr-bst-bdst-super-bn-carburetor#primaryimage\",\"url\":\"https:\\\/\\\/www.frankmxparts.com.iclicksapp.nl\\\/wp-content\\\/uploads\\\/2024\\\/11\\\/Mikuni-jet-N102221-Mikuni-VM-TM-BS-BDS-BSR-BDSR-BST-BDST-super-BN-carburetor-frank-mxparts.jpg\",\"contentUrl\":\"https:\\\/\\\/www.frankmxparts.com.iclicksapp.nl\\\/wp-content\\\/uploads\\\/2024\\\/11\\\/Mikuni-jet-N102221-Mikuni-VM-TM-BS-BDS-BSR-BDSR-BST-BDST-super-BN-carburetor-frank-mxparts.jpg\",\"width\":750,\"height\":563},{\"@type\":\"BreadcrumbList\",\"@id\":\"https:\\\/\\\/www.frankmxparts.com.iclicksapp.nl\\\/de\\\/mikuni-jet-n102221-mikuni-vm-tm-bs-bds-bsr-bdsr-bst-bdst-super-bn-carburetor#breadcrumb\",\"itemListElement\":[{\"@type\":\"ListItem\",\"position\":1,\"name\":\"Home\",\"item\":\"https:\\\/\\\/www.frankmxparts.com.iclicksapp.nl\\\/de\"},{\"@type\":\"ListItem\",\"position\":2,\"name\":\"Shop\",\"item\":\"https:\\\/\\\/www.frankmxparts.com.iclicksapp.nl\\\/winkel\"},{\"@type\":\"ListItem\",\"position\":3,\"name\":\"Mikuni D\u00fcse N102221 \\\/ Mikuni VM TM BS BDS BSR BDSR BDST super BN Vergaser\"}]},{\"@type\":\"WebSite\",\"@id\":\"https:\\\/\\\/www.frankmxparts.com.iclicksapp.nl\\\/de\\\/#website\",\"url\":\"https:\\\/\\\/www.frankmxparts.com.iclicksapp.nl\\\/de\\\/\",\"name\":\"Frank! MXParts\",\"description\":\"\",\"publisher\":{\"@id\":\"https:\\\/\\\/www.frankmxparts.com.iclicksapp.nl\\\/de\\\/#organization\"},\"potentialAction\":[{\"@type\":\"SearchAction\",\"target\":{\"@type\":\"EntryPoint\",\"urlTemplate\":\"https:\\\/\\\/www.frankmxparts.com.iclicksapp.nl\\\/de\\\/?s={search_term_string}\"},\"query-input\":{\"@type\":\"PropertyValueSpecification\",\"valueRequired\":true,\"valueName\":\"search_term_string\"}}],\"inLanguage\":\"de\"},{\"@type\":\"Organization\",\"@id\":\"https:\\\/\\\/www.frankmxparts.com.iclicksapp.nl\\\/de\\\/#organization\",\"name\":\"Frank! MXParts\",\"url\":\"https:\\\/\\\/www.frankmxparts.com.iclicksapp.nl\\\/de\\\/\",\"logo\":{\"@type\":\"ImageObject\",\"inLanguage\":\"de\",\"@id\":\"https:\\\/\\\/www.frankmxparts.com.iclicksapp.nl\\\/de\\\/#\\\/schema\\\/logo\\\/image\\\/\",\"url\":\"https:\\\/\\\/www.frankmxparts.com.iclicksapp.nl\\\/wp-content\\\/uploads\\\/2024\\\/01\\\/frank-mxparts-logo.svg\",\"contentUrl\":\"https:\\\/\\\/www.frankmxparts.com.iclicksapp.nl\\\/wp-content\\\/uploads\\\/2024\\\/01\\\/frank-mxparts-logo.svg\",\"width\":301,\"height\":88,\"caption\":\"Frank! MXParts\"},\"image\":{\"@id\":\"https:\\\/\\\/www.frankmxparts.com.iclicksapp.nl\\\/de\\\/#\\\/schema\\\/logo\\\/image\\\/\"}}]}<\/script>\n<!-- \/ Yoast SEO plugin. -->","yoast_head_json":{"title":"Mikuni D\u00fcse N102221 \/ Mikuni VM TM BS BDS BSR BDSR BDST super BN Vergaser - Frank! MXParts","robots":{"index":"noindex","follow":"follow","max-snippet":"max-snippet:-1","max-image-preview":"max-image-preview:large","max-video-preview":"max-video-preview:-1"},"og_locale":"de_DE","og_type":"article","og_title":"Mikuni D\u00fcse N102221 \/ Mikuni VM TM BS BDS BSR BDSR BDST super BN Vergaser - Frank! MXParts","og_description":"Mikuni D\u00fcse&nbsp;N102221. Original Mikuni, hochwertiges Teil. Mikuni Artikelnummer N102221. Passend f\u00fcr&nbsp;(allgemein): super BN Vergaser Suzuki, Yamaha und Kawasaki Serienvergaser. Hauptd\u00fcse f\u00fcr: Aprilia Leonardo (BS26 Vergaser) Aprilia RS250 (TM34 Vergaser) Arctic Cat DS650 Kawasaki KSF400 (BSR36 Vergaser) Polaris Outlaw 500 Polaris Predator Suzuki ALT50 (1983) Suzuki DR-Z400 Suzuki GS400E (BS34 Vergaser) Suzuki GSF1200 from 2001 (BSR36 [&hellip;]","og_url":"https:\/\/www.frankmxparts.com.iclicksapp.nl\/de\/mikuni-jet-n102221-mikuni-vm-tm-bs-bds-bsr-bdsr-bst-bdst-super-bn-carburetor","og_site_name":"Frank! MXParts","article_modified_time":"2024-11-28T12:02:44+00:00","og_image":[{"width":750,"height":563,"url":"https:\/\/www.frankmxparts.com.iclicksapp.nl\/wp-content\/uploads\/2024\/11\/Mikuni-jet-N102221-Mikuni-VM-TM-BS-BDS-BSR-BDSR-BST-BDST-super-BN-carburetor-frank-mxparts.jpg","type":"image\/jpeg"}],"twitter_card":"summary_large_image","twitter_misc":{"Gesch\u00e4tzte Lesezeit":"1\u00a0Minute"},"schema":{"@context":"https:\/\/schema.org","@graph":[{"@type":"WebPage","@id":"https:\/\/www.frankmxparts.com.iclicksapp.nl\/de\/mikuni-jet-n102221-mikuni-vm-tm-bs-bds-bsr-bdsr-bst-bdst-super-bn-carburetor","url":"https:\/\/www.frankmxparts.com.iclicksapp.nl\/de\/mikuni-jet-n102221-mikuni-vm-tm-bs-bds-bsr-bdsr-bst-bdst-super-bn-carburetor","name":"Mikuni D\u00fcse N102221 \/ Mikuni VM TM BS BDS BSR BDSR BDST super BN Vergaser - Frank! MXParts","isPartOf":{"@id":"https:\/\/www.frankmxparts.com.iclicksapp.nl\/de\/#website"},"primaryImageOfPage":{"@id":"https:\/\/www.frankmxparts.com.iclicksapp.nl\/de\/mikuni-jet-n102221-mikuni-vm-tm-bs-bds-bsr-bdsr-bst-bdst-super-bn-carburetor#primaryimage"},"image":{"@id":"https:\/\/www.frankmxparts.com.iclicksapp.nl\/de\/mikuni-jet-n102221-mikuni-vm-tm-bs-bds-bsr-bdsr-bst-bdst-super-bn-carburetor#primaryimage"},"thumbnailUrl":"https:\/\/www.frankmxparts.com.iclicksapp.nl\/wp-content\/uploads\/2024\/11\/Mikuni-jet-N102221-Mikuni-VM-TM-BS-BDS-BSR-BDSR-BST-BDST-super-BN-carburetor-frank-mxparts.jpg","datePublished":"2024-11-19T21:38:39+00:00","dateModified":"2024-11-28T12:02:44+00:00","breadcrumb":{"@id":"https:\/\/www.frankmxparts.com.iclicksapp.nl\/de\/mikuni-jet-n102221-mikuni-vm-tm-bs-bds-bsr-bdsr-bst-bdst-super-bn-carburetor#breadcrumb"},"inLanguage":"de","potentialAction":[{"@type":"ReadAction","target":["https:\/\/www.frankmxparts.com.iclicksapp.nl\/de\/mikuni-jet-n102221-mikuni-vm-tm-bs-bds-bsr-bdsr-bst-bdst-super-bn-carburetor"]}]},{"@type":"ImageObject","inLanguage":"de","@id":"https:\/\/www.frankmxparts.com.iclicksapp.nl\/de\/mikuni-jet-n102221-mikuni-vm-tm-bs-bds-bsr-bdsr-bst-bdst-super-bn-carburetor#primaryimage","url":"https:\/\/www.frankmxparts.com.iclicksapp.nl\/wp-content\/uploads\/2024\/11\/Mikuni-jet-N102221-Mikuni-VM-TM-BS-BDS-BSR-BDSR-BST-BDST-super-BN-carburetor-frank-mxparts.jpg","contentUrl":"https:\/\/www.frankmxparts.com.iclicksapp.nl\/wp-content\/uploads\/2024\/11\/Mikuni-jet-N102221-Mikuni-VM-TM-BS-BDS-BSR-BDSR-BST-BDST-super-BN-carburetor-frank-mxparts.jpg","width":750,"height":563},{"@type":"BreadcrumbList","@id":"https:\/\/www.frankmxparts.com.iclicksapp.nl\/de\/mikuni-jet-n102221-mikuni-vm-tm-bs-bds-bsr-bdsr-bst-bdst-super-bn-carburetor#breadcrumb","itemListElement":[{"@type":"ListItem","position":1,"name":"Home","item":"https:\/\/www.frankmxparts.com.iclicksapp.nl\/de"},{"@type":"ListItem","position":2,"name":"Shop","item":"https:\/\/www.frankmxparts.com.iclicksapp.nl\/winkel"},{"@type":"ListItem","position":3,"name":"Mikuni D\u00fcse N102221 \/ Mikuni VM TM BS BDS BSR BDSR BDST super BN Vergaser"}]},{"@type":"WebSite","@id":"https:\/\/www.frankmxparts.com.iclicksapp.nl\/de\/#website","url":"https:\/\/www.frankmxparts.com.iclicksapp.nl\/de\/","name":"Frank! MXParts","description":"","publisher":{"@id":"https:\/\/www.frankmxparts.com.iclicksapp.nl\/de\/#organization"},"potentialAction":[{"@type":"SearchAction","target":{"@type":"EntryPoint","urlTemplate":"https:\/\/www.frankmxparts.com.iclicksapp.nl\/de\/?s={search_term_string}"},"query-input":{"@type":"PropertyValueSpecification","valueRequired":true,"valueName":"search_term_string"}}],"inLanguage":"de"},{"@type":"Organization","@id":"https:\/\/www.frankmxparts.com.iclicksapp.nl\/de\/#organization","name":"Frank! MXParts","url":"https:\/\/www.frankmxparts.com.iclicksapp.nl\/de\/","logo":{"@type":"ImageObject","inLanguage":"de","@id":"https:\/\/www.frankmxparts.com.iclicksapp.nl\/de\/#\/schema\/logo\/image\/","url":"https:\/\/www.frankmxparts.com.iclicksapp.nl\/wp-content\/uploads\/2024\/01\/frank-mxparts-logo.svg","contentUrl":"https:\/\/www.frankmxparts.com.iclicksapp.nl\/wp-content\/uploads\/2024\/01\/frank-mxparts-logo.svg","width":301,"height":88,"caption":"Frank! MXParts"},"image":{"@id":"https:\/\/www.frankmxparts.com.iclicksapp.nl\/de\/#\/schema\/logo\/image\/"}}]}},"_links":{"self":[{"href":"https:\/\/www.frankmxparts.com.iclicksapp.nl\/de\/wp-json\/wp\/v2\/product\/214702","targetHints":{"allow":["GET"]}}],"collection":[{"href":"https:\/\/www.frankmxparts.com.iclicksapp.nl\/de\/wp-json\/wp\/v2\/product"}],"about":[{"href":"https:\/\/www.frankmxparts.com.iclicksapp.nl\/de\/wp-json\/wp\/v2\/types\/product"}],"replies":[{"embeddable":true,"href":"https:\/\/www.frankmxparts.com.iclicksapp.nl\/de\/wp-json\/wp\/v2\/comments?post=214702"}],"wp:featuredmedia":[{"embeddable":true,"href":"https:\/\/www.frankmxparts.com.iclicksapp.nl\/de\/wp-json\/wp\/v2\/media\/204343"}],"wp:attachment":[{"href":"https:\/\/www.frankmxparts.com.iclicksapp.nl\/de\/wp-json\/wp\/v2\/media?parent=214702"}],"wp:term":[{"taxonomy":"product_brand","embeddable":true,"href":"https:\/\/www.frankmxparts.com.iclicksapp.nl\/de\/wp-json\/wp\/v2\/product_brand?post=214702"},{"taxonomy":"product_cat","embeddable":true,"href":"https:\/\/www.frankmxparts.com.iclicksapp.nl\/de\/wp-json\/wp\/v2\/product_cat?post=214702"},{"taxonomy":"product_tag","embeddable":true,"href":"https:\/\/www.frankmxparts.com.iclicksapp.nl\/de\/wp-json\/wp\/v2\/product_tag?post=214702"}],"curies":[{"name":"wp","href":"https:\/\/api.w.org\/{rel}","templated":true}]}}