{"id":214748,"date":"2024-11-19T22:40:33","date_gmt":"2024-11-19T21:40:33","guid":{"rendered":"https:\/\/www.frankmxparts.com.iclicksapp.nl\/product\/mikuni-pilot-jet-n151067-mikuni-bs-bst-bds-bdst-carburetor"},"modified":"2024-11-28T14:09:08","modified_gmt":"2024-11-28T12:09:08","slug":"mikuni-pilot-jet-n151067-mikuni-bs-bst-bds-bdst-carburetor","status":"publish","type":"product","link":"https:\/\/www.frankmxparts.com.iclicksapp.nl\/de\/mikuni-pilot-jet-n151067-mikuni-bs-bst-bds-bdst-carburetor","title":{"rendered":"Mikuni Leerlauf D\u00fcse N151067 \/ Mikuni BS BST BDS BDST Vergaser"},"content":{"rendered":"<p>\n<strong>Mikuni Leerlaufd\u00fcse&nbsp;N151067<\/strong>.<\/p>\n<p><strong>Original Mikuni<\/strong>, aus Japan, hochwertiges Teil. Mikuni Artikelnummer N151067.<br \/>\n<strong>Passend f\u00fcr&nbsp;<\/strong>(allgemein):<\/p>\n<ul>\n<li>Mikuni BS Vergaser<\/li>\n<li>Mikuni BST Vergaser<\/li>\n<li>Mikuni BDS Vergaser<\/li>\n<li>Mikuni BDST Vergaser.<\/li>\n<\/ul>\n<p>\n<strong>Leerlaufd\u00fcse<\/strong> f\u00fcr:<\/p>\n<ul>\n<li>Aprilia Leonardo (BS26 Vergaser)<\/li>\n<li>Aprilia Moto 6.5 (BST40 Vergaser)<\/li>\n<li>Aprilia Pegaso 650 (BST33 Vergaser)<\/li>\n<li>BMW F650 (BST33 Vergaser)<\/li>\n<li>Cagiva Canyon 500 (BST40-239 Vergaser)<\/li>\n<li>Cagiva Elefant 750\/900 (BDST38 Vergaser)<\/li>\n<li>Ducati 600\/750\/900 SuperSport und Monster (BDST38 Vergaser)<\/li>\n<li>KTM 640 (BST40 Vergaser)<\/li>\n<li>Suzuki DR350 (BST33 Vergaser)<\/li>\n<li>Suzuki DR650 (BST40 Vergaser)<\/li>\n<li>Suzuki DR750 (BST33 Vergaser)<\/li>\n<li>Suzuki DR800 (BST33 Vergaser)<\/li>\n<li>Suzuki GS400E (BS34 Vergaser)<\/li>\n<li>Suzuki GS500E (BST33 Vergaser)<\/li>\n<li>Suzuki GSF400 \u201991 &#8211; \u201993 (BST33 Vergaser)<\/li>\n<li>Suzuki GSF1200 \u201996 &#8211; \u201900 (BST36 Vergaser)<\/li>\n<li>Suzuki GSX600F \u201988 &#8211; \u201989 (BST31 Vergaser)<\/li>\n<li>Suzuki GSX600F \u201990 &#8211; \u201997 (BST33 Vergaser)<\/li>\n<li>Suzuki GSX750F \u201989 &#8211; \u201996 (BST36 Vergaser)<\/li>\n<li>Suzuki GSX1100 \u201984 &#8211; \u201986 (BS36 Vergaser)<\/li>\n<li>Suzuki GSX1100F \u201988 &#8211; \u201994 (BST34 Vergaser)<\/li>\n<li>Suzuki GSX1100G \u201991 &#8211; \u201994 (BST36 Vergaser)<\/li>\n<li>Suzuki GSXR750 \u201988 &#8211; \u201989 (BST36 Vergaser)<\/li>\n<li>Suzuki GSXR750 \u201990 &#8211; \u201991 (BST38 Vergaser)<\/li>\n<li>Suzuki GSXR750W \u201992 &#8211; \u201995 (BST38 Vergaser)<\/li>\n<li>Suzuki GSXR1100 \u201986 &#8211; \u201988 (BST34 Vergaser)<\/li>\n<li>Suzuki GSXR1100 \u201989 &#8211; \u201990 (BST36 Vergaser)<\/li>\n<li>Suzuki GSXR1100 \u201991 &#8211; \u201992 (BST40 Vergaser)<\/li>\n<li>Suzuki GSXR1100W \u201993 &#8211; \u201995 (BST40 Vergaser)<\/li>\n<li>Triumph (BST36 Vergaser)<\/li>\n<li>Yamaha FJ1100 (BS36 Vergaser)<\/li>\n<li>Yamaha FJ1200 (BS36 Vergaser)<\/li>\n<li>Yamaha FZR600 &#8211; 3HE (BDST32 Vergaser)<\/li>\n<li>Yamaha FZR1000 &#8211; EXUP (BDST38 Vergaser)<\/li>\n<li>Yamaha SR250 (BS34 Vergaser)<\/li>\n<li>Yamaha SR500 (BST34 Vergaser)<\/li>\n<li>Yamaha TDM850 (BDST38 Vergaser)<\/li>\n<li>Yamaha TRX850 (BDST38 Vergaser)<\/li>\n<li>Yamaha V-MAX (BDS35 Vergaser)<\/li>\n<li>Yamaha XJ600 &#8211; 51J (BS32 Vergaser)<\/li>\n<li>Yamaha XJ650 TURBO (BS30 Vergaser)<\/li>\n<li>Yamaha XJ900 &#8211; 4BB (BS36 Vergaser)<\/li>\n<li>Yamaha XJ900 58L &#8211; 31A (BS36 Vergaser)<\/li>\n<li>Yamaha XJR1200 (BS36 Vergaser)<\/li>\n<li>Yamaha XJR1300 &#8211; RP02 (BS36 Vergaser)<\/li>\n<li>Yamaha XS400 DOHC &#8211; 12E (BS34 Vergaser)<\/li>\n<li>Yamaha XTZ750 (BDST38 Vergaser)<\/li>\n<li>Yamaha XV500 (BDS34 Vergaser)<\/li>\n<li>Yamaha XV535 (BDS34 Vergaser)<\/li>\n<li>Yamaha YZF750R (BDST38 Vergaser).<\/li>\n<\/ul>\n<p>&nbsp;<\/p>\n<p><strong>Leerlaufd\u00fcse (hinten)<\/strong>&nbsp;f\u00fcr:<\/p>\n<ul>\n<li >Suzuki VS1400 (BS\/BDS 36 Vergaser)<\/li>\n<li >Suzuki VX 800 (BS\/BDS 36 Vergaser).<\/li>\n<\/ul>\n<p>Diese Listen sind m\u00f6glicherweise nicht vollst\u00e4ndig.<br \/>\nKomplett wie abgebildet.<\/p>\n<p>&nbsp;<\/p>\n","protected":false},"excerpt":{"rendered":"<p>Mikuni Leerlaufd\u00fcse&nbsp;N151067. Original Mikuni, aus Japan, hochwertiges Teil. Mikuni Artikelnummer N151067. Passend f\u00fcr&nbsp;(allgemein): Mikuni BS Vergaser Mikuni BST Vergaser Mikuni BDS Vergaser Mikuni BDST Vergaser. Leerlaufd\u00fcse f\u00fcr: Aprilia Leonardo (BS26 Vergaser) Aprilia Moto 6.5 (BST40 Vergaser) Aprilia Pegaso 650 (BST33 Vergaser) BMW F650 (BST33 Vergaser) Cagiva Canyon 500 (BST40-239 Vergaser) Cagiva Elefant 750\/900 (BDST38 Vergaser) [&hellip;]<\/p>\n","protected":false},"featured_media":204647,"comment_status":"closed","ping_status":"closed","template":"","meta":{"_acf_changed":false},"product_brand":[],"product_cat":[9441],"product_tag":[],"class_list":{"0":"post-214748","1":"product","2":"type-product","3":"status-publish","4":"has-post-thumbnail","6":"product_cat-uncategorized","7":"pa_manufacturer-mikuni-de","8":"pa_n102221-jet-size-30-de","9":"pa_n102221-jet-size-325-de","10":"pa_n102221-jet-size-35-de","11":"pa_n102221-jet-size-375-de","12":"pa_n102221-jet-size-40-de","13":"pa_n102221-jet-size-425-de","14":"pa_n102221-jet-size-45-de","15":"pa_n102221-jet-size-475-de","16":"pa_n102221-jet-size-50-de","17":"pa_n102221-jet-size-525-de","18":"pa_n102221-jet-size-55-de","19":"pa_n102221-jet-size-575-de","20":"pa_n102221-jet-size-60-de","21":"pa_n102221-jet-size-625-de","22":"pa_n102221-jet-size-65-de","24":"first","25":"instock","26":"taxable","27":"shipping-taxable","28":"purchasable","29":"product-type-variable","30":"has-default-attributes"},"acf":[],"yoast_head":"<!-- This site is optimized with the Yoast SEO plugin v27.3 - https:\/\/yoast.com\/product\/yoast-seo-wordpress\/ -->\n<title>Mikuni Leerlauf D\u00fcse N151067 \/ Mikuni BS BST BDS BDST Vergaser - Frank! MXParts<\/title>\n<meta name=\"robots\" content=\"noindex, follow, max-snippet:-1, max-image-preview:large, max-video-preview:-1\" \/>\n<meta property=\"og:locale\" content=\"de_DE\" \/>\n<meta property=\"og:type\" content=\"article\" \/>\n<meta property=\"og:title\" content=\"Mikuni Leerlauf D\u00fcse N151067 \/ Mikuni BS BST BDS BDST Vergaser - Frank! MXParts\" \/>\n<meta property=\"og:description\" content=\"Mikuni Leerlaufd\u00fcse&nbsp;N151067. Original Mikuni, aus Japan, hochwertiges Teil. Mikuni Artikelnummer N151067. Passend f\u00fcr&nbsp;(allgemein): Mikuni BS Vergaser Mikuni BST Vergaser Mikuni BDS Vergaser Mikuni BDST Vergaser. Leerlaufd\u00fcse f\u00fcr: Aprilia Leonardo (BS26 Vergaser) Aprilia Moto 6.5 (BST40 Vergaser) Aprilia Pegaso 650 (BST33 Vergaser) BMW F650 (BST33 Vergaser) Cagiva Canyon 500 (BST40-239 Vergaser) Cagiva Elefant 750\/900 (BDST38 Vergaser) [&hellip;]\" \/>\n<meta property=\"og:url\" content=\"https:\/\/www.frankmxparts.com.iclicksapp.nl\/de\/mikuni-pilot-jet-n151067-mikuni-bs-bst-bds-bdst-carburetor\" \/>\n<meta property=\"og:site_name\" content=\"Frank! MXParts\" \/>\n<meta property=\"article:modified_time\" content=\"2024-11-28T12:09:08+00:00\" \/>\n<meta property=\"og:image\" content=\"https:\/\/www.frankmxparts.com.iclicksapp.nl\/wp-content\/uploads\/2024\/11\/Mikuni-pilot-jet-N151067-Mikuni-BS-BST-BDS-BDST-carburetor-frank-mxparts.jpg\" \/>\n\t<meta property=\"og:image:width\" content=\"750\" \/>\n\t<meta property=\"og:image:height\" content=\"563\" \/>\n\t<meta property=\"og:image:type\" content=\"image\/jpeg\" \/>\n<meta name=\"twitter:card\" content=\"summary_large_image\" \/>\n<meta name=\"twitter:label1\" content=\"Gesch\u00e4tzte Lesezeit\" \/>\n\t<meta name=\"twitter:data1\" content=\"2\u00a0Minuten\" \/>\n<script type=\"application\/ld+json\" class=\"yoast-schema-graph\">{\"@context\":\"https:\\\/\\\/schema.org\",\"@graph\":[{\"@type\":\"WebPage\",\"@id\":\"https:\\\/\\\/www.frankmxparts.com.iclicksapp.nl\\\/de\\\/mikuni-pilot-jet-n151067-mikuni-bs-bst-bds-bdst-carburetor\",\"url\":\"https:\\\/\\\/www.frankmxparts.com.iclicksapp.nl\\\/de\\\/mikuni-pilot-jet-n151067-mikuni-bs-bst-bds-bdst-carburetor\",\"name\":\"Mikuni Leerlauf D\u00fcse N151067 \\\/ Mikuni BS BST BDS BDST Vergaser - Frank! MXParts\",\"isPartOf\":{\"@id\":\"https:\\\/\\\/www.frankmxparts.com.iclicksapp.nl\\\/de\\\/#website\"},\"primaryImageOfPage\":{\"@id\":\"https:\\\/\\\/www.frankmxparts.com.iclicksapp.nl\\\/de\\\/mikuni-pilot-jet-n151067-mikuni-bs-bst-bds-bdst-carburetor#primaryimage\"},\"image\":{\"@id\":\"https:\\\/\\\/www.frankmxparts.com.iclicksapp.nl\\\/de\\\/mikuni-pilot-jet-n151067-mikuni-bs-bst-bds-bdst-carburetor#primaryimage\"},\"thumbnailUrl\":\"https:\\\/\\\/www.frankmxparts.com.iclicksapp.nl\\\/wp-content\\\/uploads\\\/2024\\\/11\\\/Mikuni-pilot-jet-N151067-Mikuni-BS-BST-BDS-BDST-carburetor-frank-mxparts.jpg\",\"datePublished\":\"2024-11-19T21:40:33+00:00\",\"dateModified\":\"2024-11-28T12:09:08+00:00\",\"breadcrumb\":{\"@id\":\"https:\\\/\\\/www.frankmxparts.com.iclicksapp.nl\\\/de\\\/mikuni-pilot-jet-n151067-mikuni-bs-bst-bds-bdst-carburetor#breadcrumb\"},\"inLanguage\":\"de\",\"potentialAction\":[{\"@type\":\"ReadAction\",\"target\":[\"https:\\\/\\\/www.frankmxparts.com.iclicksapp.nl\\\/de\\\/mikuni-pilot-jet-n151067-mikuni-bs-bst-bds-bdst-carburetor\"]}]},{\"@type\":\"ImageObject\",\"inLanguage\":\"de\",\"@id\":\"https:\\\/\\\/www.frankmxparts.com.iclicksapp.nl\\\/de\\\/mikuni-pilot-jet-n151067-mikuni-bs-bst-bds-bdst-carburetor#primaryimage\",\"url\":\"https:\\\/\\\/www.frankmxparts.com.iclicksapp.nl\\\/wp-content\\\/uploads\\\/2024\\\/11\\\/Mikuni-pilot-jet-N151067-Mikuni-BS-BST-BDS-BDST-carburetor-frank-mxparts.jpg\",\"contentUrl\":\"https:\\\/\\\/www.frankmxparts.com.iclicksapp.nl\\\/wp-content\\\/uploads\\\/2024\\\/11\\\/Mikuni-pilot-jet-N151067-Mikuni-BS-BST-BDS-BDST-carburetor-frank-mxparts.jpg\",\"width\":750,\"height\":563},{\"@type\":\"BreadcrumbList\",\"@id\":\"https:\\\/\\\/www.frankmxparts.com.iclicksapp.nl\\\/de\\\/mikuni-pilot-jet-n151067-mikuni-bs-bst-bds-bdst-carburetor#breadcrumb\",\"itemListElement\":[{\"@type\":\"ListItem\",\"position\":1,\"name\":\"Home\",\"item\":\"https:\\\/\\\/www.frankmxparts.com.iclicksapp.nl\\\/de\"},{\"@type\":\"ListItem\",\"position\":2,\"name\":\"Shop\",\"item\":\"https:\\\/\\\/www.frankmxparts.com.iclicksapp.nl\\\/winkel\"},{\"@type\":\"ListItem\",\"position\":3,\"name\":\"Mikuni Leerlauf D\u00fcse N151067 \\\/ Mikuni BS BST BDS BDST Vergaser\"}]},{\"@type\":\"WebSite\",\"@id\":\"https:\\\/\\\/www.frankmxparts.com.iclicksapp.nl\\\/de\\\/#website\",\"url\":\"https:\\\/\\\/www.frankmxparts.com.iclicksapp.nl\\\/de\\\/\",\"name\":\"Frank! MXParts\",\"description\":\"\",\"publisher\":{\"@id\":\"https:\\\/\\\/www.frankmxparts.com.iclicksapp.nl\\\/de\\\/#organization\"},\"potentialAction\":[{\"@type\":\"SearchAction\",\"target\":{\"@type\":\"EntryPoint\",\"urlTemplate\":\"https:\\\/\\\/www.frankmxparts.com.iclicksapp.nl\\\/de\\\/?s={search_term_string}\"},\"query-input\":{\"@type\":\"PropertyValueSpecification\",\"valueRequired\":true,\"valueName\":\"search_term_string\"}}],\"inLanguage\":\"de\"},{\"@type\":\"Organization\",\"@id\":\"https:\\\/\\\/www.frankmxparts.com.iclicksapp.nl\\\/de\\\/#organization\",\"name\":\"Frank! MXParts\",\"url\":\"https:\\\/\\\/www.frankmxparts.com.iclicksapp.nl\\\/de\\\/\",\"logo\":{\"@type\":\"ImageObject\",\"inLanguage\":\"de\",\"@id\":\"https:\\\/\\\/www.frankmxparts.com.iclicksapp.nl\\\/de\\\/#\\\/schema\\\/logo\\\/image\\\/\",\"url\":\"https:\\\/\\\/www.frankmxparts.com.iclicksapp.nl\\\/wp-content\\\/uploads\\\/2024\\\/01\\\/frank-mxparts-logo.svg\",\"contentUrl\":\"https:\\\/\\\/www.frankmxparts.com.iclicksapp.nl\\\/wp-content\\\/uploads\\\/2024\\\/01\\\/frank-mxparts-logo.svg\",\"width\":301,\"height\":88,\"caption\":\"Frank! MXParts\"},\"image\":{\"@id\":\"https:\\\/\\\/www.frankmxparts.com.iclicksapp.nl\\\/de\\\/#\\\/schema\\\/logo\\\/image\\\/\"}}]}<\/script>\n<!-- \/ Yoast SEO plugin. -->","yoast_head_json":{"title":"Mikuni Leerlauf D\u00fcse N151067 \/ Mikuni BS BST BDS BDST Vergaser - Frank! MXParts","robots":{"index":"noindex","follow":"follow","max-snippet":"max-snippet:-1","max-image-preview":"max-image-preview:large","max-video-preview":"max-video-preview:-1"},"og_locale":"de_DE","og_type":"article","og_title":"Mikuni Leerlauf D\u00fcse N151067 \/ Mikuni BS BST BDS BDST Vergaser - Frank! MXParts","og_description":"Mikuni Leerlaufd\u00fcse&nbsp;N151067. Original Mikuni, aus Japan, hochwertiges Teil. Mikuni Artikelnummer N151067. Passend f\u00fcr&nbsp;(allgemein): Mikuni BS Vergaser Mikuni BST Vergaser Mikuni BDS Vergaser Mikuni BDST Vergaser. Leerlaufd\u00fcse f\u00fcr: Aprilia Leonardo (BS26 Vergaser) Aprilia Moto 6.5 (BST40 Vergaser) Aprilia Pegaso 650 (BST33 Vergaser) BMW F650 (BST33 Vergaser) Cagiva Canyon 500 (BST40-239 Vergaser) Cagiva Elefant 750\/900 (BDST38 Vergaser) [&hellip;]","og_url":"https:\/\/www.frankmxparts.com.iclicksapp.nl\/de\/mikuni-pilot-jet-n151067-mikuni-bs-bst-bds-bdst-carburetor","og_site_name":"Frank! MXParts","article_modified_time":"2024-11-28T12:09:08+00:00","og_image":[{"width":750,"height":563,"url":"https:\/\/www.frankmxparts.com.iclicksapp.nl\/wp-content\/uploads\/2024\/11\/Mikuni-pilot-jet-N151067-Mikuni-BS-BST-BDS-BDST-carburetor-frank-mxparts.jpg","type":"image\/jpeg"}],"twitter_card":"summary_large_image","twitter_misc":{"Gesch\u00e4tzte Lesezeit":"2\u00a0Minuten"},"schema":{"@context":"https:\/\/schema.org","@graph":[{"@type":"WebPage","@id":"https:\/\/www.frankmxparts.com.iclicksapp.nl\/de\/mikuni-pilot-jet-n151067-mikuni-bs-bst-bds-bdst-carburetor","url":"https:\/\/www.frankmxparts.com.iclicksapp.nl\/de\/mikuni-pilot-jet-n151067-mikuni-bs-bst-bds-bdst-carburetor","name":"Mikuni Leerlauf D\u00fcse N151067 \/ Mikuni BS BST BDS BDST Vergaser - Frank! MXParts","isPartOf":{"@id":"https:\/\/www.frankmxparts.com.iclicksapp.nl\/de\/#website"},"primaryImageOfPage":{"@id":"https:\/\/www.frankmxparts.com.iclicksapp.nl\/de\/mikuni-pilot-jet-n151067-mikuni-bs-bst-bds-bdst-carburetor#primaryimage"},"image":{"@id":"https:\/\/www.frankmxparts.com.iclicksapp.nl\/de\/mikuni-pilot-jet-n151067-mikuni-bs-bst-bds-bdst-carburetor#primaryimage"},"thumbnailUrl":"https:\/\/www.frankmxparts.com.iclicksapp.nl\/wp-content\/uploads\/2024\/11\/Mikuni-pilot-jet-N151067-Mikuni-BS-BST-BDS-BDST-carburetor-frank-mxparts.jpg","datePublished":"2024-11-19T21:40:33+00:00","dateModified":"2024-11-28T12:09:08+00:00","breadcrumb":{"@id":"https:\/\/www.frankmxparts.com.iclicksapp.nl\/de\/mikuni-pilot-jet-n151067-mikuni-bs-bst-bds-bdst-carburetor#breadcrumb"},"inLanguage":"de","potentialAction":[{"@type":"ReadAction","target":["https:\/\/www.frankmxparts.com.iclicksapp.nl\/de\/mikuni-pilot-jet-n151067-mikuni-bs-bst-bds-bdst-carburetor"]}]},{"@type":"ImageObject","inLanguage":"de","@id":"https:\/\/www.frankmxparts.com.iclicksapp.nl\/de\/mikuni-pilot-jet-n151067-mikuni-bs-bst-bds-bdst-carburetor#primaryimage","url":"https:\/\/www.frankmxparts.com.iclicksapp.nl\/wp-content\/uploads\/2024\/11\/Mikuni-pilot-jet-N151067-Mikuni-BS-BST-BDS-BDST-carburetor-frank-mxparts.jpg","contentUrl":"https:\/\/www.frankmxparts.com.iclicksapp.nl\/wp-content\/uploads\/2024\/11\/Mikuni-pilot-jet-N151067-Mikuni-BS-BST-BDS-BDST-carburetor-frank-mxparts.jpg","width":750,"height":563},{"@type":"BreadcrumbList","@id":"https:\/\/www.frankmxparts.com.iclicksapp.nl\/de\/mikuni-pilot-jet-n151067-mikuni-bs-bst-bds-bdst-carburetor#breadcrumb","itemListElement":[{"@type":"ListItem","position":1,"name":"Home","item":"https:\/\/www.frankmxparts.com.iclicksapp.nl\/de"},{"@type":"ListItem","position":2,"name":"Shop","item":"https:\/\/www.frankmxparts.com.iclicksapp.nl\/winkel"},{"@type":"ListItem","position":3,"name":"Mikuni Leerlauf D\u00fcse N151067 \/ Mikuni BS BST BDS BDST Vergaser"}]},{"@type":"WebSite","@id":"https:\/\/www.frankmxparts.com.iclicksapp.nl\/de\/#website","url":"https:\/\/www.frankmxparts.com.iclicksapp.nl\/de\/","name":"Frank! MXParts","description":"","publisher":{"@id":"https:\/\/www.frankmxparts.com.iclicksapp.nl\/de\/#organization"},"potentialAction":[{"@type":"SearchAction","target":{"@type":"EntryPoint","urlTemplate":"https:\/\/www.frankmxparts.com.iclicksapp.nl\/de\/?s={search_term_string}"},"query-input":{"@type":"PropertyValueSpecification","valueRequired":true,"valueName":"search_term_string"}}],"inLanguage":"de"},{"@type":"Organization","@id":"https:\/\/www.frankmxparts.com.iclicksapp.nl\/de\/#organization","name":"Frank! MXParts","url":"https:\/\/www.frankmxparts.com.iclicksapp.nl\/de\/","logo":{"@type":"ImageObject","inLanguage":"de","@id":"https:\/\/www.frankmxparts.com.iclicksapp.nl\/de\/#\/schema\/logo\/image\/","url":"https:\/\/www.frankmxparts.com.iclicksapp.nl\/wp-content\/uploads\/2024\/01\/frank-mxparts-logo.svg","contentUrl":"https:\/\/www.frankmxparts.com.iclicksapp.nl\/wp-content\/uploads\/2024\/01\/frank-mxparts-logo.svg","width":301,"height":88,"caption":"Frank! MXParts"},"image":{"@id":"https:\/\/www.frankmxparts.com.iclicksapp.nl\/de\/#\/schema\/logo\/image\/"}}]}},"_links":{"self":[{"href":"https:\/\/www.frankmxparts.com.iclicksapp.nl\/de\/wp-json\/wp\/v2\/product\/214748","targetHints":{"allow":["GET"]}}],"collection":[{"href":"https:\/\/www.frankmxparts.com.iclicksapp.nl\/de\/wp-json\/wp\/v2\/product"}],"about":[{"href":"https:\/\/www.frankmxparts.com.iclicksapp.nl\/de\/wp-json\/wp\/v2\/types\/product"}],"replies":[{"embeddable":true,"href":"https:\/\/www.frankmxparts.com.iclicksapp.nl\/de\/wp-json\/wp\/v2\/comments?post=214748"}],"wp:featuredmedia":[{"embeddable":true,"href":"https:\/\/www.frankmxparts.com.iclicksapp.nl\/de\/wp-json\/wp\/v2\/media\/204647"}],"wp:attachment":[{"href":"https:\/\/www.frankmxparts.com.iclicksapp.nl\/de\/wp-json\/wp\/v2\/media?parent=214748"}],"wp:term":[{"taxonomy":"product_brand","embeddable":true,"href":"https:\/\/www.frankmxparts.com.iclicksapp.nl\/de\/wp-json\/wp\/v2\/product_brand?post=214748"},{"taxonomy":"product_cat","embeddable":true,"href":"https:\/\/www.frankmxparts.com.iclicksapp.nl\/de\/wp-json\/wp\/v2\/product_cat?post=214748"},{"taxonomy":"product_tag","embeddable":true,"href":"https:\/\/www.frankmxparts.com.iclicksapp.nl\/de\/wp-json\/wp\/v2\/product_tag?post=214748"}],"curies":[{"name":"wp","href":"https:\/\/api.w.org\/{rel}","templated":true}]}}