{"id":214895,"date":"2024-11-19T22:48:36","date_gmt":"2024-11-19T21:48:36","guid":{"rendered":"https:\/\/www.frankmxparts.com.iclicksapp.nl\/product\/jd-jetting-kientech-fuel-screw-jdfm050-mikuni-bsr36-carburetor-suzuki-drz400-s-sm-ltz400"},"modified":"2024-12-16T12:02:51","modified_gmt":"2024-12-16T11:02:51","slug":"jd-jetting-kientech-fuel-screw-jdfm050-mikuni-bsr36-carburetor-suzuki-drz400-s-sm-ltz400","status":"publish","type":"product","link":"https:\/\/www.frankmxparts.com.iclicksapp.nl\/de\/jd-jetting-kientech-fuel-screw-jdfm050-mikuni-bsr36-carburetor-suzuki-drz400-s-sm-ltz400","title":{"rendered":"JD Jetting Kientech Gemischreguliserschraube \/ Mikuni BSR36 Vergaser Suzuki DRZ400 S\/SM LTZ400"},"content":{"rendered":"<p>\n<strong>JD Jetting &#8211; Kientech Gemischregulerschraube f\u00fcr Mikuni BSR36 Vergaser<\/strong>.<\/p>\n<p>Einfach anpassen von das Gemisch, ohne Werkzeuge. CNC angefertigt f\u00fcr beste Qualit\u00e4t und um eine zuverl\u00e4ssige Einstellung zu gew\u00e4hrleisten.<\/p>\n<p><strong>Passend f\u00fcr<\/strong>:<\/p>\n<ul>\n<li>den Suzuki DRZ400 S\/SM (mit den Mikuni BSR36&nbsp;Vergaser)<\/li>\n<li>den Suzuki LTZ400 (mit den Mikuni BSR36 Vergaser).<\/li>\n<\/ul>\n<p>\nFeder\/Unterlegscheibe\/O-Ring nicht einschlie\u00dfloch&nbsp;(verwenden Sie diese von den serienm\u00e4\u00dfig verbauten CO-Schraube wieder).<br \/>\nPasst nicht auf den Keihin Vergaser.<\/p>\n<p>\nKomplett wie abgebildet.<\/p>\n<p>&nbsp;<\/p>\n","protected":false},"excerpt":{"rendered":"<p>JD Jetting &#8211; Kientech Gemischregulerschraube f\u00fcr Mikuni BSR36 Vergaser. Einfach anpassen von das Gemisch, ohne Werkzeuge. CNC angefertigt f\u00fcr beste Qualit\u00e4t und um eine zuverl\u00e4ssige Einstellung zu gew\u00e4hrleisten. Passend f\u00fcr: den Suzuki DRZ400 S\/SM (mit den Mikuni BSR36&nbsp;Vergaser) den Suzuki LTZ400 (mit den Mikuni BSR36 Vergaser). Feder\/Unterlegscheibe\/O-Ring nicht einschlie\u00dfloch&nbsp;(verwenden Sie diese von den serienm\u00e4\u00dfig verbauten [&hellip;]<\/p>\n","protected":false},"featured_media":205937,"comment_status":"closed","ping_status":"closed","template":"","meta":{"_acf_changed":false},"product_brand":[],"product_cat":[9441],"product_tag":[],"class_list":{"0":"post-214895","1":"product","2":"type-product","3":"status-publish","4":"has-post-thumbnail","6":"product_cat-uncategorized","7":"pa_manufacturer-jd-jetting-de","9":"first","10":"instock","11":"taxable","12":"shipping-taxable","13":"purchasable","14":"product-type-simple"},"acf":[],"yoast_head":"<!-- This site is optimized with the Yoast SEO plugin v27.3 - https:\/\/yoast.com\/product\/yoast-seo-wordpress\/ -->\n<title>JD Jetting Kientech Gemischreguliserschraube \/ Mikuni BSR36 Vergaser Suzuki DRZ400 S\/SM LTZ400 - Frank! MXParts<\/title>\n<meta name=\"robots\" content=\"noindex, follow, max-snippet:-1, max-image-preview:large, max-video-preview:-1\" \/>\n<meta property=\"og:locale\" content=\"de_DE\" \/>\n<meta property=\"og:type\" content=\"article\" \/>\n<meta property=\"og:title\" content=\"JD Jetting Kientech Gemischreguliserschraube \/ Mikuni BSR36 Vergaser Suzuki DRZ400 S\/SM LTZ400 - Frank! MXParts\" \/>\n<meta property=\"og:description\" content=\"JD Jetting &#8211; Kientech Gemischregulerschraube f\u00fcr Mikuni BSR36 Vergaser. Einfach anpassen von das Gemisch, ohne Werkzeuge. CNC angefertigt f\u00fcr beste Qualit\u00e4t und um eine zuverl\u00e4ssige Einstellung zu gew\u00e4hrleisten. Passend f\u00fcr: den Suzuki DRZ400 S\/SM (mit den Mikuni BSR36&nbsp;Vergaser) den Suzuki LTZ400 (mit den Mikuni BSR36 Vergaser). Feder\/Unterlegscheibe\/O-Ring nicht einschlie\u00dfloch&nbsp;(verwenden Sie diese von den serienm\u00e4\u00dfig verbauten [&hellip;]\" \/>\n<meta property=\"og:url\" content=\"https:\/\/www.frankmxparts.com.iclicksapp.nl\/de\/jd-jetting-kientech-fuel-screw-jdfm050-mikuni-bsr36-carburetor-suzuki-drz400-s-sm-ltz400\" \/>\n<meta property=\"og:site_name\" content=\"Frank! MXParts\" \/>\n<meta property=\"article:modified_time\" content=\"2024-12-16T11:02:51+00:00\" \/>\n<meta property=\"og:image\" content=\"https:\/\/www.frankmxparts.com.iclicksapp.nl\/wp-content\/uploads\/2024\/11\/JD-Jetting-Kientech-fuel-screw-JDFM050-Mikuni-BSR36-carburetor-Suzuki-DRZ400-S-SM-LTZ400-frank-mxparts-01.jpg\" \/>\n\t<meta property=\"og:image:width\" content=\"750\" \/>\n\t<meta property=\"og:image:height\" content=\"563\" \/>\n\t<meta property=\"og:image:type\" content=\"image\/jpeg\" \/>\n<meta name=\"twitter:card\" content=\"summary_large_image\" \/>\n<script type=\"application\/ld+json\" class=\"yoast-schema-graph\">{\"@context\":\"https:\\\/\\\/schema.org\",\"@graph\":[{\"@type\":\"WebPage\",\"@id\":\"https:\\\/\\\/www.frankmxparts.com.iclicksapp.nl\\\/de\\\/jd-jetting-kientech-fuel-screw-jdfm050-mikuni-bsr36-carburetor-suzuki-drz400-s-sm-ltz400\",\"url\":\"https:\\\/\\\/www.frankmxparts.com.iclicksapp.nl\\\/de\\\/jd-jetting-kientech-fuel-screw-jdfm050-mikuni-bsr36-carburetor-suzuki-drz400-s-sm-ltz400\",\"name\":\"JD Jetting Kientech Gemischreguliserschraube \\\/ Mikuni BSR36 Vergaser Suzuki DRZ400 S\\\/SM LTZ400 - Frank! MXParts\",\"isPartOf\":{\"@id\":\"https:\\\/\\\/www.frankmxparts.com.iclicksapp.nl\\\/de\\\/#website\"},\"primaryImageOfPage\":{\"@id\":\"https:\\\/\\\/www.frankmxparts.com.iclicksapp.nl\\\/de\\\/jd-jetting-kientech-fuel-screw-jdfm050-mikuni-bsr36-carburetor-suzuki-drz400-s-sm-ltz400#primaryimage\"},\"image\":{\"@id\":\"https:\\\/\\\/www.frankmxparts.com.iclicksapp.nl\\\/de\\\/jd-jetting-kientech-fuel-screw-jdfm050-mikuni-bsr36-carburetor-suzuki-drz400-s-sm-ltz400#primaryimage\"},\"thumbnailUrl\":\"https:\\\/\\\/www.frankmxparts.com.iclicksapp.nl\\\/wp-content\\\/uploads\\\/2024\\\/11\\\/JD-Jetting-Kientech-fuel-screw-JDFM050-Mikuni-BSR36-carburetor-Suzuki-DRZ400-S-SM-LTZ400-frank-mxparts-01.jpg\",\"datePublished\":\"2024-11-19T21:48:36+00:00\",\"dateModified\":\"2024-12-16T11:02:51+00:00\",\"breadcrumb\":{\"@id\":\"https:\\\/\\\/www.frankmxparts.com.iclicksapp.nl\\\/de\\\/jd-jetting-kientech-fuel-screw-jdfm050-mikuni-bsr36-carburetor-suzuki-drz400-s-sm-ltz400#breadcrumb\"},\"inLanguage\":\"de\",\"potentialAction\":[{\"@type\":\"ReadAction\",\"target\":[\"https:\\\/\\\/www.frankmxparts.com.iclicksapp.nl\\\/de\\\/jd-jetting-kientech-fuel-screw-jdfm050-mikuni-bsr36-carburetor-suzuki-drz400-s-sm-ltz400\"]}]},{\"@type\":\"ImageObject\",\"inLanguage\":\"de\",\"@id\":\"https:\\\/\\\/www.frankmxparts.com.iclicksapp.nl\\\/de\\\/jd-jetting-kientech-fuel-screw-jdfm050-mikuni-bsr36-carburetor-suzuki-drz400-s-sm-ltz400#primaryimage\",\"url\":\"https:\\\/\\\/www.frankmxparts.com.iclicksapp.nl\\\/wp-content\\\/uploads\\\/2024\\\/11\\\/JD-Jetting-Kientech-fuel-screw-JDFM050-Mikuni-BSR36-carburetor-Suzuki-DRZ400-S-SM-LTZ400-frank-mxparts-01.jpg\",\"contentUrl\":\"https:\\\/\\\/www.frankmxparts.com.iclicksapp.nl\\\/wp-content\\\/uploads\\\/2024\\\/11\\\/JD-Jetting-Kientech-fuel-screw-JDFM050-Mikuni-BSR36-carburetor-Suzuki-DRZ400-S-SM-LTZ400-frank-mxparts-01.jpg\",\"width\":750,\"height\":563},{\"@type\":\"BreadcrumbList\",\"@id\":\"https:\\\/\\\/www.frankmxparts.com.iclicksapp.nl\\\/de\\\/jd-jetting-kientech-fuel-screw-jdfm050-mikuni-bsr36-carburetor-suzuki-drz400-s-sm-ltz400#breadcrumb\",\"itemListElement\":[{\"@type\":\"ListItem\",\"position\":1,\"name\":\"Home\",\"item\":\"https:\\\/\\\/www.frankmxparts.com.iclicksapp.nl\\\/de\"},{\"@type\":\"ListItem\",\"position\":2,\"name\":\"Shop\",\"item\":\"https:\\\/\\\/www.frankmxparts.com.iclicksapp.nl\\\/winkel\"},{\"@type\":\"ListItem\",\"position\":3,\"name\":\"JD Jetting Kientech Gemischreguliserschraube \\\/ Mikuni BSR36 Vergaser Suzuki DRZ400 S\\\/SM LTZ400\"}]},{\"@type\":\"WebSite\",\"@id\":\"https:\\\/\\\/www.frankmxparts.com.iclicksapp.nl\\\/de\\\/#website\",\"url\":\"https:\\\/\\\/www.frankmxparts.com.iclicksapp.nl\\\/de\\\/\",\"name\":\"Frank! MXParts\",\"description\":\"\",\"publisher\":{\"@id\":\"https:\\\/\\\/www.frankmxparts.com.iclicksapp.nl\\\/de\\\/#organization\"},\"potentialAction\":[{\"@type\":\"SearchAction\",\"target\":{\"@type\":\"EntryPoint\",\"urlTemplate\":\"https:\\\/\\\/www.frankmxparts.com.iclicksapp.nl\\\/de\\\/?s={search_term_string}\"},\"query-input\":{\"@type\":\"PropertyValueSpecification\",\"valueRequired\":true,\"valueName\":\"search_term_string\"}}],\"inLanguage\":\"de\"},{\"@type\":\"Organization\",\"@id\":\"https:\\\/\\\/www.frankmxparts.com.iclicksapp.nl\\\/de\\\/#organization\",\"name\":\"Frank! MXParts\",\"url\":\"https:\\\/\\\/www.frankmxparts.com.iclicksapp.nl\\\/de\\\/\",\"logo\":{\"@type\":\"ImageObject\",\"inLanguage\":\"de\",\"@id\":\"https:\\\/\\\/www.frankmxparts.com.iclicksapp.nl\\\/de\\\/#\\\/schema\\\/logo\\\/image\\\/\",\"url\":\"https:\\\/\\\/www.frankmxparts.com.iclicksapp.nl\\\/wp-content\\\/uploads\\\/2024\\\/01\\\/frank-mxparts-logo.svg\",\"contentUrl\":\"https:\\\/\\\/www.frankmxparts.com.iclicksapp.nl\\\/wp-content\\\/uploads\\\/2024\\\/01\\\/frank-mxparts-logo.svg\",\"width\":301,\"height\":88,\"caption\":\"Frank! MXParts\"},\"image\":{\"@id\":\"https:\\\/\\\/www.frankmxparts.com.iclicksapp.nl\\\/de\\\/#\\\/schema\\\/logo\\\/image\\\/\"}}]}<\/script>\n<!-- \/ Yoast SEO plugin. -->","yoast_head_json":{"title":"JD Jetting Kientech Gemischreguliserschraube \/ Mikuni BSR36 Vergaser Suzuki DRZ400 S\/SM LTZ400 - Frank! MXParts","robots":{"index":"noindex","follow":"follow","max-snippet":"max-snippet:-1","max-image-preview":"max-image-preview:large","max-video-preview":"max-video-preview:-1"},"og_locale":"de_DE","og_type":"article","og_title":"JD Jetting Kientech Gemischreguliserschraube \/ Mikuni BSR36 Vergaser Suzuki DRZ400 S\/SM LTZ400 - Frank! MXParts","og_description":"JD Jetting &#8211; Kientech Gemischregulerschraube f\u00fcr Mikuni BSR36 Vergaser. Einfach anpassen von das Gemisch, ohne Werkzeuge. CNC angefertigt f\u00fcr beste Qualit\u00e4t und um eine zuverl\u00e4ssige Einstellung zu gew\u00e4hrleisten. Passend f\u00fcr: den Suzuki DRZ400 S\/SM (mit den Mikuni BSR36&nbsp;Vergaser) den Suzuki LTZ400 (mit den Mikuni BSR36 Vergaser). Feder\/Unterlegscheibe\/O-Ring nicht einschlie\u00dfloch&nbsp;(verwenden Sie diese von den serienm\u00e4\u00dfig verbauten [&hellip;]","og_url":"https:\/\/www.frankmxparts.com.iclicksapp.nl\/de\/jd-jetting-kientech-fuel-screw-jdfm050-mikuni-bsr36-carburetor-suzuki-drz400-s-sm-ltz400","og_site_name":"Frank! MXParts","article_modified_time":"2024-12-16T11:02:51+00:00","og_image":[{"width":750,"height":563,"url":"https:\/\/www.frankmxparts.com.iclicksapp.nl\/wp-content\/uploads\/2024\/11\/JD-Jetting-Kientech-fuel-screw-JDFM050-Mikuni-BSR36-carburetor-Suzuki-DRZ400-S-SM-LTZ400-frank-mxparts-01.jpg","type":"image\/jpeg"}],"twitter_card":"summary_large_image","schema":{"@context":"https:\/\/schema.org","@graph":[{"@type":"WebPage","@id":"https:\/\/www.frankmxparts.com.iclicksapp.nl\/de\/jd-jetting-kientech-fuel-screw-jdfm050-mikuni-bsr36-carburetor-suzuki-drz400-s-sm-ltz400","url":"https:\/\/www.frankmxparts.com.iclicksapp.nl\/de\/jd-jetting-kientech-fuel-screw-jdfm050-mikuni-bsr36-carburetor-suzuki-drz400-s-sm-ltz400","name":"JD Jetting Kientech Gemischreguliserschraube \/ Mikuni BSR36 Vergaser Suzuki DRZ400 S\/SM LTZ400 - Frank! MXParts","isPartOf":{"@id":"https:\/\/www.frankmxparts.com.iclicksapp.nl\/de\/#website"},"primaryImageOfPage":{"@id":"https:\/\/www.frankmxparts.com.iclicksapp.nl\/de\/jd-jetting-kientech-fuel-screw-jdfm050-mikuni-bsr36-carburetor-suzuki-drz400-s-sm-ltz400#primaryimage"},"image":{"@id":"https:\/\/www.frankmxparts.com.iclicksapp.nl\/de\/jd-jetting-kientech-fuel-screw-jdfm050-mikuni-bsr36-carburetor-suzuki-drz400-s-sm-ltz400#primaryimage"},"thumbnailUrl":"https:\/\/www.frankmxparts.com.iclicksapp.nl\/wp-content\/uploads\/2024\/11\/JD-Jetting-Kientech-fuel-screw-JDFM050-Mikuni-BSR36-carburetor-Suzuki-DRZ400-S-SM-LTZ400-frank-mxparts-01.jpg","datePublished":"2024-11-19T21:48:36+00:00","dateModified":"2024-12-16T11:02:51+00:00","breadcrumb":{"@id":"https:\/\/www.frankmxparts.com.iclicksapp.nl\/de\/jd-jetting-kientech-fuel-screw-jdfm050-mikuni-bsr36-carburetor-suzuki-drz400-s-sm-ltz400#breadcrumb"},"inLanguage":"de","potentialAction":[{"@type":"ReadAction","target":["https:\/\/www.frankmxparts.com.iclicksapp.nl\/de\/jd-jetting-kientech-fuel-screw-jdfm050-mikuni-bsr36-carburetor-suzuki-drz400-s-sm-ltz400"]}]},{"@type":"ImageObject","inLanguage":"de","@id":"https:\/\/www.frankmxparts.com.iclicksapp.nl\/de\/jd-jetting-kientech-fuel-screw-jdfm050-mikuni-bsr36-carburetor-suzuki-drz400-s-sm-ltz400#primaryimage","url":"https:\/\/www.frankmxparts.com.iclicksapp.nl\/wp-content\/uploads\/2024\/11\/JD-Jetting-Kientech-fuel-screw-JDFM050-Mikuni-BSR36-carburetor-Suzuki-DRZ400-S-SM-LTZ400-frank-mxparts-01.jpg","contentUrl":"https:\/\/www.frankmxparts.com.iclicksapp.nl\/wp-content\/uploads\/2024\/11\/JD-Jetting-Kientech-fuel-screw-JDFM050-Mikuni-BSR36-carburetor-Suzuki-DRZ400-S-SM-LTZ400-frank-mxparts-01.jpg","width":750,"height":563},{"@type":"BreadcrumbList","@id":"https:\/\/www.frankmxparts.com.iclicksapp.nl\/de\/jd-jetting-kientech-fuel-screw-jdfm050-mikuni-bsr36-carburetor-suzuki-drz400-s-sm-ltz400#breadcrumb","itemListElement":[{"@type":"ListItem","position":1,"name":"Home","item":"https:\/\/www.frankmxparts.com.iclicksapp.nl\/de"},{"@type":"ListItem","position":2,"name":"Shop","item":"https:\/\/www.frankmxparts.com.iclicksapp.nl\/winkel"},{"@type":"ListItem","position":3,"name":"JD Jetting Kientech Gemischreguliserschraube \/ Mikuni BSR36 Vergaser Suzuki DRZ400 S\/SM LTZ400"}]},{"@type":"WebSite","@id":"https:\/\/www.frankmxparts.com.iclicksapp.nl\/de\/#website","url":"https:\/\/www.frankmxparts.com.iclicksapp.nl\/de\/","name":"Frank! MXParts","description":"","publisher":{"@id":"https:\/\/www.frankmxparts.com.iclicksapp.nl\/de\/#organization"},"potentialAction":[{"@type":"SearchAction","target":{"@type":"EntryPoint","urlTemplate":"https:\/\/www.frankmxparts.com.iclicksapp.nl\/de\/?s={search_term_string}"},"query-input":{"@type":"PropertyValueSpecification","valueRequired":true,"valueName":"search_term_string"}}],"inLanguage":"de"},{"@type":"Organization","@id":"https:\/\/www.frankmxparts.com.iclicksapp.nl\/de\/#organization","name":"Frank! MXParts","url":"https:\/\/www.frankmxparts.com.iclicksapp.nl\/de\/","logo":{"@type":"ImageObject","inLanguage":"de","@id":"https:\/\/www.frankmxparts.com.iclicksapp.nl\/de\/#\/schema\/logo\/image\/","url":"https:\/\/www.frankmxparts.com.iclicksapp.nl\/wp-content\/uploads\/2024\/01\/frank-mxparts-logo.svg","contentUrl":"https:\/\/www.frankmxparts.com.iclicksapp.nl\/wp-content\/uploads\/2024\/01\/frank-mxparts-logo.svg","width":301,"height":88,"caption":"Frank! MXParts"},"image":{"@id":"https:\/\/www.frankmxparts.com.iclicksapp.nl\/de\/#\/schema\/logo\/image\/"}}]}},"_links":{"self":[{"href":"https:\/\/www.frankmxparts.com.iclicksapp.nl\/de\/wp-json\/wp\/v2\/product\/214895","targetHints":{"allow":["GET"]}}],"collection":[{"href":"https:\/\/www.frankmxparts.com.iclicksapp.nl\/de\/wp-json\/wp\/v2\/product"}],"about":[{"href":"https:\/\/www.frankmxparts.com.iclicksapp.nl\/de\/wp-json\/wp\/v2\/types\/product"}],"replies":[{"embeddable":true,"href":"https:\/\/www.frankmxparts.com.iclicksapp.nl\/de\/wp-json\/wp\/v2\/comments?post=214895"}],"wp:featuredmedia":[{"embeddable":true,"href":"https:\/\/www.frankmxparts.com.iclicksapp.nl\/de\/wp-json\/wp\/v2\/media\/205937"}],"wp:attachment":[{"href":"https:\/\/www.frankmxparts.com.iclicksapp.nl\/de\/wp-json\/wp\/v2\/media?parent=214895"}],"wp:term":[{"taxonomy":"product_brand","embeddable":true,"href":"https:\/\/www.frankmxparts.com.iclicksapp.nl\/de\/wp-json\/wp\/v2\/product_brand?post=214895"},{"taxonomy":"product_cat","embeddable":true,"href":"https:\/\/www.frankmxparts.com.iclicksapp.nl\/de\/wp-json\/wp\/v2\/product_cat?post=214895"},{"taxonomy":"product_tag","embeddable":true,"href":"https:\/\/www.frankmxparts.com.iclicksapp.nl\/de\/wp-json\/wp\/v2\/product_tag?post=214895"}],"curies":[{"name":"wp","href":"https:\/\/api.w.org\/{rel}","templated":true}]}}