{"id":214947,"date":"2024-11-19T22:50:30","date_gmt":"2024-11-19T21:50:30","guid":{"rendered":"https:\/\/www.frankmxparts.com.iclicksapp.nl\/product\/cable-operated-choke-assembly-002-531-mikuni-tm-vm-carburetor"},"modified":"2024-11-28T14:22:58","modified_gmt":"2024-11-28T12:22:58","slug":"cable-operated-choke-assembly-002-531-mikuni-tm-vm-carburetor","status":"publish","type":"product","link":"https:\/\/www.frankmxparts.com.iclicksapp.nl\/de\/cable-operated-choke-assembly-002-531-mikuni-tm-vm-carburetor","title":{"rendered":"Choke f\u00fcr Kabelbetrieb \/ Mikuni TM VM Vergaser"},"content":{"rendered":"<p>\n<strong>Kaltstartbet\u00e4tigung f\u00fcr Kabelbetrieb f\u00fcr Mikuni TM &amp; VM Vergaser.<\/strong><\/p>\n<p><strong>Original Mikuni aus Japan<\/strong>, hoghwertige Teile. Ersetzt den Choke auf Mikuni, falls Sie den Choke via ein Kabel bedienen m\u00f6chten.<\/p>\n<p><strong>Passend f\u00fcr<\/strong>&nbsp;(Flachschieber Vergaser):<\/p>\n<ul>\n<li>Mikuni&nbsp;TM27-8006<\/li>\n<li>Mikuni&nbsp;TM35-1<\/li>\n<li>Mikuni&nbsp;TM38-18<\/li>\n<li>Mikuni&nbsp;TM38-27<\/li>\n<li>Mikuni&nbsp;TM38-131<\/li>\n<li>Mikuni&nbsp;TM38-157<\/li>\n<li>Mikuni&nbsp;TMX38-1<\/li>\n<li>Mikuni&nbsp;TMX38-2<\/li>\n<li>Mikuni&nbsp;TMX38-5&nbsp;<\/li>\n<li>Mikuni&nbsp;TM32-1<\/li>\n<li>Mikuni&nbsp;TM34-2<\/li>\n<li>Mikuni&nbsp;TM36-2<\/li>\n<li>Mikuni&nbsp;TM38-85<\/li>\n<li>Mikuni&nbsp;TM38-86.<\/li>\n<\/ul>\n<p><strong>Passend f\u00fcr<\/strong>&nbsp;(Rundschieber Vergaser):<\/p>\n<ul>\n<li>Mikuni&nbsp;VM17-8101<\/li>\n<li>Mikuni&nbsp;VM18-144<\/li>\n<li>Mikuni&nbsp;VM20-151<\/li>\n<li>Mikuni&nbsp;VM30-83<\/li>\n<li>Mikuni&nbsp;VM32-33<\/li>\n<li>Mikuni&nbsp;VM32-193<\/li>\n<li>Mikuni&nbsp;VM34-168<\/li>\n<li>Mikuni&nbsp;VM34-168<\/li>\n<li>Mikuni&nbsp;VM36-4<\/li>\n<li>Mikuni&nbsp;VM38-9<\/li>\n<li>Mikuni&nbsp;VM40-4<\/li>\n<li>Mikuni&nbsp;VM44-3.<\/li>\n<\/ul>\n<p>&nbsp;<\/p>\n<p>\nKomplett wie abgebildet.<br \/>\n&nbsp;<\/p>\n<p>&nbsp;<\/p>\n<p>&nbsp;<\/p>\n","protected":false},"excerpt":{"rendered":"<p>Kaltstartbet\u00e4tigung f\u00fcr Kabelbetrieb f\u00fcr Mikuni TM &amp; VM Vergaser. Original Mikuni aus Japan, hoghwertige Teile. Ersetzt den Choke auf Mikuni, falls Sie den Choke via ein Kabel bedienen m\u00f6chten. Passend f\u00fcr&nbsp;(Flachschieber Vergaser): Mikuni&nbsp;TM27-8006 Mikuni&nbsp;TM35-1 Mikuni&nbsp;TM38-18 Mikuni&nbsp;TM38-27 Mikuni&nbsp;TM38-131 Mikuni&nbsp;TM38-157 Mikuni&nbsp;TMX38-1 Mikuni&nbsp;TMX38-2 Mikuni&nbsp;TMX38-5&nbsp; Mikuni&nbsp;TM32-1 Mikuni&nbsp;TM34-2 Mikuni&nbsp;TM36-2 Mikuni&nbsp;TM38-85 Mikuni&nbsp;TM38-86. Passend f\u00fcr&nbsp;(Rundschieber Vergaser): Mikuni&nbsp;VM17-8101 Mikuni&nbsp;VM18-144 Mikuni&nbsp;VM20-151 Mikuni&nbsp;VM30-83 Mikuni&nbsp;VM32-33 Mikuni&nbsp;VM32-193 [&hellip;]<\/p>\n","protected":false},"featured_media":206331,"comment_status":"closed","ping_status":"closed","template":"","meta":{"_acf_changed":false},"product_brand":[],"product_cat":[9441],"product_tag":[],"class_list":{"0":"post-214947","1":"product","2":"type-product","3":"status-publish","4":"has-post-thumbnail","6":"product_cat-uncategorized","7":"pa_manufacturer-mikuni-de","9":"first","10":"instock","11":"taxable","12":"shipping-taxable","13":"purchasable","14":"product-type-simple"},"acf":[],"yoast_head":"<!-- This site is optimized with the Yoast SEO plugin v27.3 - https:\/\/yoast.com\/product\/yoast-seo-wordpress\/ -->\n<title>Choke f\u00fcr Kabelbetrieb \/ Mikuni TM VM Vergaser - Frank! MXParts<\/title>\n<meta name=\"robots\" content=\"noindex, follow, max-snippet:-1, max-image-preview:large, max-video-preview:-1\" \/>\n<meta property=\"og:locale\" content=\"de_DE\" \/>\n<meta property=\"og:type\" content=\"article\" \/>\n<meta property=\"og:title\" content=\"Choke f\u00fcr Kabelbetrieb \/ Mikuni TM VM Vergaser - Frank! MXParts\" \/>\n<meta property=\"og:description\" content=\"Kaltstartbet\u00e4tigung f\u00fcr Kabelbetrieb f\u00fcr Mikuni TM &amp; VM Vergaser. Original Mikuni aus Japan, hoghwertige Teile. Ersetzt den Choke auf Mikuni, falls Sie den Choke via ein Kabel bedienen m\u00f6chten. Passend f\u00fcr&nbsp;(Flachschieber Vergaser): Mikuni&nbsp;TM27-8006 Mikuni&nbsp;TM35-1 Mikuni&nbsp;TM38-18 Mikuni&nbsp;TM38-27 Mikuni&nbsp;TM38-131 Mikuni&nbsp;TM38-157 Mikuni&nbsp;TMX38-1 Mikuni&nbsp;TMX38-2 Mikuni&nbsp;TMX38-5&nbsp; Mikuni&nbsp;TM32-1 Mikuni&nbsp;TM34-2 Mikuni&nbsp;TM36-2 Mikuni&nbsp;TM38-85 Mikuni&nbsp;TM38-86. Passend f\u00fcr&nbsp;(Rundschieber Vergaser): Mikuni&nbsp;VM17-8101 Mikuni&nbsp;VM18-144 Mikuni&nbsp;VM20-151 Mikuni&nbsp;VM30-83 Mikuni&nbsp;VM32-33 Mikuni&nbsp;VM32-193 [&hellip;]\" \/>\n<meta property=\"og:url\" content=\"https:\/\/www.frankmxparts.com.iclicksapp.nl\/de\/cable-operated-choke-assembly-002-531-mikuni-tm-vm-carburetor\" \/>\n<meta property=\"og:site_name\" content=\"Frank! MXParts\" \/>\n<meta property=\"article:modified_time\" content=\"2024-11-28T12:22:58+00:00\" \/>\n<meta property=\"og:image\" content=\"https:\/\/www.frankmxparts.com.iclicksapp.nl\/wp-content\/uploads\/2024\/11\/cable-operated-choke-assembly-002-531-Mikuni-TM-VM-carburetor-frank-mxparts.jpg\" \/>\n\t<meta property=\"og:image:width\" content=\"750\" \/>\n\t<meta property=\"og:image:height\" content=\"563\" \/>\n\t<meta property=\"og:image:type\" content=\"image\/jpeg\" \/>\n<meta name=\"twitter:card\" content=\"summary_large_image\" \/>\n<meta name=\"twitter:label1\" content=\"Gesch\u00e4tzte Lesezeit\" \/>\n\t<meta name=\"twitter:data1\" content=\"1\u00a0Minute\" \/>\n<script type=\"application\/ld+json\" class=\"yoast-schema-graph\">{\"@context\":\"https:\\\/\\\/schema.org\",\"@graph\":[{\"@type\":\"WebPage\",\"@id\":\"https:\\\/\\\/www.frankmxparts.com.iclicksapp.nl\\\/de\\\/cable-operated-choke-assembly-002-531-mikuni-tm-vm-carburetor\",\"url\":\"https:\\\/\\\/www.frankmxparts.com.iclicksapp.nl\\\/de\\\/cable-operated-choke-assembly-002-531-mikuni-tm-vm-carburetor\",\"name\":\"Choke f\u00fcr Kabelbetrieb \\\/ Mikuni TM VM Vergaser - Frank! MXParts\",\"isPartOf\":{\"@id\":\"https:\\\/\\\/www.frankmxparts.com.iclicksapp.nl\\\/de\\\/#website\"},\"primaryImageOfPage\":{\"@id\":\"https:\\\/\\\/www.frankmxparts.com.iclicksapp.nl\\\/de\\\/cable-operated-choke-assembly-002-531-mikuni-tm-vm-carburetor#primaryimage\"},\"image\":{\"@id\":\"https:\\\/\\\/www.frankmxparts.com.iclicksapp.nl\\\/de\\\/cable-operated-choke-assembly-002-531-mikuni-tm-vm-carburetor#primaryimage\"},\"thumbnailUrl\":\"https:\\\/\\\/www.frankmxparts.com.iclicksapp.nl\\\/wp-content\\\/uploads\\\/2024\\\/11\\\/cable-operated-choke-assembly-002-531-Mikuni-TM-VM-carburetor-frank-mxparts.jpg\",\"datePublished\":\"2024-11-19T21:50:30+00:00\",\"dateModified\":\"2024-11-28T12:22:58+00:00\",\"breadcrumb\":{\"@id\":\"https:\\\/\\\/www.frankmxparts.com.iclicksapp.nl\\\/de\\\/cable-operated-choke-assembly-002-531-mikuni-tm-vm-carburetor#breadcrumb\"},\"inLanguage\":\"de\",\"potentialAction\":[{\"@type\":\"ReadAction\",\"target\":[\"https:\\\/\\\/www.frankmxparts.com.iclicksapp.nl\\\/de\\\/cable-operated-choke-assembly-002-531-mikuni-tm-vm-carburetor\"]}]},{\"@type\":\"ImageObject\",\"inLanguage\":\"de\",\"@id\":\"https:\\\/\\\/www.frankmxparts.com.iclicksapp.nl\\\/de\\\/cable-operated-choke-assembly-002-531-mikuni-tm-vm-carburetor#primaryimage\",\"url\":\"https:\\\/\\\/www.frankmxparts.com.iclicksapp.nl\\\/wp-content\\\/uploads\\\/2024\\\/11\\\/cable-operated-choke-assembly-002-531-Mikuni-TM-VM-carburetor-frank-mxparts.jpg\",\"contentUrl\":\"https:\\\/\\\/www.frankmxparts.com.iclicksapp.nl\\\/wp-content\\\/uploads\\\/2024\\\/11\\\/cable-operated-choke-assembly-002-531-Mikuni-TM-VM-carburetor-frank-mxparts.jpg\",\"width\":750,\"height\":563},{\"@type\":\"BreadcrumbList\",\"@id\":\"https:\\\/\\\/www.frankmxparts.com.iclicksapp.nl\\\/de\\\/cable-operated-choke-assembly-002-531-mikuni-tm-vm-carburetor#breadcrumb\",\"itemListElement\":[{\"@type\":\"ListItem\",\"position\":1,\"name\":\"Home\",\"item\":\"https:\\\/\\\/www.frankmxparts.com.iclicksapp.nl\\\/de\"},{\"@type\":\"ListItem\",\"position\":2,\"name\":\"Shop\",\"item\":\"https:\\\/\\\/www.frankmxparts.com.iclicksapp.nl\\\/winkel\"},{\"@type\":\"ListItem\",\"position\":3,\"name\":\"Choke f\u00fcr Kabelbetrieb \\\/ Mikuni TM VM Vergaser\"}]},{\"@type\":\"WebSite\",\"@id\":\"https:\\\/\\\/www.frankmxparts.com.iclicksapp.nl\\\/de\\\/#website\",\"url\":\"https:\\\/\\\/www.frankmxparts.com.iclicksapp.nl\\\/de\\\/\",\"name\":\"Frank! MXParts\",\"description\":\"\",\"publisher\":{\"@id\":\"https:\\\/\\\/www.frankmxparts.com.iclicksapp.nl\\\/de\\\/#organization\"},\"potentialAction\":[{\"@type\":\"SearchAction\",\"target\":{\"@type\":\"EntryPoint\",\"urlTemplate\":\"https:\\\/\\\/www.frankmxparts.com.iclicksapp.nl\\\/de\\\/?s={search_term_string}\"},\"query-input\":{\"@type\":\"PropertyValueSpecification\",\"valueRequired\":true,\"valueName\":\"search_term_string\"}}],\"inLanguage\":\"de\"},{\"@type\":\"Organization\",\"@id\":\"https:\\\/\\\/www.frankmxparts.com.iclicksapp.nl\\\/de\\\/#organization\",\"name\":\"Frank! MXParts\",\"url\":\"https:\\\/\\\/www.frankmxparts.com.iclicksapp.nl\\\/de\\\/\",\"logo\":{\"@type\":\"ImageObject\",\"inLanguage\":\"de\",\"@id\":\"https:\\\/\\\/www.frankmxparts.com.iclicksapp.nl\\\/de\\\/#\\\/schema\\\/logo\\\/image\\\/\",\"url\":\"https:\\\/\\\/www.frankmxparts.com.iclicksapp.nl\\\/wp-content\\\/uploads\\\/2024\\\/01\\\/frank-mxparts-logo.svg\",\"contentUrl\":\"https:\\\/\\\/www.frankmxparts.com.iclicksapp.nl\\\/wp-content\\\/uploads\\\/2024\\\/01\\\/frank-mxparts-logo.svg\",\"width\":301,\"height\":88,\"caption\":\"Frank! MXParts\"},\"image\":{\"@id\":\"https:\\\/\\\/www.frankmxparts.com.iclicksapp.nl\\\/de\\\/#\\\/schema\\\/logo\\\/image\\\/\"}}]}<\/script>\n<!-- \/ Yoast SEO plugin. -->","yoast_head_json":{"title":"Choke f\u00fcr Kabelbetrieb \/ Mikuni TM VM Vergaser - Frank! MXParts","robots":{"index":"noindex","follow":"follow","max-snippet":"max-snippet:-1","max-image-preview":"max-image-preview:large","max-video-preview":"max-video-preview:-1"},"og_locale":"de_DE","og_type":"article","og_title":"Choke f\u00fcr Kabelbetrieb \/ Mikuni TM VM Vergaser - Frank! MXParts","og_description":"Kaltstartbet\u00e4tigung f\u00fcr Kabelbetrieb f\u00fcr Mikuni TM &amp; VM Vergaser. Original Mikuni aus Japan, hoghwertige Teile. Ersetzt den Choke auf Mikuni, falls Sie den Choke via ein Kabel bedienen m\u00f6chten. Passend f\u00fcr&nbsp;(Flachschieber Vergaser): Mikuni&nbsp;TM27-8006 Mikuni&nbsp;TM35-1 Mikuni&nbsp;TM38-18 Mikuni&nbsp;TM38-27 Mikuni&nbsp;TM38-131 Mikuni&nbsp;TM38-157 Mikuni&nbsp;TMX38-1 Mikuni&nbsp;TMX38-2 Mikuni&nbsp;TMX38-5&nbsp; Mikuni&nbsp;TM32-1 Mikuni&nbsp;TM34-2 Mikuni&nbsp;TM36-2 Mikuni&nbsp;TM38-85 Mikuni&nbsp;TM38-86. Passend f\u00fcr&nbsp;(Rundschieber Vergaser): Mikuni&nbsp;VM17-8101 Mikuni&nbsp;VM18-144 Mikuni&nbsp;VM20-151 Mikuni&nbsp;VM30-83 Mikuni&nbsp;VM32-33 Mikuni&nbsp;VM32-193 [&hellip;]","og_url":"https:\/\/www.frankmxparts.com.iclicksapp.nl\/de\/cable-operated-choke-assembly-002-531-mikuni-tm-vm-carburetor","og_site_name":"Frank! MXParts","article_modified_time":"2024-11-28T12:22:58+00:00","og_image":[{"width":750,"height":563,"url":"https:\/\/www.frankmxparts.com.iclicksapp.nl\/wp-content\/uploads\/2024\/11\/cable-operated-choke-assembly-002-531-Mikuni-TM-VM-carburetor-frank-mxparts.jpg","type":"image\/jpeg"}],"twitter_card":"summary_large_image","twitter_misc":{"Gesch\u00e4tzte Lesezeit":"1\u00a0Minute"},"schema":{"@context":"https:\/\/schema.org","@graph":[{"@type":"WebPage","@id":"https:\/\/www.frankmxparts.com.iclicksapp.nl\/de\/cable-operated-choke-assembly-002-531-mikuni-tm-vm-carburetor","url":"https:\/\/www.frankmxparts.com.iclicksapp.nl\/de\/cable-operated-choke-assembly-002-531-mikuni-tm-vm-carburetor","name":"Choke f\u00fcr Kabelbetrieb \/ Mikuni TM VM Vergaser - Frank! MXParts","isPartOf":{"@id":"https:\/\/www.frankmxparts.com.iclicksapp.nl\/de\/#website"},"primaryImageOfPage":{"@id":"https:\/\/www.frankmxparts.com.iclicksapp.nl\/de\/cable-operated-choke-assembly-002-531-mikuni-tm-vm-carburetor#primaryimage"},"image":{"@id":"https:\/\/www.frankmxparts.com.iclicksapp.nl\/de\/cable-operated-choke-assembly-002-531-mikuni-tm-vm-carburetor#primaryimage"},"thumbnailUrl":"https:\/\/www.frankmxparts.com.iclicksapp.nl\/wp-content\/uploads\/2024\/11\/cable-operated-choke-assembly-002-531-Mikuni-TM-VM-carburetor-frank-mxparts.jpg","datePublished":"2024-11-19T21:50:30+00:00","dateModified":"2024-11-28T12:22:58+00:00","breadcrumb":{"@id":"https:\/\/www.frankmxparts.com.iclicksapp.nl\/de\/cable-operated-choke-assembly-002-531-mikuni-tm-vm-carburetor#breadcrumb"},"inLanguage":"de","potentialAction":[{"@type":"ReadAction","target":["https:\/\/www.frankmxparts.com.iclicksapp.nl\/de\/cable-operated-choke-assembly-002-531-mikuni-tm-vm-carburetor"]}]},{"@type":"ImageObject","inLanguage":"de","@id":"https:\/\/www.frankmxparts.com.iclicksapp.nl\/de\/cable-operated-choke-assembly-002-531-mikuni-tm-vm-carburetor#primaryimage","url":"https:\/\/www.frankmxparts.com.iclicksapp.nl\/wp-content\/uploads\/2024\/11\/cable-operated-choke-assembly-002-531-Mikuni-TM-VM-carburetor-frank-mxparts.jpg","contentUrl":"https:\/\/www.frankmxparts.com.iclicksapp.nl\/wp-content\/uploads\/2024\/11\/cable-operated-choke-assembly-002-531-Mikuni-TM-VM-carburetor-frank-mxparts.jpg","width":750,"height":563},{"@type":"BreadcrumbList","@id":"https:\/\/www.frankmxparts.com.iclicksapp.nl\/de\/cable-operated-choke-assembly-002-531-mikuni-tm-vm-carburetor#breadcrumb","itemListElement":[{"@type":"ListItem","position":1,"name":"Home","item":"https:\/\/www.frankmxparts.com.iclicksapp.nl\/de"},{"@type":"ListItem","position":2,"name":"Shop","item":"https:\/\/www.frankmxparts.com.iclicksapp.nl\/winkel"},{"@type":"ListItem","position":3,"name":"Choke f\u00fcr Kabelbetrieb \/ Mikuni TM VM Vergaser"}]},{"@type":"WebSite","@id":"https:\/\/www.frankmxparts.com.iclicksapp.nl\/de\/#website","url":"https:\/\/www.frankmxparts.com.iclicksapp.nl\/de\/","name":"Frank! MXParts","description":"","publisher":{"@id":"https:\/\/www.frankmxparts.com.iclicksapp.nl\/de\/#organization"},"potentialAction":[{"@type":"SearchAction","target":{"@type":"EntryPoint","urlTemplate":"https:\/\/www.frankmxparts.com.iclicksapp.nl\/de\/?s={search_term_string}"},"query-input":{"@type":"PropertyValueSpecification","valueRequired":true,"valueName":"search_term_string"}}],"inLanguage":"de"},{"@type":"Organization","@id":"https:\/\/www.frankmxparts.com.iclicksapp.nl\/de\/#organization","name":"Frank! MXParts","url":"https:\/\/www.frankmxparts.com.iclicksapp.nl\/de\/","logo":{"@type":"ImageObject","inLanguage":"de","@id":"https:\/\/www.frankmxparts.com.iclicksapp.nl\/de\/#\/schema\/logo\/image\/","url":"https:\/\/www.frankmxparts.com.iclicksapp.nl\/wp-content\/uploads\/2024\/01\/frank-mxparts-logo.svg","contentUrl":"https:\/\/www.frankmxparts.com.iclicksapp.nl\/wp-content\/uploads\/2024\/01\/frank-mxparts-logo.svg","width":301,"height":88,"caption":"Frank! MXParts"},"image":{"@id":"https:\/\/www.frankmxparts.com.iclicksapp.nl\/de\/#\/schema\/logo\/image\/"}}]}},"_links":{"self":[{"href":"https:\/\/www.frankmxparts.com.iclicksapp.nl\/de\/wp-json\/wp\/v2\/product\/214947","targetHints":{"allow":["GET"]}}],"collection":[{"href":"https:\/\/www.frankmxparts.com.iclicksapp.nl\/de\/wp-json\/wp\/v2\/product"}],"about":[{"href":"https:\/\/www.frankmxparts.com.iclicksapp.nl\/de\/wp-json\/wp\/v2\/types\/product"}],"replies":[{"embeddable":true,"href":"https:\/\/www.frankmxparts.com.iclicksapp.nl\/de\/wp-json\/wp\/v2\/comments?post=214947"}],"wp:featuredmedia":[{"embeddable":true,"href":"https:\/\/www.frankmxparts.com.iclicksapp.nl\/de\/wp-json\/wp\/v2\/media\/206331"}],"wp:attachment":[{"href":"https:\/\/www.frankmxparts.com.iclicksapp.nl\/de\/wp-json\/wp\/v2\/media?parent=214947"}],"wp:term":[{"taxonomy":"product_brand","embeddable":true,"href":"https:\/\/www.frankmxparts.com.iclicksapp.nl\/de\/wp-json\/wp\/v2\/product_brand?post=214947"},{"taxonomy":"product_cat","embeddable":true,"href":"https:\/\/www.frankmxparts.com.iclicksapp.nl\/de\/wp-json\/wp\/v2\/product_cat?post=214947"},{"taxonomy":"product_tag","embeddable":true,"href":"https:\/\/www.frankmxparts.com.iclicksapp.nl\/de\/wp-json\/wp\/v2\/product_tag?post=214947"}],"curies":[{"name":"wp","href":"https:\/\/api.w.org\/{rel}","templated":true}]}}