{"id":214970,"date":"2024-11-19T22:51:29","date_gmt":"2024-11-19T21:51:29","guid":{"rendered":"https:\/\/www.frankmxparts.com.iclicksapp.nl\/product\/mikuni-vm-36-vm36-roundslide-carburetor-upgrade-kit-yamaha-xt-500-xt500"},"modified":"2024-11-28T14:25:05","modified_gmt":"2024-11-28T12:25:05","slug":"mikuni-vm-36-vm36-roundslide-carburetor-upgrade-kit-yamaha-xt-500-xt500","status":"publish","type":"product","link":"https:\/\/www.frankmxparts.com.iclicksapp.nl\/de\/mikuni-vm-36-vm36-roundslide-carburetor-upgrade-kit-yamaha-xt-500-xt500","title":{"rendered":"Mikuni VM 36 Rundschieber Vergaser Upgrade Kit \/ Yamaha XT500"},"content":{"rendered":"<p>\n<strong>Mikuni VM36 Vergaser Kit f\u00fcr den Yamaha XT500.<\/strong><\/p>\n<p>Upgrade Kit mit ausschlie\u00dflich hochwertige&nbsp;Teile. Bringt das Fahrrad wieder zum Leben, dabei bleibt der klassische Look mit dem Mikuni-Rundschiebervergaser erhalten.<\/p>\n<p><strong>Passend f\u00fcr<\/strong>: den Yamaha XT500 (alle Baujahre).<br \/>\n<strong>Das Kit enth\u00e4lt<\/strong>:<\/p>\n<ul>\n<li>Mikuni VM36 Vergaser mit ge\u00e4nderte Bed\u00fcsung<\/li>\n<li>MotionPro Gashebel und Gaszug<\/li>\n<li>K&amp;N Luftfilter.<\/li>\n<\/ul>\n<p>Notiz: Die Airbox muss entfernt werden, um Platz f\u00fcr den K&amp;N-Filter zu schaffen.<\/p>\n<p>\nKomplett wie abgebildet.<br \/>\nReady to race&#8230;<\/p>\n<p>&nbsp;<\/p>\n","protected":false},"excerpt":{"rendered":"<p>Mikuni VM36 Vergaser Kit f\u00fcr den Yamaha XT500. Upgrade Kit mit ausschlie\u00dflich hochwertige&nbsp;Teile. Bringt das Fahrrad wieder zum Leben, dabei bleibt der klassische Look mit dem Mikuni-Rundschiebervergaser erhalten. Passend f\u00fcr: den Yamaha XT500 (alle Baujahre). Das Kit enth\u00e4lt: Mikuni VM36 Vergaser mit ge\u00e4nderte Bed\u00fcsung MotionPro Gashebel und Gaszug K&amp;N Luftfilter. Notiz: Die Airbox muss entfernt [&hellip;]<\/p>\n","protected":false},"featured_media":206522,"comment_status":"closed","ping_status":"closed","template":"","meta":{"_acf_changed":false},"product_brand":[],"product_cat":[9441],"product_tag":[],"class_list":{"0":"post-214970","1":"product","2":"type-product","3":"status-publish","4":"has-post-thumbnail","6":"product_cat-uncategorized","7":"pa_manufacturer-keihin-de","9":"first","10":"outofstock","11":"taxable","12":"shipping-taxable","13":"purchasable","14":"product-type-simple"},"acf":[],"yoast_head":"<!-- This site is optimized with the Yoast SEO plugin v27.3 - https:\/\/yoast.com\/product\/yoast-seo-wordpress\/ -->\n<title>Mikuni VM 36 Rundschieber Vergaser Upgrade Kit \/ Yamaha XT500 - Frank! MXParts<\/title>\n<meta name=\"robots\" content=\"noindex, follow, max-snippet:-1, max-image-preview:large, max-video-preview:-1\" \/>\n<meta property=\"og:locale\" content=\"de_DE\" \/>\n<meta property=\"og:type\" content=\"article\" \/>\n<meta property=\"og:title\" content=\"Mikuni VM 36 Rundschieber Vergaser Upgrade Kit \/ Yamaha XT500 - Frank! MXParts\" \/>\n<meta property=\"og:description\" content=\"Mikuni VM36 Vergaser Kit f\u00fcr den Yamaha XT500. Upgrade Kit mit ausschlie\u00dflich hochwertige&nbsp;Teile. Bringt das Fahrrad wieder zum Leben, dabei bleibt der klassische Look mit dem Mikuni-Rundschiebervergaser erhalten. Passend f\u00fcr: den Yamaha XT500 (alle Baujahre). Das Kit enth\u00e4lt: Mikuni VM36 Vergaser mit ge\u00e4nderte Bed\u00fcsung MotionPro Gashebel und Gaszug K&amp;N Luftfilter. Notiz: Die Airbox muss entfernt [&hellip;]\" \/>\n<meta property=\"og:url\" content=\"https:\/\/www.frankmxparts.com.iclicksapp.nl\/de\/mikuni-vm-36-vm36-roundslide-carburetor-upgrade-kit-yamaha-xt-500-xt500\" \/>\n<meta property=\"og:site_name\" content=\"Frank! MXParts\" \/>\n<meta property=\"article:modified_time\" content=\"2024-11-28T12:25:05+00:00\" \/>\n<meta property=\"og:image\" content=\"https:\/\/www.frankmxparts.com.iclicksapp.nl\/wp-content\/uploads\/2024\/11\/DSC06528-2.jpg\" \/>\n\t<meta property=\"og:image:width\" content=\"750\" \/>\n\t<meta property=\"og:image:height\" content=\"563\" \/>\n\t<meta property=\"og:image:type\" content=\"image\/jpeg\" \/>\n<meta name=\"twitter:card\" content=\"summary_large_image\" \/>\n<script type=\"application\/ld+json\" class=\"yoast-schema-graph\">{\"@context\":\"https:\\\/\\\/schema.org\",\"@graph\":[{\"@type\":\"WebPage\",\"@id\":\"https:\\\/\\\/www.frankmxparts.com.iclicksapp.nl\\\/de\\\/mikuni-vm-36-vm36-roundslide-carburetor-upgrade-kit-yamaha-xt-500-xt500\",\"url\":\"https:\\\/\\\/www.frankmxparts.com.iclicksapp.nl\\\/de\\\/mikuni-vm-36-vm36-roundslide-carburetor-upgrade-kit-yamaha-xt-500-xt500\",\"name\":\"Mikuni VM 36 Rundschieber Vergaser Upgrade Kit \\\/ Yamaha XT500 - Frank! MXParts\",\"isPartOf\":{\"@id\":\"https:\\\/\\\/www.frankmxparts.com.iclicksapp.nl\\\/de\\\/#website\"},\"primaryImageOfPage\":{\"@id\":\"https:\\\/\\\/www.frankmxparts.com.iclicksapp.nl\\\/de\\\/mikuni-vm-36-vm36-roundslide-carburetor-upgrade-kit-yamaha-xt-500-xt500#primaryimage\"},\"image\":{\"@id\":\"https:\\\/\\\/www.frankmxparts.com.iclicksapp.nl\\\/de\\\/mikuni-vm-36-vm36-roundslide-carburetor-upgrade-kit-yamaha-xt-500-xt500#primaryimage\"},\"thumbnailUrl\":\"https:\\\/\\\/www.frankmxparts.com.iclicksapp.nl\\\/wp-content\\\/uploads\\\/2024\\\/11\\\/DSC06528-2.jpg\",\"datePublished\":\"2024-11-19T21:51:29+00:00\",\"dateModified\":\"2024-11-28T12:25:05+00:00\",\"breadcrumb\":{\"@id\":\"https:\\\/\\\/www.frankmxparts.com.iclicksapp.nl\\\/de\\\/mikuni-vm-36-vm36-roundslide-carburetor-upgrade-kit-yamaha-xt-500-xt500#breadcrumb\"},\"inLanguage\":\"de\",\"potentialAction\":[{\"@type\":\"ReadAction\",\"target\":[\"https:\\\/\\\/www.frankmxparts.com.iclicksapp.nl\\\/de\\\/mikuni-vm-36-vm36-roundslide-carburetor-upgrade-kit-yamaha-xt-500-xt500\"]}]},{\"@type\":\"ImageObject\",\"inLanguage\":\"de\",\"@id\":\"https:\\\/\\\/www.frankmxparts.com.iclicksapp.nl\\\/de\\\/mikuni-vm-36-vm36-roundslide-carburetor-upgrade-kit-yamaha-xt-500-xt500#primaryimage\",\"url\":\"https:\\\/\\\/www.frankmxparts.com.iclicksapp.nl\\\/wp-content\\\/uploads\\\/2024\\\/11\\\/DSC06528-2.jpg\",\"contentUrl\":\"https:\\\/\\\/www.frankmxparts.com.iclicksapp.nl\\\/wp-content\\\/uploads\\\/2024\\\/11\\\/DSC06528-2.jpg\",\"width\":750,\"height\":563},{\"@type\":\"BreadcrumbList\",\"@id\":\"https:\\\/\\\/www.frankmxparts.com.iclicksapp.nl\\\/de\\\/mikuni-vm-36-vm36-roundslide-carburetor-upgrade-kit-yamaha-xt-500-xt500#breadcrumb\",\"itemListElement\":[{\"@type\":\"ListItem\",\"position\":1,\"name\":\"Home\",\"item\":\"https:\\\/\\\/www.frankmxparts.com.iclicksapp.nl\\\/de\"},{\"@type\":\"ListItem\",\"position\":2,\"name\":\"Shop\",\"item\":\"https:\\\/\\\/www.frankmxparts.com.iclicksapp.nl\\\/winkel\"},{\"@type\":\"ListItem\",\"position\":3,\"name\":\"Mikuni VM 36 Rundschieber Vergaser Upgrade Kit \\\/ Yamaha XT500\"}]},{\"@type\":\"WebSite\",\"@id\":\"https:\\\/\\\/www.frankmxparts.com.iclicksapp.nl\\\/de\\\/#website\",\"url\":\"https:\\\/\\\/www.frankmxparts.com.iclicksapp.nl\\\/de\\\/\",\"name\":\"Frank! MXParts\",\"description\":\"\",\"publisher\":{\"@id\":\"https:\\\/\\\/www.frankmxparts.com.iclicksapp.nl\\\/de\\\/#organization\"},\"potentialAction\":[{\"@type\":\"SearchAction\",\"target\":{\"@type\":\"EntryPoint\",\"urlTemplate\":\"https:\\\/\\\/www.frankmxparts.com.iclicksapp.nl\\\/de\\\/?s={search_term_string}\"},\"query-input\":{\"@type\":\"PropertyValueSpecification\",\"valueRequired\":true,\"valueName\":\"search_term_string\"}}],\"inLanguage\":\"de\"},{\"@type\":\"Organization\",\"@id\":\"https:\\\/\\\/www.frankmxparts.com.iclicksapp.nl\\\/de\\\/#organization\",\"name\":\"Frank! MXParts\",\"url\":\"https:\\\/\\\/www.frankmxparts.com.iclicksapp.nl\\\/de\\\/\",\"logo\":{\"@type\":\"ImageObject\",\"inLanguage\":\"de\",\"@id\":\"https:\\\/\\\/www.frankmxparts.com.iclicksapp.nl\\\/de\\\/#\\\/schema\\\/logo\\\/image\\\/\",\"url\":\"https:\\\/\\\/www.frankmxparts.com.iclicksapp.nl\\\/wp-content\\\/uploads\\\/2024\\\/01\\\/frank-mxparts-logo.svg\",\"contentUrl\":\"https:\\\/\\\/www.frankmxparts.com.iclicksapp.nl\\\/wp-content\\\/uploads\\\/2024\\\/01\\\/frank-mxparts-logo.svg\",\"width\":301,\"height\":88,\"caption\":\"Frank! MXParts\"},\"image\":{\"@id\":\"https:\\\/\\\/www.frankmxparts.com.iclicksapp.nl\\\/de\\\/#\\\/schema\\\/logo\\\/image\\\/\"}}]}<\/script>\n<!-- \/ Yoast SEO plugin. -->","yoast_head_json":{"title":"Mikuni VM 36 Rundschieber Vergaser Upgrade Kit \/ Yamaha XT500 - Frank! MXParts","robots":{"index":"noindex","follow":"follow","max-snippet":"max-snippet:-1","max-image-preview":"max-image-preview:large","max-video-preview":"max-video-preview:-1"},"og_locale":"de_DE","og_type":"article","og_title":"Mikuni VM 36 Rundschieber Vergaser Upgrade Kit \/ Yamaha XT500 - Frank! MXParts","og_description":"Mikuni VM36 Vergaser Kit f\u00fcr den Yamaha XT500. Upgrade Kit mit ausschlie\u00dflich hochwertige&nbsp;Teile. Bringt das Fahrrad wieder zum Leben, dabei bleibt der klassische Look mit dem Mikuni-Rundschiebervergaser erhalten. Passend f\u00fcr: den Yamaha XT500 (alle Baujahre). Das Kit enth\u00e4lt: Mikuni VM36 Vergaser mit ge\u00e4nderte Bed\u00fcsung MotionPro Gashebel und Gaszug K&amp;N Luftfilter. Notiz: Die Airbox muss entfernt [&hellip;]","og_url":"https:\/\/www.frankmxparts.com.iclicksapp.nl\/de\/mikuni-vm-36-vm36-roundslide-carburetor-upgrade-kit-yamaha-xt-500-xt500","og_site_name":"Frank! MXParts","article_modified_time":"2024-11-28T12:25:05+00:00","og_image":[{"width":750,"height":563,"url":"https:\/\/www.frankmxparts.com.iclicksapp.nl\/wp-content\/uploads\/2024\/11\/DSC06528-2.jpg","type":"image\/jpeg"}],"twitter_card":"summary_large_image","schema":{"@context":"https:\/\/schema.org","@graph":[{"@type":"WebPage","@id":"https:\/\/www.frankmxparts.com.iclicksapp.nl\/de\/mikuni-vm-36-vm36-roundslide-carburetor-upgrade-kit-yamaha-xt-500-xt500","url":"https:\/\/www.frankmxparts.com.iclicksapp.nl\/de\/mikuni-vm-36-vm36-roundslide-carburetor-upgrade-kit-yamaha-xt-500-xt500","name":"Mikuni VM 36 Rundschieber Vergaser Upgrade Kit \/ Yamaha XT500 - Frank! MXParts","isPartOf":{"@id":"https:\/\/www.frankmxparts.com.iclicksapp.nl\/de\/#website"},"primaryImageOfPage":{"@id":"https:\/\/www.frankmxparts.com.iclicksapp.nl\/de\/mikuni-vm-36-vm36-roundslide-carburetor-upgrade-kit-yamaha-xt-500-xt500#primaryimage"},"image":{"@id":"https:\/\/www.frankmxparts.com.iclicksapp.nl\/de\/mikuni-vm-36-vm36-roundslide-carburetor-upgrade-kit-yamaha-xt-500-xt500#primaryimage"},"thumbnailUrl":"https:\/\/www.frankmxparts.com.iclicksapp.nl\/wp-content\/uploads\/2024\/11\/DSC06528-2.jpg","datePublished":"2024-11-19T21:51:29+00:00","dateModified":"2024-11-28T12:25:05+00:00","breadcrumb":{"@id":"https:\/\/www.frankmxparts.com.iclicksapp.nl\/de\/mikuni-vm-36-vm36-roundslide-carburetor-upgrade-kit-yamaha-xt-500-xt500#breadcrumb"},"inLanguage":"de","potentialAction":[{"@type":"ReadAction","target":["https:\/\/www.frankmxparts.com.iclicksapp.nl\/de\/mikuni-vm-36-vm36-roundslide-carburetor-upgrade-kit-yamaha-xt-500-xt500"]}]},{"@type":"ImageObject","inLanguage":"de","@id":"https:\/\/www.frankmxparts.com.iclicksapp.nl\/de\/mikuni-vm-36-vm36-roundslide-carburetor-upgrade-kit-yamaha-xt-500-xt500#primaryimage","url":"https:\/\/www.frankmxparts.com.iclicksapp.nl\/wp-content\/uploads\/2024\/11\/DSC06528-2.jpg","contentUrl":"https:\/\/www.frankmxparts.com.iclicksapp.nl\/wp-content\/uploads\/2024\/11\/DSC06528-2.jpg","width":750,"height":563},{"@type":"BreadcrumbList","@id":"https:\/\/www.frankmxparts.com.iclicksapp.nl\/de\/mikuni-vm-36-vm36-roundslide-carburetor-upgrade-kit-yamaha-xt-500-xt500#breadcrumb","itemListElement":[{"@type":"ListItem","position":1,"name":"Home","item":"https:\/\/www.frankmxparts.com.iclicksapp.nl\/de"},{"@type":"ListItem","position":2,"name":"Shop","item":"https:\/\/www.frankmxparts.com.iclicksapp.nl\/winkel"},{"@type":"ListItem","position":3,"name":"Mikuni VM 36 Rundschieber Vergaser Upgrade Kit \/ Yamaha XT500"}]},{"@type":"WebSite","@id":"https:\/\/www.frankmxparts.com.iclicksapp.nl\/de\/#website","url":"https:\/\/www.frankmxparts.com.iclicksapp.nl\/de\/","name":"Frank! MXParts","description":"","publisher":{"@id":"https:\/\/www.frankmxparts.com.iclicksapp.nl\/de\/#organization"},"potentialAction":[{"@type":"SearchAction","target":{"@type":"EntryPoint","urlTemplate":"https:\/\/www.frankmxparts.com.iclicksapp.nl\/de\/?s={search_term_string}"},"query-input":{"@type":"PropertyValueSpecification","valueRequired":true,"valueName":"search_term_string"}}],"inLanguage":"de"},{"@type":"Organization","@id":"https:\/\/www.frankmxparts.com.iclicksapp.nl\/de\/#organization","name":"Frank! MXParts","url":"https:\/\/www.frankmxparts.com.iclicksapp.nl\/de\/","logo":{"@type":"ImageObject","inLanguage":"de","@id":"https:\/\/www.frankmxparts.com.iclicksapp.nl\/de\/#\/schema\/logo\/image\/","url":"https:\/\/www.frankmxparts.com.iclicksapp.nl\/wp-content\/uploads\/2024\/01\/frank-mxparts-logo.svg","contentUrl":"https:\/\/www.frankmxparts.com.iclicksapp.nl\/wp-content\/uploads\/2024\/01\/frank-mxparts-logo.svg","width":301,"height":88,"caption":"Frank! MXParts"},"image":{"@id":"https:\/\/www.frankmxparts.com.iclicksapp.nl\/de\/#\/schema\/logo\/image\/"}}]}},"_links":{"self":[{"href":"https:\/\/www.frankmxparts.com.iclicksapp.nl\/de\/wp-json\/wp\/v2\/product\/214970","targetHints":{"allow":["GET"]}}],"collection":[{"href":"https:\/\/www.frankmxparts.com.iclicksapp.nl\/de\/wp-json\/wp\/v2\/product"}],"about":[{"href":"https:\/\/www.frankmxparts.com.iclicksapp.nl\/de\/wp-json\/wp\/v2\/types\/product"}],"replies":[{"embeddable":true,"href":"https:\/\/www.frankmxparts.com.iclicksapp.nl\/de\/wp-json\/wp\/v2\/comments?post=214970"}],"wp:featuredmedia":[{"embeddable":true,"href":"https:\/\/www.frankmxparts.com.iclicksapp.nl\/de\/wp-json\/wp\/v2\/media\/206522"}],"wp:attachment":[{"href":"https:\/\/www.frankmxparts.com.iclicksapp.nl\/de\/wp-json\/wp\/v2\/media?parent=214970"}],"wp:term":[{"taxonomy":"product_brand","embeddable":true,"href":"https:\/\/www.frankmxparts.com.iclicksapp.nl\/de\/wp-json\/wp\/v2\/product_brand?post=214970"},{"taxonomy":"product_cat","embeddable":true,"href":"https:\/\/www.frankmxparts.com.iclicksapp.nl\/de\/wp-json\/wp\/v2\/product_cat?post=214970"},{"taxonomy":"product_tag","embeddable":true,"href":"https:\/\/www.frankmxparts.com.iclicksapp.nl\/de\/wp-json\/wp\/v2\/product_tag?post=214970"}],"curies":[{"name":"wp","href":"https:\/\/api.w.org\/{rel}","templated":true}]}}