{"id":215103,"date":"2024-11-19T22:58:51","date_gmt":"2024-11-19T21:58:51","guid":{"rendered":"https:\/\/www.frankmxparts.com.iclicksapp.nl\/product\/jd-jetting-jet-kit-jdp001-2007-2011-polaris-outlaw-quad-450"},"modified":"2024-12-16T12:06:28","modified_gmt":"2024-12-16T11:06:28","slug":"jd-jetting-jet-kit-jdp001-2007-2011-polaris-outlaw-quad-450","status":"publish","type":"product","link":"https:\/\/www.frankmxparts.com.iclicksapp.nl\/de\/jd-jetting-jet-kit-jdp001-2007-2011-polaris-outlaw-quad-450","title":{"rendered":"JD Jetting jet kit JDP001 \/ 2007-2011 Polaris Outlaw quad 450 525"},"content":{"rendered":"<p>\n<strong>JD Jetting jet kit JDP001<\/strong>.<\/p>\n<p>James Dean hat die JDJetting-Kits so konzipiert, dass Sie kein Experte sein m\u00fcssen, um professionelle Hochleistungsergebnisse zu erzielen. Das James Dean Custom Jetting Kit wurde entwickelt, um die Gasannahme im gesamten Drehzahlbereich durch die Verwendung von speziell gefertigten multi-Taper Nadeln zu verbessern. Diese basieren auf den beliebtesten Einstellungen, die von MX- und Offroad-Fahrern der neuen Generation auf der ganzen Welt verwendet werden, und die Ergebnisse sind beeindruckend. \u00dcbertrifft die Leistung von standard 2-Takt-jetting.<\/p>\n<p><strong>Das Kit enth\u00e4lt<\/strong>: 2 multi-taper Nadeln, Hauptd\u00fcsen, Leerlaufd\u00fcse und ein Handbuch&nbsp;das Ihnen zeigt, welche Einstellung Sie verwenden m\u00fcssen.<\/p>\n<p><strong>Passend f\u00fcr<\/strong>: den 2007-2011 Polaris 450\/525 quad.<br \/>\n&nbsp;<\/p>\n<p>&nbsp;<\/p>\n<p>Komplett wie abgebildet.<\/p>\n<p>\n&nbsp;<\/p>\n<p>&nbsp;<\/p>\n","protected":false},"excerpt":{"rendered":"<p>JD Jetting jet kit JDP001. James Dean hat die JDJetting-Kits so konzipiert, dass Sie kein Experte sein m\u00fcssen, um professionelle Hochleistungsergebnisse zu erzielen. Das James Dean Custom Jetting Kit wurde entwickelt, um die Gasannahme im gesamten Drehzahlbereich durch die Verwendung von speziell gefertigten multi-Taper Nadeln zu verbessern. Diese basieren auf den beliebtesten Einstellungen, die von [&hellip;]<\/p>\n","protected":false},"featured_media":207726,"comment_status":"closed","ping_status":"closed","template":"","meta":{"_acf_changed":false},"product_brand":[],"product_cat":[9441],"product_tag":[],"class_list":{"0":"post-215103","1":"product","2":"type-product","3":"status-publish","4":"has-post-thumbnail","6":"product_cat-uncategorized","7":"pa_manufacturer-jd-jetting-de","9":"first","10":"onbackorder","11":"taxable","12":"shipping-taxable","13":"purchasable","14":"product-type-simple"},"acf":[],"yoast_head":"<!-- This site is optimized with the Yoast SEO plugin v27.3 - https:\/\/yoast.com\/product\/yoast-seo-wordpress\/ -->\n<title>JD Jetting jet kit JDP001 \/ 2007-2011 Polaris Outlaw quad 450 525 - Frank! MXParts<\/title>\n<meta name=\"robots\" content=\"noindex, follow, max-snippet:-1, max-image-preview:large, max-video-preview:-1\" \/>\n<meta property=\"og:locale\" content=\"de_DE\" \/>\n<meta property=\"og:type\" content=\"article\" \/>\n<meta property=\"og:title\" content=\"JD Jetting jet kit JDP001 \/ 2007-2011 Polaris Outlaw quad 450 525 - Frank! MXParts\" \/>\n<meta property=\"og:description\" content=\"JD Jetting jet kit JDP001. James Dean hat die JDJetting-Kits so konzipiert, dass Sie kein Experte sein m\u00fcssen, um professionelle Hochleistungsergebnisse zu erzielen. Das James Dean Custom Jetting Kit wurde entwickelt, um die Gasannahme im gesamten Drehzahlbereich durch die Verwendung von speziell gefertigten multi-Taper Nadeln zu verbessern. Diese basieren auf den beliebtesten Einstellungen, die von [&hellip;]\" \/>\n<meta property=\"og:url\" content=\"https:\/\/www.frankmxparts.com.iclicksapp.nl\/de\/jd-jetting-jet-kit-jdp001-2007-2011-polaris-outlaw-quad-450\" \/>\n<meta property=\"og:site_name\" content=\"Frank! MXParts\" \/>\n<meta property=\"article:modified_time\" content=\"2024-12-16T11:06:28+00:00\" \/>\n<meta property=\"og:image\" content=\"https:\/\/www.frankmxparts.com.iclicksapp.nl\/wp-content\/uploads\/2024\/11\/JD-Jetting-jet-kit-JDP001-2007-2011-Polaris-Outlaw-quad-450-frank-mxparts-01.jpg\" \/>\n\t<meta property=\"og:image:width\" content=\"750\" \/>\n\t<meta property=\"og:image:height\" content=\"563\" \/>\n\t<meta property=\"og:image:type\" content=\"image\/jpeg\" \/>\n<meta name=\"twitter:card\" content=\"summary_large_image\" \/>\n<meta name=\"twitter:label1\" content=\"Gesch\u00e4tzte Lesezeit\" \/>\n\t<meta name=\"twitter:data1\" content=\"1\u00a0Minute\" \/>\n<script type=\"application\/ld+json\" class=\"yoast-schema-graph\">{\"@context\":\"https:\\\/\\\/schema.org\",\"@graph\":[{\"@type\":\"WebPage\",\"@id\":\"https:\\\/\\\/www.frankmxparts.com.iclicksapp.nl\\\/de\\\/jd-jetting-jet-kit-jdp001-2007-2011-polaris-outlaw-quad-450\",\"url\":\"https:\\\/\\\/www.frankmxparts.com.iclicksapp.nl\\\/de\\\/jd-jetting-jet-kit-jdp001-2007-2011-polaris-outlaw-quad-450\",\"name\":\"JD Jetting jet kit JDP001 \\\/ 2007-2011 Polaris Outlaw quad 450 525 - Frank! MXParts\",\"isPartOf\":{\"@id\":\"https:\\\/\\\/www.frankmxparts.com.iclicksapp.nl\\\/de\\\/#website\"},\"primaryImageOfPage\":{\"@id\":\"https:\\\/\\\/www.frankmxparts.com.iclicksapp.nl\\\/de\\\/jd-jetting-jet-kit-jdp001-2007-2011-polaris-outlaw-quad-450#primaryimage\"},\"image\":{\"@id\":\"https:\\\/\\\/www.frankmxparts.com.iclicksapp.nl\\\/de\\\/jd-jetting-jet-kit-jdp001-2007-2011-polaris-outlaw-quad-450#primaryimage\"},\"thumbnailUrl\":\"https:\\\/\\\/www.frankmxparts.com.iclicksapp.nl\\\/wp-content\\\/uploads\\\/2024\\\/11\\\/JD-Jetting-jet-kit-JDP001-2007-2011-Polaris-Outlaw-quad-450-frank-mxparts-01.jpg\",\"datePublished\":\"2024-11-19T21:58:51+00:00\",\"dateModified\":\"2024-12-16T11:06:28+00:00\",\"breadcrumb\":{\"@id\":\"https:\\\/\\\/www.frankmxparts.com.iclicksapp.nl\\\/de\\\/jd-jetting-jet-kit-jdp001-2007-2011-polaris-outlaw-quad-450#breadcrumb\"},\"inLanguage\":\"de\",\"potentialAction\":[{\"@type\":\"ReadAction\",\"target\":[\"https:\\\/\\\/www.frankmxparts.com.iclicksapp.nl\\\/de\\\/jd-jetting-jet-kit-jdp001-2007-2011-polaris-outlaw-quad-450\"]}]},{\"@type\":\"ImageObject\",\"inLanguage\":\"de\",\"@id\":\"https:\\\/\\\/www.frankmxparts.com.iclicksapp.nl\\\/de\\\/jd-jetting-jet-kit-jdp001-2007-2011-polaris-outlaw-quad-450#primaryimage\",\"url\":\"https:\\\/\\\/www.frankmxparts.com.iclicksapp.nl\\\/wp-content\\\/uploads\\\/2024\\\/11\\\/JD-Jetting-jet-kit-JDP001-2007-2011-Polaris-Outlaw-quad-450-frank-mxparts-01.jpg\",\"contentUrl\":\"https:\\\/\\\/www.frankmxparts.com.iclicksapp.nl\\\/wp-content\\\/uploads\\\/2024\\\/11\\\/JD-Jetting-jet-kit-JDP001-2007-2011-Polaris-Outlaw-quad-450-frank-mxparts-01.jpg\",\"width\":750,\"height\":563},{\"@type\":\"BreadcrumbList\",\"@id\":\"https:\\\/\\\/www.frankmxparts.com.iclicksapp.nl\\\/de\\\/jd-jetting-jet-kit-jdp001-2007-2011-polaris-outlaw-quad-450#breadcrumb\",\"itemListElement\":[{\"@type\":\"ListItem\",\"position\":1,\"name\":\"Home\",\"item\":\"https:\\\/\\\/www.frankmxparts.com.iclicksapp.nl\\\/de\"},{\"@type\":\"ListItem\",\"position\":2,\"name\":\"Shop\",\"item\":\"https:\\\/\\\/www.frankmxparts.com.iclicksapp.nl\\\/winkel\"},{\"@type\":\"ListItem\",\"position\":3,\"name\":\"JD Jetting jet kit JDP001 \\\/ 2007-2011 Polaris Outlaw quad 450 525\"}]},{\"@type\":\"WebSite\",\"@id\":\"https:\\\/\\\/www.frankmxparts.com.iclicksapp.nl\\\/de\\\/#website\",\"url\":\"https:\\\/\\\/www.frankmxparts.com.iclicksapp.nl\\\/de\\\/\",\"name\":\"Frank! MXParts\",\"description\":\"\",\"publisher\":{\"@id\":\"https:\\\/\\\/www.frankmxparts.com.iclicksapp.nl\\\/de\\\/#organization\"},\"potentialAction\":[{\"@type\":\"SearchAction\",\"target\":{\"@type\":\"EntryPoint\",\"urlTemplate\":\"https:\\\/\\\/www.frankmxparts.com.iclicksapp.nl\\\/de\\\/?s={search_term_string}\"},\"query-input\":{\"@type\":\"PropertyValueSpecification\",\"valueRequired\":true,\"valueName\":\"search_term_string\"}}],\"inLanguage\":\"de\"},{\"@type\":\"Organization\",\"@id\":\"https:\\\/\\\/www.frankmxparts.com.iclicksapp.nl\\\/de\\\/#organization\",\"name\":\"Frank! MXParts\",\"url\":\"https:\\\/\\\/www.frankmxparts.com.iclicksapp.nl\\\/de\\\/\",\"logo\":{\"@type\":\"ImageObject\",\"inLanguage\":\"de\",\"@id\":\"https:\\\/\\\/www.frankmxparts.com.iclicksapp.nl\\\/de\\\/#\\\/schema\\\/logo\\\/image\\\/\",\"url\":\"https:\\\/\\\/www.frankmxparts.com.iclicksapp.nl\\\/wp-content\\\/uploads\\\/2024\\\/01\\\/frank-mxparts-logo.svg\",\"contentUrl\":\"https:\\\/\\\/www.frankmxparts.com.iclicksapp.nl\\\/wp-content\\\/uploads\\\/2024\\\/01\\\/frank-mxparts-logo.svg\",\"width\":301,\"height\":88,\"caption\":\"Frank! MXParts\"},\"image\":{\"@id\":\"https:\\\/\\\/www.frankmxparts.com.iclicksapp.nl\\\/de\\\/#\\\/schema\\\/logo\\\/image\\\/\"}}]}<\/script>\n<!-- \/ Yoast SEO plugin. -->","yoast_head_json":{"title":"JD Jetting jet kit JDP001 \/ 2007-2011 Polaris Outlaw quad 450 525 - Frank! MXParts","robots":{"index":"noindex","follow":"follow","max-snippet":"max-snippet:-1","max-image-preview":"max-image-preview:large","max-video-preview":"max-video-preview:-1"},"og_locale":"de_DE","og_type":"article","og_title":"JD Jetting jet kit JDP001 \/ 2007-2011 Polaris Outlaw quad 450 525 - Frank! MXParts","og_description":"JD Jetting jet kit JDP001. James Dean hat die JDJetting-Kits so konzipiert, dass Sie kein Experte sein m\u00fcssen, um professionelle Hochleistungsergebnisse zu erzielen. Das James Dean Custom Jetting Kit wurde entwickelt, um die Gasannahme im gesamten Drehzahlbereich durch die Verwendung von speziell gefertigten multi-Taper Nadeln zu verbessern. Diese basieren auf den beliebtesten Einstellungen, die von [&hellip;]","og_url":"https:\/\/www.frankmxparts.com.iclicksapp.nl\/de\/jd-jetting-jet-kit-jdp001-2007-2011-polaris-outlaw-quad-450","og_site_name":"Frank! MXParts","article_modified_time":"2024-12-16T11:06:28+00:00","og_image":[{"width":750,"height":563,"url":"https:\/\/www.frankmxparts.com.iclicksapp.nl\/wp-content\/uploads\/2024\/11\/JD-Jetting-jet-kit-JDP001-2007-2011-Polaris-Outlaw-quad-450-frank-mxparts-01.jpg","type":"image\/jpeg"}],"twitter_card":"summary_large_image","twitter_misc":{"Gesch\u00e4tzte Lesezeit":"1\u00a0Minute"},"schema":{"@context":"https:\/\/schema.org","@graph":[{"@type":"WebPage","@id":"https:\/\/www.frankmxparts.com.iclicksapp.nl\/de\/jd-jetting-jet-kit-jdp001-2007-2011-polaris-outlaw-quad-450","url":"https:\/\/www.frankmxparts.com.iclicksapp.nl\/de\/jd-jetting-jet-kit-jdp001-2007-2011-polaris-outlaw-quad-450","name":"JD Jetting jet kit JDP001 \/ 2007-2011 Polaris Outlaw quad 450 525 - Frank! MXParts","isPartOf":{"@id":"https:\/\/www.frankmxparts.com.iclicksapp.nl\/de\/#website"},"primaryImageOfPage":{"@id":"https:\/\/www.frankmxparts.com.iclicksapp.nl\/de\/jd-jetting-jet-kit-jdp001-2007-2011-polaris-outlaw-quad-450#primaryimage"},"image":{"@id":"https:\/\/www.frankmxparts.com.iclicksapp.nl\/de\/jd-jetting-jet-kit-jdp001-2007-2011-polaris-outlaw-quad-450#primaryimage"},"thumbnailUrl":"https:\/\/www.frankmxparts.com.iclicksapp.nl\/wp-content\/uploads\/2024\/11\/JD-Jetting-jet-kit-JDP001-2007-2011-Polaris-Outlaw-quad-450-frank-mxparts-01.jpg","datePublished":"2024-11-19T21:58:51+00:00","dateModified":"2024-12-16T11:06:28+00:00","breadcrumb":{"@id":"https:\/\/www.frankmxparts.com.iclicksapp.nl\/de\/jd-jetting-jet-kit-jdp001-2007-2011-polaris-outlaw-quad-450#breadcrumb"},"inLanguage":"de","potentialAction":[{"@type":"ReadAction","target":["https:\/\/www.frankmxparts.com.iclicksapp.nl\/de\/jd-jetting-jet-kit-jdp001-2007-2011-polaris-outlaw-quad-450"]}]},{"@type":"ImageObject","inLanguage":"de","@id":"https:\/\/www.frankmxparts.com.iclicksapp.nl\/de\/jd-jetting-jet-kit-jdp001-2007-2011-polaris-outlaw-quad-450#primaryimage","url":"https:\/\/www.frankmxparts.com.iclicksapp.nl\/wp-content\/uploads\/2024\/11\/JD-Jetting-jet-kit-JDP001-2007-2011-Polaris-Outlaw-quad-450-frank-mxparts-01.jpg","contentUrl":"https:\/\/www.frankmxparts.com.iclicksapp.nl\/wp-content\/uploads\/2024\/11\/JD-Jetting-jet-kit-JDP001-2007-2011-Polaris-Outlaw-quad-450-frank-mxparts-01.jpg","width":750,"height":563},{"@type":"BreadcrumbList","@id":"https:\/\/www.frankmxparts.com.iclicksapp.nl\/de\/jd-jetting-jet-kit-jdp001-2007-2011-polaris-outlaw-quad-450#breadcrumb","itemListElement":[{"@type":"ListItem","position":1,"name":"Home","item":"https:\/\/www.frankmxparts.com.iclicksapp.nl\/de"},{"@type":"ListItem","position":2,"name":"Shop","item":"https:\/\/www.frankmxparts.com.iclicksapp.nl\/winkel"},{"@type":"ListItem","position":3,"name":"JD Jetting jet kit JDP001 \/ 2007-2011 Polaris Outlaw quad 450 525"}]},{"@type":"WebSite","@id":"https:\/\/www.frankmxparts.com.iclicksapp.nl\/de\/#website","url":"https:\/\/www.frankmxparts.com.iclicksapp.nl\/de\/","name":"Frank! MXParts","description":"","publisher":{"@id":"https:\/\/www.frankmxparts.com.iclicksapp.nl\/de\/#organization"},"potentialAction":[{"@type":"SearchAction","target":{"@type":"EntryPoint","urlTemplate":"https:\/\/www.frankmxparts.com.iclicksapp.nl\/de\/?s={search_term_string}"},"query-input":{"@type":"PropertyValueSpecification","valueRequired":true,"valueName":"search_term_string"}}],"inLanguage":"de"},{"@type":"Organization","@id":"https:\/\/www.frankmxparts.com.iclicksapp.nl\/de\/#organization","name":"Frank! MXParts","url":"https:\/\/www.frankmxparts.com.iclicksapp.nl\/de\/","logo":{"@type":"ImageObject","inLanguage":"de","@id":"https:\/\/www.frankmxparts.com.iclicksapp.nl\/de\/#\/schema\/logo\/image\/","url":"https:\/\/www.frankmxparts.com.iclicksapp.nl\/wp-content\/uploads\/2024\/01\/frank-mxparts-logo.svg","contentUrl":"https:\/\/www.frankmxparts.com.iclicksapp.nl\/wp-content\/uploads\/2024\/01\/frank-mxparts-logo.svg","width":301,"height":88,"caption":"Frank! MXParts"},"image":{"@id":"https:\/\/www.frankmxparts.com.iclicksapp.nl\/de\/#\/schema\/logo\/image\/"}}]}},"_links":{"self":[{"href":"https:\/\/www.frankmxparts.com.iclicksapp.nl\/de\/wp-json\/wp\/v2\/product\/215103","targetHints":{"allow":["GET"]}}],"collection":[{"href":"https:\/\/www.frankmxparts.com.iclicksapp.nl\/de\/wp-json\/wp\/v2\/product"}],"about":[{"href":"https:\/\/www.frankmxparts.com.iclicksapp.nl\/de\/wp-json\/wp\/v2\/types\/product"}],"replies":[{"embeddable":true,"href":"https:\/\/www.frankmxparts.com.iclicksapp.nl\/de\/wp-json\/wp\/v2\/comments?post=215103"}],"wp:featuredmedia":[{"embeddable":true,"href":"https:\/\/www.frankmxparts.com.iclicksapp.nl\/de\/wp-json\/wp\/v2\/media\/207726"}],"wp:attachment":[{"href":"https:\/\/www.frankmxparts.com.iclicksapp.nl\/de\/wp-json\/wp\/v2\/media?parent=215103"}],"wp:term":[{"taxonomy":"product_brand","embeddable":true,"href":"https:\/\/www.frankmxparts.com.iclicksapp.nl\/de\/wp-json\/wp\/v2\/product_brand?post=215103"},{"taxonomy":"product_cat","embeddable":true,"href":"https:\/\/www.frankmxparts.com.iclicksapp.nl\/de\/wp-json\/wp\/v2\/product_cat?post=215103"},{"taxonomy":"product_tag","embeddable":true,"href":"https:\/\/www.frankmxparts.com.iclicksapp.nl\/de\/wp-json\/wp\/v2\/product_tag?post=215103"}],"curies":[{"name":"wp","href":"https:\/\/api.w.org\/{rel}","templated":true}]}}