{"id":215125,"date":"2024-11-19T22:59:39","date_gmt":"2024-11-19T21:59:39","guid":{"rendered":"https:\/\/www.frankmxparts.com.iclicksapp.nl\/product\/s3-adjustable-power-valve-regulator-pv-1373-husqvarna-tc-te-tei-tx-85-125-150-250-300"},"modified":"2024-12-16T12:54:19","modified_gmt":"2024-12-16T11:54:19","slug":"s3-adjustable-power-valve-regulator-pv-1373-husqvarna-tc-te-tei-tx-85-125-150-250-300","status":"publish","type":"product","link":"https:\/\/www.frankmxparts.com.iclicksapp.nl\/de\/s3-adjustable-power-valve-regulator-pv-1373-husqvarna-tc-te-tei-tx-85-125-150-250-300","title":{"rendered":"S3 einstellbares Leistungsventil Regler \/ HUSQVARNA TC TE TEI TX 85 125 150 250 300"},"content":{"rendered":"<p>\n<strong>S3 Einstellbares Leistungsventil Regler f\u00fcr HUsqvarna.<\/strong><\/p>\n<p><strong>Hochwertiges, CNC-gefr\u00e4stes Teil<\/strong> aus Spanien. Lernen Sie Ihren Motor besser kennen und genie\u00dfen Sie ihn, indem Sie das Leistungsventil einfach von Hand einstellen k\u00f6nnen. Ob Sie Anf\u00e4nger oder erfahrener Fahrer sind, das intuitive Design macht es jedem leicht, die Powervalve-Einstellung in Sekundenschnelle und in jeder Situation ohne Werkzeug (auch bei laufendem Motor) zu \u00e4ndern und sehr gro\u00dfe Ver\u00e4nderungen im Ansprechverhalten des Motors zu bemerken.<\/p>\n<p><strong>Passend f\u00fcr<\/strong>:<\/p>\n<ul>\n<li>TC 125 2014-2022<\/li>\n<li>TC 150 2014-2022<\/li>\n<li>TC 250 2014-2022<\/li>\n<li>TC 300 2014-2022<\/li>\n<li>TC 85 2014-2022<\/li>\n<li>TE 125 2014-2022<\/li>\n<li>TE 150 2014-2022<\/li>\n<li>TE 250 2014-2022<\/li>\n<li>TE 300 2014-2022<\/li>\n<li>TE 85 2014-2022<\/li>\n<li>TE I 125 2014-2022<\/li>\n<li>TE I 150 2014-2022<\/li>\n<li>TE I 250 2014-2022<\/li>\n<li>TE I 300 2014-2022<\/li>\n<li>TE I 85 2014-2022<\/li>\n<li>TE I ROCKSTAR EDITION 125 2014-2022<\/li>\n<li>TE I ROCKSTAR EDITION 150 2014-2022<\/li>\n<li>TE I ROCKSTAR EDITION 250 2014-2022<\/li>\n<li>TE I ROCKSTAR EDITION 300 2014-2022<\/li>\n<li>TE I ROCKSTAR EDITION 85 2014-2022<\/li>\n<li>TEI 125 2014-2022<\/li>\n<li>TEI 150 2014-2022<\/li>\n<li>TEI 250 2014-2022<\/li>\n<li>TEI 300 2014-2022<\/li>\n<li>TEI 85 2014-2022<\/li>\n<li>TX 125 2014-2022<\/li>\n<li>TX 150 2014-2022<\/li>\n<li>TX 250 2014-2022<\/li>\n<li>TX 300 2014-2022<\/li>\n<li>TX 85 2014-2022<\/li>\n<li>TE 150 2017-2022<\/li>\n<li>TE 250 2017-2022<\/li>\n<li>TE 300 2017-2022<\/li>\n<li>TE I 150 2017-2022<\/li>\n<li>TE I 250 2017-2022<\/li>\n<li>TE I 300 2017-2022<\/li>\n<li>TE I ROCKSTAR EDITION 150 2017-2022<\/li>\n<li>TE I ROCKSTAR EDITION 250 2017-2022<\/li>\n<li>TE I ROCKSTAR EDITION 300 2017-2022<\/li>\n<li>TEI 150 2017-2022<\/li>\n<li>TEI 250 2017-2022<\/li>\n<li>TEI 300 2017-2022<\/li>\n<li>TX 150 2017-2022<\/li>\n<li>TX 250 2017-2022<\/li>\n<li>TX 300 2017-2022<\/li>\n<li>TX I 150 2017-2022<\/li>\n<li>TX I 150 2017-2022<\/li>\n<li>TX I 300 2017-2022.<\/li>\n<\/ul>\n<p>&nbsp;<\/p>\n<p>Komplett wie abgebildet.<\/p>\n<p>&nbsp;<\/p>\n<p>&nbsp;<\/p>\n","protected":false},"excerpt":{"rendered":"<p>S3 Einstellbares Leistungsventil Regler f\u00fcr HUsqvarna. Hochwertiges, CNC-gefr\u00e4stes Teil aus Spanien. Lernen Sie Ihren Motor besser kennen und genie\u00dfen Sie ihn, indem Sie das Leistungsventil einfach von Hand einstellen k\u00f6nnen. Ob Sie Anf\u00e4nger oder erfahrener Fahrer sind, das intuitive Design macht es jedem leicht, die Powervalve-Einstellung in Sekundenschnelle und in jeder Situation ohne Werkzeug (auch [&hellip;]<\/p>\n","protected":false},"featured_media":207973,"comment_status":"closed","ping_status":"closed","template":"","meta":{"_acf_changed":false},"product_brand":[],"product_cat":[9441],"product_tag":[],"class_list":{"0":"post-215125","1":"product","2":"type-product","3":"status-publish","4":"has-post-thumbnail","6":"product_cat-uncategorized","7":"pa_color-blue-de","8":"pa_color-orange-de","9":"pa_color-red-de","10":"pa_manufacturer-s3-de","12":"first","13":"instock","14":"taxable","15":"shipping-taxable","16":"purchasable","17":"product-type-variable","18":"has-default-attributes"},"acf":[],"yoast_head":"<!-- This site is optimized with the Yoast SEO plugin v27.3 - https:\/\/yoast.com\/product\/yoast-seo-wordpress\/ -->\n<title>S3 einstellbares Leistungsventil Regler \/ HUSQVARNA TC TE TEI TX 85 125 150 250 300 - Frank! MXParts<\/title>\n<meta name=\"robots\" content=\"noindex, follow, max-snippet:-1, max-image-preview:large, max-video-preview:-1\" \/>\n<meta property=\"og:locale\" content=\"de_DE\" \/>\n<meta property=\"og:type\" content=\"article\" \/>\n<meta property=\"og:title\" content=\"S3 einstellbares Leistungsventil Regler \/ HUSQVARNA TC TE TEI TX 85 125 150 250 300 - Frank! MXParts\" \/>\n<meta property=\"og:description\" content=\"S3 Einstellbares Leistungsventil Regler f\u00fcr HUsqvarna. Hochwertiges, CNC-gefr\u00e4stes Teil aus Spanien. Lernen Sie Ihren Motor besser kennen und genie\u00dfen Sie ihn, indem Sie das Leistungsventil einfach von Hand einstellen k\u00f6nnen. Ob Sie Anf\u00e4nger oder erfahrener Fahrer sind, das intuitive Design macht es jedem leicht, die Powervalve-Einstellung in Sekundenschnelle und in jeder Situation ohne Werkzeug (auch [&hellip;]\" \/>\n<meta property=\"og:url\" content=\"https:\/\/www.frankmxparts.com.iclicksapp.nl\/de\/s3-adjustable-power-valve-regulator-pv-1373-husqvarna-tc-te-tei-tx-85-125-150-250-300\" \/>\n<meta property=\"og:site_name\" content=\"Frank! MXParts\" \/>\n<meta property=\"article:modified_time\" content=\"2024-12-16T11:54:19+00:00\" \/>\n<meta property=\"og:image\" content=\"https:\/\/www.frankmxparts.com.iclicksapp.nl\/wp-content\/uploads\/2024\/11\/S3-adjustable-exhaust-power-valve-regulator-PV-1373-HUSQVARNA-TC-TE-TEI-TX-85-125-150-250-300-frank-mxparts-01.jpg\" \/>\n\t<meta property=\"og:image:width\" content=\"750\" \/>\n\t<meta property=\"og:image:height\" content=\"563\" \/>\n\t<meta property=\"og:image:type\" content=\"image\/jpeg\" \/>\n<meta name=\"twitter:card\" content=\"summary_large_image\" \/>\n<meta name=\"twitter:label1\" content=\"Gesch\u00e4tzte Lesezeit\" \/>\n\t<meta name=\"twitter:data1\" content=\"1\u00a0Minute\" \/>\n<script type=\"application\/ld+json\" class=\"yoast-schema-graph\">{\"@context\":\"https:\\\/\\\/schema.org\",\"@graph\":[{\"@type\":\"WebPage\",\"@id\":\"https:\\\/\\\/www.frankmxparts.com.iclicksapp.nl\\\/de\\\/s3-adjustable-power-valve-regulator-pv-1373-husqvarna-tc-te-tei-tx-85-125-150-250-300\",\"url\":\"https:\\\/\\\/www.frankmxparts.com.iclicksapp.nl\\\/de\\\/s3-adjustable-power-valve-regulator-pv-1373-husqvarna-tc-te-tei-tx-85-125-150-250-300\",\"name\":\"S3 einstellbares Leistungsventil Regler \\\/ HUSQVARNA TC TE TEI TX 85 125 150 250 300 - Frank! MXParts\",\"isPartOf\":{\"@id\":\"https:\\\/\\\/www.frankmxparts.com.iclicksapp.nl\\\/de\\\/#website\"},\"primaryImageOfPage\":{\"@id\":\"https:\\\/\\\/www.frankmxparts.com.iclicksapp.nl\\\/de\\\/s3-adjustable-power-valve-regulator-pv-1373-husqvarna-tc-te-tei-tx-85-125-150-250-300#primaryimage\"},\"image\":{\"@id\":\"https:\\\/\\\/www.frankmxparts.com.iclicksapp.nl\\\/de\\\/s3-adjustable-power-valve-regulator-pv-1373-husqvarna-tc-te-tei-tx-85-125-150-250-300#primaryimage\"},\"thumbnailUrl\":\"https:\\\/\\\/www.frankmxparts.com.iclicksapp.nl\\\/wp-content\\\/uploads\\\/2024\\\/11\\\/S3-adjustable-exhaust-power-valve-regulator-PV-1373-HUSQVARNA-TC-TE-TEI-TX-85-125-150-250-300-frank-mxparts-01.jpg\",\"datePublished\":\"2024-11-19T21:59:39+00:00\",\"dateModified\":\"2024-12-16T11:54:19+00:00\",\"breadcrumb\":{\"@id\":\"https:\\\/\\\/www.frankmxparts.com.iclicksapp.nl\\\/de\\\/s3-adjustable-power-valve-regulator-pv-1373-husqvarna-tc-te-tei-tx-85-125-150-250-300#breadcrumb\"},\"inLanguage\":\"de\",\"potentialAction\":[{\"@type\":\"ReadAction\",\"target\":[\"https:\\\/\\\/www.frankmxparts.com.iclicksapp.nl\\\/de\\\/s3-adjustable-power-valve-regulator-pv-1373-husqvarna-tc-te-tei-tx-85-125-150-250-300\"]}]},{\"@type\":\"ImageObject\",\"inLanguage\":\"de\",\"@id\":\"https:\\\/\\\/www.frankmxparts.com.iclicksapp.nl\\\/de\\\/s3-adjustable-power-valve-regulator-pv-1373-husqvarna-tc-te-tei-tx-85-125-150-250-300#primaryimage\",\"url\":\"https:\\\/\\\/www.frankmxparts.com.iclicksapp.nl\\\/wp-content\\\/uploads\\\/2024\\\/11\\\/S3-adjustable-exhaust-power-valve-regulator-PV-1373-HUSQVARNA-TC-TE-TEI-TX-85-125-150-250-300-frank-mxparts-01.jpg\",\"contentUrl\":\"https:\\\/\\\/www.frankmxparts.com.iclicksapp.nl\\\/wp-content\\\/uploads\\\/2024\\\/11\\\/S3-adjustable-exhaust-power-valve-regulator-PV-1373-HUSQVARNA-TC-TE-TEI-TX-85-125-150-250-300-frank-mxparts-01.jpg\",\"width\":750,\"height\":563},{\"@type\":\"BreadcrumbList\",\"@id\":\"https:\\\/\\\/www.frankmxparts.com.iclicksapp.nl\\\/de\\\/s3-adjustable-power-valve-regulator-pv-1373-husqvarna-tc-te-tei-tx-85-125-150-250-300#breadcrumb\",\"itemListElement\":[{\"@type\":\"ListItem\",\"position\":1,\"name\":\"Home\",\"item\":\"https:\\\/\\\/www.frankmxparts.com.iclicksapp.nl\\\/de\"},{\"@type\":\"ListItem\",\"position\":2,\"name\":\"Shop\",\"item\":\"https:\\\/\\\/www.frankmxparts.com.iclicksapp.nl\\\/winkel\"},{\"@type\":\"ListItem\",\"position\":3,\"name\":\"S3 einstellbares Leistungsventil Regler \\\/ HUSQVARNA TC TE TEI TX 85 125 150 250 300\"}]},{\"@type\":\"WebSite\",\"@id\":\"https:\\\/\\\/www.frankmxparts.com.iclicksapp.nl\\\/de\\\/#website\",\"url\":\"https:\\\/\\\/www.frankmxparts.com.iclicksapp.nl\\\/de\\\/\",\"name\":\"Frank! MXParts\",\"description\":\"\",\"publisher\":{\"@id\":\"https:\\\/\\\/www.frankmxparts.com.iclicksapp.nl\\\/de\\\/#organization\"},\"potentialAction\":[{\"@type\":\"SearchAction\",\"target\":{\"@type\":\"EntryPoint\",\"urlTemplate\":\"https:\\\/\\\/www.frankmxparts.com.iclicksapp.nl\\\/de\\\/?s={search_term_string}\"},\"query-input\":{\"@type\":\"PropertyValueSpecification\",\"valueRequired\":true,\"valueName\":\"search_term_string\"}}],\"inLanguage\":\"de\"},{\"@type\":\"Organization\",\"@id\":\"https:\\\/\\\/www.frankmxparts.com.iclicksapp.nl\\\/de\\\/#organization\",\"name\":\"Frank! MXParts\",\"url\":\"https:\\\/\\\/www.frankmxparts.com.iclicksapp.nl\\\/de\\\/\",\"logo\":{\"@type\":\"ImageObject\",\"inLanguage\":\"de\",\"@id\":\"https:\\\/\\\/www.frankmxparts.com.iclicksapp.nl\\\/de\\\/#\\\/schema\\\/logo\\\/image\\\/\",\"url\":\"https:\\\/\\\/www.frankmxparts.com.iclicksapp.nl\\\/wp-content\\\/uploads\\\/2024\\\/01\\\/frank-mxparts-logo.svg\",\"contentUrl\":\"https:\\\/\\\/www.frankmxparts.com.iclicksapp.nl\\\/wp-content\\\/uploads\\\/2024\\\/01\\\/frank-mxparts-logo.svg\",\"width\":301,\"height\":88,\"caption\":\"Frank! MXParts\"},\"image\":{\"@id\":\"https:\\\/\\\/www.frankmxparts.com.iclicksapp.nl\\\/de\\\/#\\\/schema\\\/logo\\\/image\\\/\"}}]}<\/script>\n<!-- \/ Yoast SEO plugin. -->","yoast_head_json":{"title":"S3 einstellbares Leistungsventil Regler \/ HUSQVARNA TC TE TEI TX 85 125 150 250 300 - Frank! MXParts","robots":{"index":"noindex","follow":"follow","max-snippet":"max-snippet:-1","max-image-preview":"max-image-preview:large","max-video-preview":"max-video-preview:-1"},"og_locale":"de_DE","og_type":"article","og_title":"S3 einstellbares Leistungsventil Regler \/ HUSQVARNA TC TE TEI TX 85 125 150 250 300 - Frank! MXParts","og_description":"S3 Einstellbares Leistungsventil Regler f\u00fcr HUsqvarna. Hochwertiges, CNC-gefr\u00e4stes Teil aus Spanien. Lernen Sie Ihren Motor besser kennen und genie\u00dfen Sie ihn, indem Sie das Leistungsventil einfach von Hand einstellen k\u00f6nnen. Ob Sie Anf\u00e4nger oder erfahrener Fahrer sind, das intuitive Design macht es jedem leicht, die Powervalve-Einstellung in Sekundenschnelle und in jeder Situation ohne Werkzeug (auch [&hellip;]","og_url":"https:\/\/www.frankmxparts.com.iclicksapp.nl\/de\/s3-adjustable-power-valve-regulator-pv-1373-husqvarna-tc-te-tei-tx-85-125-150-250-300","og_site_name":"Frank! MXParts","article_modified_time":"2024-12-16T11:54:19+00:00","og_image":[{"width":750,"height":563,"url":"https:\/\/www.frankmxparts.com.iclicksapp.nl\/wp-content\/uploads\/2024\/11\/S3-adjustable-exhaust-power-valve-regulator-PV-1373-HUSQVARNA-TC-TE-TEI-TX-85-125-150-250-300-frank-mxparts-01.jpg","type":"image\/jpeg"}],"twitter_card":"summary_large_image","twitter_misc":{"Gesch\u00e4tzte Lesezeit":"1\u00a0Minute"},"schema":{"@context":"https:\/\/schema.org","@graph":[{"@type":"WebPage","@id":"https:\/\/www.frankmxparts.com.iclicksapp.nl\/de\/s3-adjustable-power-valve-regulator-pv-1373-husqvarna-tc-te-tei-tx-85-125-150-250-300","url":"https:\/\/www.frankmxparts.com.iclicksapp.nl\/de\/s3-adjustable-power-valve-regulator-pv-1373-husqvarna-tc-te-tei-tx-85-125-150-250-300","name":"S3 einstellbares Leistungsventil Regler \/ HUSQVARNA TC TE TEI TX 85 125 150 250 300 - Frank! MXParts","isPartOf":{"@id":"https:\/\/www.frankmxparts.com.iclicksapp.nl\/de\/#website"},"primaryImageOfPage":{"@id":"https:\/\/www.frankmxparts.com.iclicksapp.nl\/de\/s3-adjustable-power-valve-regulator-pv-1373-husqvarna-tc-te-tei-tx-85-125-150-250-300#primaryimage"},"image":{"@id":"https:\/\/www.frankmxparts.com.iclicksapp.nl\/de\/s3-adjustable-power-valve-regulator-pv-1373-husqvarna-tc-te-tei-tx-85-125-150-250-300#primaryimage"},"thumbnailUrl":"https:\/\/www.frankmxparts.com.iclicksapp.nl\/wp-content\/uploads\/2024\/11\/S3-adjustable-exhaust-power-valve-regulator-PV-1373-HUSQVARNA-TC-TE-TEI-TX-85-125-150-250-300-frank-mxparts-01.jpg","datePublished":"2024-11-19T21:59:39+00:00","dateModified":"2024-12-16T11:54:19+00:00","breadcrumb":{"@id":"https:\/\/www.frankmxparts.com.iclicksapp.nl\/de\/s3-adjustable-power-valve-regulator-pv-1373-husqvarna-tc-te-tei-tx-85-125-150-250-300#breadcrumb"},"inLanguage":"de","potentialAction":[{"@type":"ReadAction","target":["https:\/\/www.frankmxparts.com.iclicksapp.nl\/de\/s3-adjustable-power-valve-regulator-pv-1373-husqvarna-tc-te-tei-tx-85-125-150-250-300"]}]},{"@type":"ImageObject","inLanguage":"de","@id":"https:\/\/www.frankmxparts.com.iclicksapp.nl\/de\/s3-adjustable-power-valve-regulator-pv-1373-husqvarna-tc-te-tei-tx-85-125-150-250-300#primaryimage","url":"https:\/\/www.frankmxparts.com.iclicksapp.nl\/wp-content\/uploads\/2024\/11\/S3-adjustable-exhaust-power-valve-regulator-PV-1373-HUSQVARNA-TC-TE-TEI-TX-85-125-150-250-300-frank-mxparts-01.jpg","contentUrl":"https:\/\/www.frankmxparts.com.iclicksapp.nl\/wp-content\/uploads\/2024\/11\/S3-adjustable-exhaust-power-valve-regulator-PV-1373-HUSQVARNA-TC-TE-TEI-TX-85-125-150-250-300-frank-mxparts-01.jpg","width":750,"height":563},{"@type":"BreadcrumbList","@id":"https:\/\/www.frankmxparts.com.iclicksapp.nl\/de\/s3-adjustable-power-valve-regulator-pv-1373-husqvarna-tc-te-tei-tx-85-125-150-250-300#breadcrumb","itemListElement":[{"@type":"ListItem","position":1,"name":"Home","item":"https:\/\/www.frankmxparts.com.iclicksapp.nl\/de"},{"@type":"ListItem","position":2,"name":"Shop","item":"https:\/\/www.frankmxparts.com.iclicksapp.nl\/winkel"},{"@type":"ListItem","position":3,"name":"S3 einstellbares Leistungsventil Regler \/ HUSQVARNA TC TE TEI TX 85 125 150 250 300"}]},{"@type":"WebSite","@id":"https:\/\/www.frankmxparts.com.iclicksapp.nl\/de\/#website","url":"https:\/\/www.frankmxparts.com.iclicksapp.nl\/de\/","name":"Frank! MXParts","description":"","publisher":{"@id":"https:\/\/www.frankmxparts.com.iclicksapp.nl\/de\/#organization"},"potentialAction":[{"@type":"SearchAction","target":{"@type":"EntryPoint","urlTemplate":"https:\/\/www.frankmxparts.com.iclicksapp.nl\/de\/?s={search_term_string}"},"query-input":{"@type":"PropertyValueSpecification","valueRequired":true,"valueName":"search_term_string"}}],"inLanguage":"de"},{"@type":"Organization","@id":"https:\/\/www.frankmxparts.com.iclicksapp.nl\/de\/#organization","name":"Frank! MXParts","url":"https:\/\/www.frankmxparts.com.iclicksapp.nl\/de\/","logo":{"@type":"ImageObject","inLanguage":"de","@id":"https:\/\/www.frankmxparts.com.iclicksapp.nl\/de\/#\/schema\/logo\/image\/","url":"https:\/\/www.frankmxparts.com.iclicksapp.nl\/wp-content\/uploads\/2024\/01\/frank-mxparts-logo.svg","contentUrl":"https:\/\/www.frankmxparts.com.iclicksapp.nl\/wp-content\/uploads\/2024\/01\/frank-mxparts-logo.svg","width":301,"height":88,"caption":"Frank! MXParts"},"image":{"@id":"https:\/\/www.frankmxparts.com.iclicksapp.nl\/de\/#\/schema\/logo\/image\/"}}]}},"_links":{"self":[{"href":"https:\/\/www.frankmxparts.com.iclicksapp.nl\/de\/wp-json\/wp\/v2\/product\/215125","targetHints":{"allow":["GET"]}}],"collection":[{"href":"https:\/\/www.frankmxparts.com.iclicksapp.nl\/de\/wp-json\/wp\/v2\/product"}],"about":[{"href":"https:\/\/www.frankmxparts.com.iclicksapp.nl\/de\/wp-json\/wp\/v2\/types\/product"}],"replies":[{"embeddable":true,"href":"https:\/\/www.frankmxparts.com.iclicksapp.nl\/de\/wp-json\/wp\/v2\/comments?post=215125"}],"wp:featuredmedia":[{"embeddable":true,"href":"https:\/\/www.frankmxparts.com.iclicksapp.nl\/de\/wp-json\/wp\/v2\/media\/207973"}],"wp:attachment":[{"href":"https:\/\/www.frankmxparts.com.iclicksapp.nl\/de\/wp-json\/wp\/v2\/media?parent=215125"}],"wp:term":[{"taxonomy":"product_brand","embeddable":true,"href":"https:\/\/www.frankmxparts.com.iclicksapp.nl\/de\/wp-json\/wp\/v2\/product_brand?post=215125"},{"taxonomy":"product_cat","embeddable":true,"href":"https:\/\/www.frankmxparts.com.iclicksapp.nl\/de\/wp-json\/wp\/v2\/product_cat?post=215125"},{"taxonomy":"product_tag","embeddable":true,"href":"https:\/\/www.frankmxparts.com.iclicksapp.nl\/de\/wp-json\/wp\/v2\/product_tag?post=215125"}],"curies":[{"name":"wp","href":"https:\/\/api.w.org\/{rel}","templated":true}]}}