{"id":215127,"date":"2024-11-19T22:59:39","date_gmt":"2024-11-19T21:59:39","guid":{"rendered":"https:\/\/www.frankmxparts.com.iclicksapp.nl\/product\/one-way-check-valve-keihin-fcr-mx-flatslide-racing-carburetor"},"modified":"2024-12-16T12:54:20","modified_gmt":"2024-12-16T11:54:20","slug":"one-way-check-valve-keihin-fcr-mx-flatslide-racing-carburetor","status":"publish","type":"product","link":"https:\/\/www.frankmxparts.com.iclicksapp.nl\/de\/one-way-check-valve-keihin-fcr-mx-flatslide-racing-carburetor","title":{"rendered":"Einwegventil \/ Keihin FCR (MX) Flachschieber racing Vergaser"},"content":{"rendered":"<p>\n<strong>Einwegventil f\u00fcr Keihin FCR (MX) Vergaser<\/strong>.<\/p>\n<p>Die Einwegventile in Keihin FCR-Vergasern werden in den Schwimmerkammern und in den Mittelk\u00f6rpern verwendet. Sie verhindern, dass Kraftstoff in die Schwimmerkammer bzw. zur Beschleunigerpumpe zur\u00fcckflie\u00dft. Diese Teile sind nicht bei Keihin erh\u00e4ltlich.<\/p>\n<p><strong>Das Kit enth\u00e4lt<\/strong>: 1 Stopfen, 1 Feder und 1 Kugel.<br \/>\n<strong>Passend f\u00fcr<\/strong>:<\/p>\n<ul>\n<li>alle Keihin FCR Flachschieber Vergaser<\/li>\n<li>alle Keihin FCR Flachschieber racing Vergaser<\/li>\n<li>alle Keihin FCR MX Flachschieber Vergaser.<\/li>\n<\/ul>\n<p><strong>Achtung<\/strong>: die Installation muss von einer Person mit einigen mechanischen F\u00e4higkeiten durchgef\u00fchrt werden.<br \/>\n&nbsp;<\/p>\n<p>Komplett wie abgebildet.<\/p>\n<p>\n&nbsp;<\/p>\n<p>&nbsp;<\/p>\n","protected":false},"excerpt":{"rendered":"<p>Einwegventil f\u00fcr Keihin FCR (MX) Vergaser. Die Einwegventile in Keihin FCR-Vergasern werden in den Schwimmerkammern und in den Mittelk\u00f6rpern verwendet. Sie verhindern, dass Kraftstoff in die Schwimmerkammer bzw. zur Beschleunigerpumpe zur\u00fcckflie\u00dft. Diese Teile sind nicht bei Keihin erh\u00e4ltlich. Das Kit enth\u00e4lt: 1 Stopfen, 1 Feder und 1 Kugel. Passend f\u00fcr: alle Keihin FCR Flachschieber Vergaser [&hellip;]<\/p>\n","protected":false},"featured_media":208026,"comment_status":"closed","ping_status":"closed","template":"","meta":{"_acf_changed":false},"product_brand":[],"product_cat":[9441],"product_tag":[],"class_list":{"0":"post-215127","1":"product","2":"type-product","3":"status-publish","4":"has-post-thumbnail","6":"product_cat-uncategorized","7":"pa_manufacturer-frank-mxparts-de","9":"first","10":"instock","11":"taxable","12":"shipping-taxable","13":"purchasable","14":"product-type-simple"},"acf":[],"yoast_head":"<!-- This site is optimized with the Yoast SEO plugin v27.3 - https:\/\/yoast.com\/product\/yoast-seo-wordpress\/ -->\n<title>Einwegventil \/ Keihin FCR (MX) Flachschieber racing Vergaser - Frank! MXParts<\/title>\n<meta name=\"robots\" content=\"noindex, follow, max-snippet:-1, max-image-preview:large, max-video-preview:-1\" \/>\n<meta property=\"og:locale\" content=\"de_DE\" \/>\n<meta property=\"og:type\" content=\"article\" \/>\n<meta property=\"og:title\" content=\"Einwegventil \/ Keihin FCR (MX) Flachschieber racing Vergaser - Frank! MXParts\" \/>\n<meta property=\"og:description\" content=\"Einwegventil f\u00fcr Keihin FCR (MX) Vergaser. Die Einwegventile in Keihin FCR-Vergasern werden in den Schwimmerkammern und in den Mittelk\u00f6rpern verwendet. Sie verhindern, dass Kraftstoff in die Schwimmerkammer bzw. zur Beschleunigerpumpe zur\u00fcckflie\u00dft. Diese Teile sind nicht bei Keihin erh\u00e4ltlich. Das Kit enth\u00e4lt: 1 Stopfen, 1 Feder und 1 Kugel. Passend f\u00fcr: alle Keihin FCR Flachschieber Vergaser [&hellip;]\" \/>\n<meta property=\"og:url\" content=\"https:\/\/www.frankmxparts.com.iclicksapp.nl\/de\/one-way-check-valve-keihin-fcr-mx-flatslide-racing-carburetor\" \/>\n<meta property=\"og:site_name\" content=\"Frank! MXParts\" \/>\n<meta property=\"article:modified_time\" content=\"2024-12-16T11:54:20+00:00\" \/>\n<meta property=\"og:image\" content=\"https:\/\/www.frankmxparts.com.iclicksapp.nl\/wp-content\/uploads\/2024\/11\/one-way-check-valve-Keihin-FCR-MX-flatslide-racing-carburetor-frank-mxparts-01.jpg\" \/>\n\t<meta property=\"og:image:width\" content=\"750\" \/>\n\t<meta property=\"og:image:height\" content=\"563\" \/>\n\t<meta property=\"og:image:type\" content=\"image\/jpeg\" \/>\n<meta name=\"twitter:card\" content=\"summary_large_image\" \/>\n<script type=\"application\/ld+json\" class=\"yoast-schema-graph\">{\"@context\":\"https:\\\/\\\/schema.org\",\"@graph\":[{\"@type\":\"WebPage\",\"@id\":\"https:\\\/\\\/www.frankmxparts.com.iclicksapp.nl\\\/de\\\/one-way-check-valve-keihin-fcr-mx-flatslide-racing-carburetor\",\"url\":\"https:\\\/\\\/www.frankmxparts.com.iclicksapp.nl\\\/de\\\/one-way-check-valve-keihin-fcr-mx-flatslide-racing-carburetor\",\"name\":\"Einwegventil \\\/ Keihin FCR (MX) Flachschieber racing Vergaser - Frank! MXParts\",\"isPartOf\":{\"@id\":\"https:\\\/\\\/www.frankmxparts.com.iclicksapp.nl\\\/de\\\/#website\"},\"primaryImageOfPage\":{\"@id\":\"https:\\\/\\\/www.frankmxparts.com.iclicksapp.nl\\\/de\\\/one-way-check-valve-keihin-fcr-mx-flatslide-racing-carburetor#primaryimage\"},\"image\":{\"@id\":\"https:\\\/\\\/www.frankmxparts.com.iclicksapp.nl\\\/de\\\/one-way-check-valve-keihin-fcr-mx-flatslide-racing-carburetor#primaryimage\"},\"thumbnailUrl\":\"https:\\\/\\\/www.frankmxparts.com.iclicksapp.nl\\\/wp-content\\\/uploads\\\/2024\\\/11\\\/one-way-check-valve-Keihin-FCR-MX-flatslide-racing-carburetor-frank-mxparts-01.jpg\",\"datePublished\":\"2024-11-19T21:59:39+00:00\",\"dateModified\":\"2024-12-16T11:54:20+00:00\",\"breadcrumb\":{\"@id\":\"https:\\\/\\\/www.frankmxparts.com.iclicksapp.nl\\\/de\\\/one-way-check-valve-keihin-fcr-mx-flatslide-racing-carburetor#breadcrumb\"},\"inLanguage\":\"de\",\"potentialAction\":[{\"@type\":\"ReadAction\",\"target\":[\"https:\\\/\\\/www.frankmxparts.com.iclicksapp.nl\\\/de\\\/one-way-check-valve-keihin-fcr-mx-flatslide-racing-carburetor\"]}]},{\"@type\":\"ImageObject\",\"inLanguage\":\"de\",\"@id\":\"https:\\\/\\\/www.frankmxparts.com.iclicksapp.nl\\\/de\\\/one-way-check-valve-keihin-fcr-mx-flatslide-racing-carburetor#primaryimage\",\"url\":\"https:\\\/\\\/www.frankmxparts.com.iclicksapp.nl\\\/wp-content\\\/uploads\\\/2024\\\/11\\\/one-way-check-valve-Keihin-FCR-MX-flatslide-racing-carburetor-frank-mxparts-01.jpg\",\"contentUrl\":\"https:\\\/\\\/www.frankmxparts.com.iclicksapp.nl\\\/wp-content\\\/uploads\\\/2024\\\/11\\\/one-way-check-valve-Keihin-FCR-MX-flatslide-racing-carburetor-frank-mxparts-01.jpg\",\"width\":750,\"height\":563},{\"@type\":\"BreadcrumbList\",\"@id\":\"https:\\\/\\\/www.frankmxparts.com.iclicksapp.nl\\\/de\\\/one-way-check-valve-keihin-fcr-mx-flatslide-racing-carburetor#breadcrumb\",\"itemListElement\":[{\"@type\":\"ListItem\",\"position\":1,\"name\":\"Home\",\"item\":\"https:\\\/\\\/www.frankmxparts.com.iclicksapp.nl\\\/de\"},{\"@type\":\"ListItem\",\"position\":2,\"name\":\"Shop\",\"item\":\"https:\\\/\\\/www.frankmxparts.com.iclicksapp.nl\\\/winkel\"},{\"@type\":\"ListItem\",\"position\":3,\"name\":\"Einwegventil \\\/ Keihin FCR (MX) Flachschieber racing Vergaser\"}]},{\"@type\":\"WebSite\",\"@id\":\"https:\\\/\\\/www.frankmxparts.com.iclicksapp.nl\\\/de\\\/#website\",\"url\":\"https:\\\/\\\/www.frankmxparts.com.iclicksapp.nl\\\/de\\\/\",\"name\":\"Frank! MXParts\",\"description\":\"\",\"publisher\":{\"@id\":\"https:\\\/\\\/www.frankmxparts.com.iclicksapp.nl\\\/de\\\/#organization\"},\"potentialAction\":[{\"@type\":\"SearchAction\",\"target\":{\"@type\":\"EntryPoint\",\"urlTemplate\":\"https:\\\/\\\/www.frankmxparts.com.iclicksapp.nl\\\/de\\\/?s={search_term_string}\"},\"query-input\":{\"@type\":\"PropertyValueSpecification\",\"valueRequired\":true,\"valueName\":\"search_term_string\"}}],\"inLanguage\":\"de\"},{\"@type\":\"Organization\",\"@id\":\"https:\\\/\\\/www.frankmxparts.com.iclicksapp.nl\\\/de\\\/#organization\",\"name\":\"Frank! MXParts\",\"url\":\"https:\\\/\\\/www.frankmxparts.com.iclicksapp.nl\\\/de\\\/\",\"logo\":{\"@type\":\"ImageObject\",\"inLanguage\":\"de\",\"@id\":\"https:\\\/\\\/www.frankmxparts.com.iclicksapp.nl\\\/de\\\/#\\\/schema\\\/logo\\\/image\\\/\",\"url\":\"https:\\\/\\\/www.frankmxparts.com.iclicksapp.nl\\\/wp-content\\\/uploads\\\/2024\\\/01\\\/frank-mxparts-logo.svg\",\"contentUrl\":\"https:\\\/\\\/www.frankmxparts.com.iclicksapp.nl\\\/wp-content\\\/uploads\\\/2024\\\/01\\\/frank-mxparts-logo.svg\",\"width\":301,\"height\":88,\"caption\":\"Frank! MXParts\"},\"image\":{\"@id\":\"https:\\\/\\\/www.frankmxparts.com.iclicksapp.nl\\\/de\\\/#\\\/schema\\\/logo\\\/image\\\/\"}}]}<\/script>\n<!-- \/ Yoast SEO plugin. -->","yoast_head_json":{"title":"Einwegventil \/ Keihin FCR (MX) Flachschieber racing Vergaser - Frank! MXParts","robots":{"index":"noindex","follow":"follow","max-snippet":"max-snippet:-1","max-image-preview":"max-image-preview:large","max-video-preview":"max-video-preview:-1"},"og_locale":"de_DE","og_type":"article","og_title":"Einwegventil \/ Keihin FCR (MX) Flachschieber racing Vergaser - Frank! MXParts","og_description":"Einwegventil f\u00fcr Keihin FCR (MX) Vergaser. Die Einwegventile in Keihin FCR-Vergasern werden in den Schwimmerkammern und in den Mittelk\u00f6rpern verwendet. Sie verhindern, dass Kraftstoff in die Schwimmerkammer bzw. zur Beschleunigerpumpe zur\u00fcckflie\u00dft. Diese Teile sind nicht bei Keihin erh\u00e4ltlich. Das Kit enth\u00e4lt: 1 Stopfen, 1 Feder und 1 Kugel. Passend f\u00fcr: alle Keihin FCR Flachschieber Vergaser [&hellip;]","og_url":"https:\/\/www.frankmxparts.com.iclicksapp.nl\/de\/one-way-check-valve-keihin-fcr-mx-flatslide-racing-carburetor","og_site_name":"Frank! MXParts","article_modified_time":"2024-12-16T11:54:20+00:00","og_image":[{"width":750,"height":563,"url":"https:\/\/www.frankmxparts.com.iclicksapp.nl\/wp-content\/uploads\/2024\/11\/one-way-check-valve-Keihin-FCR-MX-flatslide-racing-carburetor-frank-mxparts-01.jpg","type":"image\/jpeg"}],"twitter_card":"summary_large_image","schema":{"@context":"https:\/\/schema.org","@graph":[{"@type":"WebPage","@id":"https:\/\/www.frankmxparts.com.iclicksapp.nl\/de\/one-way-check-valve-keihin-fcr-mx-flatslide-racing-carburetor","url":"https:\/\/www.frankmxparts.com.iclicksapp.nl\/de\/one-way-check-valve-keihin-fcr-mx-flatslide-racing-carburetor","name":"Einwegventil \/ Keihin FCR (MX) Flachschieber racing Vergaser - Frank! MXParts","isPartOf":{"@id":"https:\/\/www.frankmxparts.com.iclicksapp.nl\/de\/#website"},"primaryImageOfPage":{"@id":"https:\/\/www.frankmxparts.com.iclicksapp.nl\/de\/one-way-check-valve-keihin-fcr-mx-flatslide-racing-carburetor#primaryimage"},"image":{"@id":"https:\/\/www.frankmxparts.com.iclicksapp.nl\/de\/one-way-check-valve-keihin-fcr-mx-flatslide-racing-carburetor#primaryimage"},"thumbnailUrl":"https:\/\/www.frankmxparts.com.iclicksapp.nl\/wp-content\/uploads\/2024\/11\/one-way-check-valve-Keihin-FCR-MX-flatslide-racing-carburetor-frank-mxparts-01.jpg","datePublished":"2024-11-19T21:59:39+00:00","dateModified":"2024-12-16T11:54:20+00:00","breadcrumb":{"@id":"https:\/\/www.frankmxparts.com.iclicksapp.nl\/de\/one-way-check-valve-keihin-fcr-mx-flatslide-racing-carburetor#breadcrumb"},"inLanguage":"de","potentialAction":[{"@type":"ReadAction","target":["https:\/\/www.frankmxparts.com.iclicksapp.nl\/de\/one-way-check-valve-keihin-fcr-mx-flatslide-racing-carburetor"]}]},{"@type":"ImageObject","inLanguage":"de","@id":"https:\/\/www.frankmxparts.com.iclicksapp.nl\/de\/one-way-check-valve-keihin-fcr-mx-flatslide-racing-carburetor#primaryimage","url":"https:\/\/www.frankmxparts.com.iclicksapp.nl\/wp-content\/uploads\/2024\/11\/one-way-check-valve-Keihin-FCR-MX-flatslide-racing-carburetor-frank-mxparts-01.jpg","contentUrl":"https:\/\/www.frankmxparts.com.iclicksapp.nl\/wp-content\/uploads\/2024\/11\/one-way-check-valve-Keihin-FCR-MX-flatslide-racing-carburetor-frank-mxparts-01.jpg","width":750,"height":563},{"@type":"BreadcrumbList","@id":"https:\/\/www.frankmxparts.com.iclicksapp.nl\/de\/one-way-check-valve-keihin-fcr-mx-flatslide-racing-carburetor#breadcrumb","itemListElement":[{"@type":"ListItem","position":1,"name":"Home","item":"https:\/\/www.frankmxparts.com.iclicksapp.nl\/de"},{"@type":"ListItem","position":2,"name":"Shop","item":"https:\/\/www.frankmxparts.com.iclicksapp.nl\/winkel"},{"@type":"ListItem","position":3,"name":"Einwegventil \/ Keihin FCR (MX) Flachschieber racing Vergaser"}]},{"@type":"WebSite","@id":"https:\/\/www.frankmxparts.com.iclicksapp.nl\/de\/#website","url":"https:\/\/www.frankmxparts.com.iclicksapp.nl\/de\/","name":"Frank! MXParts","description":"","publisher":{"@id":"https:\/\/www.frankmxparts.com.iclicksapp.nl\/de\/#organization"},"potentialAction":[{"@type":"SearchAction","target":{"@type":"EntryPoint","urlTemplate":"https:\/\/www.frankmxparts.com.iclicksapp.nl\/de\/?s={search_term_string}"},"query-input":{"@type":"PropertyValueSpecification","valueRequired":true,"valueName":"search_term_string"}}],"inLanguage":"de"},{"@type":"Organization","@id":"https:\/\/www.frankmxparts.com.iclicksapp.nl\/de\/#organization","name":"Frank! MXParts","url":"https:\/\/www.frankmxparts.com.iclicksapp.nl\/de\/","logo":{"@type":"ImageObject","inLanguage":"de","@id":"https:\/\/www.frankmxparts.com.iclicksapp.nl\/de\/#\/schema\/logo\/image\/","url":"https:\/\/www.frankmxparts.com.iclicksapp.nl\/wp-content\/uploads\/2024\/01\/frank-mxparts-logo.svg","contentUrl":"https:\/\/www.frankmxparts.com.iclicksapp.nl\/wp-content\/uploads\/2024\/01\/frank-mxparts-logo.svg","width":301,"height":88,"caption":"Frank! MXParts"},"image":{"@id":"https:\/\/www.frankmxparts.com.iclicksapp.nl\/de\/#\/schema\/logo\/image\/"}}]}},"_links":{"self":[{"href":"https:\/\/www.frankmxparts.com.iclicksapp.nl\/de\/wp-json\/wp\/v2\/product\/215127","targetHints":{"allow":["GET"]}}],"collection":[{"href":"https:\/\/www.frankmxparts.com.iclicksapp.nl\/de\/wp-json\/wp\/v2\/product"}],"about":[{"href":"https:\/\/www.frankmxparts.com.iclicksapp.nl\/de\/wp-json\/wp\/v2\/types\/product"}],"replies":[{"embeddable":true,"href":"https:\/\/www.frankmxparts.com.iclicksapp.nl\/de\/wp-json\/wp\/v2\/comments?post=215127"}],"wp:featuredmedia":[{"embeddable":true,"href":"https:\/\/www.frankmxparts.com.iclicksapp.nl\/de\/wp-json\/wp\/v2\/media\/208026"}],"wp:attachment":[{"href":"https:\/\/www.frankmxparts.com.iclicksapp.nl\/de\/wp-json\/wp\/v2\/media?parent=215127"}],"wp:term":[{"taxonomy":"product_brand","embeddable":true,"href":"https:\/\/www.frankmxparts.com.iclicksapp.nl\/de\/wp-json\/wp\/v2\/product_brand?post=215127"},{"taxonomy":"product_cat","embeddable":true,"href":"https:\/\/www.frankmxparts.com.iclicksapp.nl\/de\/wp-json\/wp\/v2\/product_cat?post=215127"},{"taxonomy":"product_tag","embeddable":true,"href":"https:\/\/www.frankmxparts.com.iclicksapp.nl\/de\/wp-json\/wp\/v2\/product_tag?post=215127"}],"curies":[{"name":"wp","href":"https:\/\/api.w.org\/{rel}","templated":true}]}}