{"id":215231,"date":"2024-11-19T23:05:08","date_gmt":"2024-11-19T22:05:08","guid":{"rendered":"https:\/\/www.frankmxparts.com.iclicksapp.nl\/product\/mikuni-tm40-tm-40-flatslide-racing-carburetor-kit-2-honda-fmx-650-fmx650"},"modified":"2024-12-16T12:09:03","modified_gmt":"2024-12-16T11:09:03","slug":"mikuni-tm40-tm-40-flatslide-racing-carburetor-kit-2-honda-fmx-650-fmx650","status":"publish","type":"product","link":"https:\/\/www.frankmxparts.com.iclicksapp.nl\/de\/mikuni-tm40-tm-40-flatslide-racing-carburetor-kit-2-honda-fmx-650-fmx650","title":{"rendered":"Mikuni TM40 Flachschieber Vergaser Kit #2 \/ Honda FMX 650"},"content":{"rendered":"<p>\n<strong>Mikuni TM40&nbsp;Flachschieber Vergaser Kit #2&nbsp;f\u00fcr den Honda FMX650.<\/strong><\/p>\n<p><strong>Original Mikuni aus Japan,&nbsp;<\/strong>hochwertige&nbsp;Teile.<\/p>\n<p>Diesen Vergaser bietet eine seri\u00f6se Leistungssteigerung gegen\u00fcber den serienm\u00e4\u00dfig eingebauten Vergaser: deutlich bessere Gasannahme, mehr Drehmoment und mehr Leistung \u00fcber den gesamten Drehzahlbereich. Dar\u00fcber hinaus erleichtert es das Starten und die Abstimmung.<\/p>\n<p><strong>Details<\/strong>:<\/p>\n<ul>\n<li>Mikuni TM40-6&nbsp;Flachschieber racing Vergaser<\/li>\n<li>mit Choke (passend f\u00fcr den originalen Chokezug)<\/li>\n<li>mit Beschleunigerpumpe<\/li>\n<li>mit vormontierte Adapter (vorne und hinten)<\/li>\n<li>passt sofort, ohne \u00c4nderungen&nbsp;<\/li>\n<li>Gashebel und Gasz\u00fcge sind einschlie\u00dflich<\/li>\n<li>mit f\u00fcr den FMX&nbsp;ge\u00e4nderte Bed\u00fcsung<\/li>\n<li>extra Hauptd\u00fcsen sind einschlie\u00dflich.<\/li>\n<\/ul>\n<p>\nKomplett wie abgebildet.<\/p>\n<p>&nbsp;<\/p>\n","protected":false},"excerpt":{"rendered":"<p>Mikuni TM40&nbsp;Flachschieber Vergaser Kit #2&nbsp;f\u00fcr den Honda FMX650. Original Mikuni aus Japan,&nbsp;hochwertige&nbsp;Teile. Diesen Vergaser bietet eine seri\u00f6se Leistungssteigerung gegen\u00fcber den serienm\u00e4\u00dfig eingebauten Vergaser: deutlich bessere Gasannahme, mehr Drehmoment und mehr Leistung \u00fcber den gesamten Drehzahlbereich. Dar\u00fcber hinaus erleichtert es das Starten und die Abstimmung. Details: Mikuni TM40-6&nbsp;Flachschieber racing Vergaser mit Choke (passend f\u00fcr den originalen [&hellip;]<\/p>\n","protected":false},"featured_media":208898,"comment_status":"closed","ping_status":"closed","template":"","meta":{"_acf_changed":false},"product_brand":[],"product_cat":[9441],"product_tag":[],"class_list":{"0":"post-215231","1":"product","2":"type-product","3":"status-publish","4":"has-post-thumbnail","6":"product_cat-uncategorized","7":"pa_manufacturer-mikuni-de","9":"first","10":"instock","11":"taxable","12":"shipping-taxable","13":"purchasable","14":"product-type-simple"},"acf":[],"yoast_head":"<!-- This site is optimized with the Yoast SEO plugin v27.3 - https:\/\/yoast.com\/product\/yoast-seo-wordpress\/ -->\n<title>Mikuni TM40 Flachschieber Vergaser Kit #2 \/ Honda FMX 650 - Frank! MXParts<\/title>\n<meta name=\"robots\" content=\"noindex, follow, max-snippet:-1, max-image-preview:large, max-video-preview:-1\" \/>\n<meta property=\"og:locale\" content=\"de_DE\" \/>\n<meta property=\"og:type\" content=\"article\" \/>\n<meta property=\"og:title\" content=\"Mikuni TM40 Flachschieber Vergaser Kit #2 \/ Honda FMX 650 - Frank! MXParts\" \/>\n<meta property=\"og:description\" content=\"Mikuni TM40&nbsp;Flachschieber Vergaser Kit #2&nbsp;f\u00fcr den Honda FMX650. Original Mikuni aus Japan,&nbsp;hochwertige&nbsp;Teile. Diesen Vergaser bietet eine seri\u00f6se Leistungssteigerung gegen\u00fcber den serienm\u00e4\u00dfig eingebauten Vergaser: deutlich bessere Gasannahme, mehr Drehmoment und mehr Leistung \u00fcber den gesamten Drehzahlbereich. Dar\u00fcber hinaus erleichtert es das Starten und die Abstimmung. Details: Mikuni TM40-6&nbsp;Flachschieber racing Vergaser mit Choke (passend f\u00fcr den originalen [&hellip;]\" \/>\n<meta property=\"og:url\" content=\"https:\/\/www.frankmxparts.com.iclicksapp.nl\/de\/mikuni-tm40-tm-40-flatslide-racing-carburetor-kit-2-honda-fmx-650-fmx650\" \/>\n<meta property=\"og:site_name\" content=\"Frank! MXParts\" \/>\n<meta property=\"article:modified_time\" content=\"2024-12-16T11:09:03+00:00\" \/>\n<meta property=\"og:image\" content=\"https:\/\/www.frankmxparts.com.iclicksapp.nl\/wp-content\/uploads\/2024\/11\/Mikuni-TM40-TM-40-flatslide-racing-carburetor-kit-2-Honda-FMX-650-FMX650-frank-mxparts-01.jpg\" \/>\n\t<meta property=\"og:image:width\" content=\"750\" \/>\n\t<meta property=\"og:image:height\" content=\"563\" \/>\n\t<meta property=\"og:image:type\" content=\"image\/jpeg\" \/>\n<meta name=\"twitter:card\" content=\"summary_large_image\" \/>\n<meta name=\"twitter:label1\" content=\"Gesch\u00e4tzte Lesezeit\" \/>\n\t<meta name=\"twitter:data1\" content=\"1\u00a0Minute\" \/>\n<script type=\"application\/ld+json\" class=\"yoast-schema-graph\">{\"@context\":\"https:\\\/\\\/schema.org\",\"@graph\":[{\"@type\":\"WebPage\",\"@id\":\"https:\\\/\\\/www.frankmxparts.com.iclicksapp.nl\\\/de\\\/mikuni-tm40-tm-40-flatslide-racing-carburetor-kit-2-honda-fmx-650-fmx650\",\"url\":\"https:\\\/\\\/www.frankmxparts.com.iclicksapp.nl\\\/de\\\/mikuni-tm40-tm-40-flatslide-racing-carburetor-kit-2-honda-fmx-650-fmx650\",\"name\":\"Mikuni TM40 Flachschieber Vergaser Kit #2 \\\/ Honda FMX 650 - Frank! MXParts\",\"isPartOf\":{\"@id\":\"https:\\\/\\\/www.frankmxparts.com.iclicksapp.nl\\\/de\\\/#website\"},\"primaryImageOfPage\":{\"@id\":\"https:\\\/\\\/www.frankmxparts.com.iclicksapp.nl\\\/de\\\/mikuni-tm40-tm-40-flatslide-racing-carburetor-kit-2-honda-fmx-650-fmx650#primaryimage\"},\"image\":{\"@id\":\"https:\\\/\\\/www.frankmxparts.com.iclicksapp.nl\\\/de\\\/mikuni-tm40-tm-40-flatslide-racing-carburetor-kit-2-honda-fmx-650-fmx650#primaryimage\"},\"thumbnailUrl\":\"https:\\\/\\\/www.frankmxparts.com.iclicksapp.nl\\\/wp-content\\\/uploads\\\/2024\\\/11\\\/Mikuni-TM40-TM-40-flatslide-racing-carburetor-kit-2-Honda-FMX-650-FMX650-frank-mxparts-01.jpg\",\"datePublished\":\"2024-11-19T22:05:08+00:00\",\"dateModified\":\"2024-12-16T11:09:03+00:00\",\"breadcrumb\":{\"@id\":\"https:\\\/\\\/www.frankmxparts.com.iclicksapp.nl\\\/de\\\/mikuni-tm40-tm-40-flatslide-racing-carburetor-kit-2-honda-fmx-650-fmx650#breadcrumb\"},\"inLanguage\":\"de\",\"potentialAction\":[{\"@type\":\"ReadAction\",\"target\":[\"https:\\\/\\\/www.frankmxparts.com.iclicksapp.nl\\\/de\\\/mikuni-tm40-tm-40-flatslide-racing-carburetor-kit-2-honda-fmx-650-fmx650\"]}]},{\"@type\":\"ImageObject\",\"inLanguage\":\"de\",\"@id\":\"https:\\\/\\\/www.frankmxparts.com.iclicksapp.nl\\\/de\\\/mikuni-tm40-tm-40-flatslide-racing-carburetor-kit-2-honda-fmx-650-fmx650#primaryimage\",\"url\":\"https:\\\/\\\/www.frankmxparts.com.iclicksapp.nl\\\/wp-content\\\/uploads\\\/2024\\\/11\\\/Mikuni-TM40-TM-40-flatslide-racing-carburetor-kit-2-Honda-FMX-650-FMX650-frank-mxparts-01.jpg\",\"contentUrl\":\"https:\\\/\\\/www.frankmxparts.com.iclicksapp.nl\\\/wp-content\\\/uploads\\\/2024\\\/11\\\/Mikuni-TM40-TM-40-flatslide-racing-carburetor-kit-2-Honda-FMX-650-FMX650-frank-mxparts-01.jpg\",\"width\":750,\"height\":563},{\"@type\":\"BreadcrumbList\",\"@id\":\"https:\\\/\\\/www.frankmxparts.com.iclicksapp.nl\\\/de\\\/mikuni-tm40-tm-40-flatslide-racing-carburetor-kit-2-honda-fmx-650-fmx650#breadcrumb\",\"itemListElement\":[{\"@type\":\"ListItem\",\"position\":1,\"name\":\"Home\",\"item\":\"https:\\\/\\\/www.frankmxparts.com.iclicksapp.nl\\\/de\"},{\"@type\":\"ListItem\",\"position\":2,\"name\":\"Shop\",\"item\":\"https:\\\/\\\/www.frankmxparts.com.iclicksapp.nl\\\/winkel\"},{\"@type\":\"ListItem\",\"position\":3,\"name\":\"Mikuni TM40 Flachschieber Vergaser Kit #2 \\\/ Honda FMX 650\"}]},{\"@type\":\"WebSite\",\"@id\":\"https:\\\/\\\/www.frankmxparts.com.iclicksapp.nl\\\/de\\\/#website\",\"url\":\"https:\\\/\\\/www.frankmxparts.com.iclicksapp.nl\\\/de\\\/\",\"name\":\"Frank! MXParts\",\"description\":\"\",\"publisher\":{\"@id\":\"https:\\\/\\\/www.frankmxparts.com.iclicksapp.nl\\\/de\\\/#organization\"},\"potentialAction\":[{\"@type\":\"SearchAction\",\"target\":{\"@type\":\"EntryPoint\",\"urlTemplate\":\"https:\\\/\\\/www.frankmxparts.com.iclicksapp.nl\\\/de\\\/?s={search_term_string}\"},\"query-input\":{\"@type\":\"PropertyValueSpecification\",\"valueRequired\":true,\"valueName\":\"search_term_string\"}}],\"inLanguage\":\"de\"},{\"@type\":\"Organization\",\"@id\":\"https:\\\/\\\/www.frankmxparts.com.iclicksapp.nl\\\/de\\\/#organization\",\"name\":\"Frank! MXParts\",\"url\":\"https:\\\/\\\/www.frankmxparts.com.iclicksapp.nl\\\/de\\\/\",\"logo\":{\"@type\":\"ImageObject\",\"inLanguage\":\"de\",\"@id\":\"https:\\\/\\\/www.frankmxparts.com.iclicksapp.nl\\\/de\\\/#\\\/schema\\\/logo\\\/image\\\/\",\"url\":\"https:\\\/\\\/www.frankmxparts.com.iclicksapp.nl\\\/wp-content\\\/uploads\\\/2024\\\/01\\\/frank-mxparts-logo.svg\",\"contentUrl\":\"https:\\\/\\\/www.frankmxparts.com.iclicksapp.nl\\\/wp-content\\\/uploads\\\/2024\\\/01\\\/frank-mxparts-logo.svg\",\"width\":301,\"height\":88,\"caption\":\"Frank! MXParts\"},\"image\":{\"@id\":\"https:\\\/\\\/www.frankmxparts.com.iclicksapp.nl\\\/de\\\/#\\\/schema\\\/logo\\\/image\\\/\"}}]}<\/script>\n<!-- \/ Yoast SEO plugin. -->","yoast_head_json":{"title":"Mikuni TM40 Flachschieber Vergaser Kit #2 \/ Honda FMX 650 - Frank! MXParts","robots":{"index":"noindex","follow":"follow","max-snippet":"max-snippet:-1","max-image-preview":"max-image-preview:large","max-video-preview":"max-video-preview:-1"},"og_locale":"de_DE","og_type":"article","og_title":"Mikuni TM40 Flachschieber Vergaser Kit #2 \/ Honda FMX 650 - Frank! MXParts","og_description":"Mikuni TM40&nbsp;Flachschieber Vergaser Kit #2&nbsp;f\u00fcr den Honda FMX650. Original Mikuni aus Japan,&nbsp;hochwertige&nbsp;Teile. Diesen Vergaser bietet eine seri\u00f6se Leistungssteigerung gegen\u00fcber den serienm\u00e4\u00dfig eingebauten Vergaser: deutlich bessere Gasannahme, mehr Drehmoment und mehr Leistung \u00fcber den gesamten Drehzahlbereich. Dar\u00fcber hinaus erleichtert es das Starten und die Abstimmung. Details: Mikuni TM40-6&nbsp;Flachschieber racing Vergaser mit Choke (passend f\u00fcr den originalen [&hellip;]","og_url":"https:\/\/www.frankmxparts.com.iclicksapp.nl\/de\/mikuni-tm40-tm-40-flatslide-racing-carburetor-kit-2-honda-fmx-650-fmx650","og_site_name":"Frank! MXParts","article_modified_time":"2024-12-16T11:09:03+00:00","og_image":[{"width":750,"height":563,"url":"https:\/\/www.frankmxparts.com.iclicksapp.nl\/wp-content\/uploads\/2024\/11\/Mikuni-TM40-TM-40-flatslide-racing-carburetor-kit-2-Honda-FMX-650-FMX650-frank-mxparts-01.jpg","type":"image\/jpeg"}],"twitter_card":"summary_large_image","twitter_misc":{"Gesch\u00e4tzte Lesezeit":"1\u00a0Minute"},"schema":{"@context":"https:\/\/schema.org","@graph":[{"@type":"WebPage","@id":"https:\/\/www.frankmxparts.com.iclicksapp.nl\/de\/mikuni-tm40-tm-40-flatslide-racing-carburetor-kit-2-honda-fmx-650-fmx650","url":"https:\/\/www.frankmxparts.com.iclicksapp.nl\/de\/mikuni-tm40-tm-40-flatslide-racing-carburetor-kit-2-honda-fmx-650-fmx650","name":"Mikuni TM40 Flachschieber Vergaser Kit #2 \/ Honda FMX 650 - Frank! MXParts","isPartOf":{"@id":"https:\/\/www.frankmxparts.com.iclicksapp.nl\/de\/#website"},"primaryImageOfPage":{"@id":"https:\/\/www.frankmxparts.com.iclicksapp.nl\/de\/mikuni-tm40-tm-40-flatslide-racing-carburetor-kit-2-honda-fmx-650-fmx650#primaryimage"},"image":{"@id":"https:\/\/www.frankmxparts.com.iclicksapp.nl\/de\/mikuni-tm40-tm-40-flatslide-racing-carburetor-kit-2-honda-fmx-650-fmx650#primaryimage"},"thumbnailUrl":"https:\/\/www.frankmxparts.com.iclicksapp.nl\/wp-content\/uploads\/2024\/11\/Mikuni-TM40-TM-40-flatslide-racing-carburetor-kit-2-Honda-FMX-650-FMX650-frank-mxparts-01.jpg","datePublished":"2024-11-19T22:05:08+00:00","dateModified":"2024-12-16T11:09:03+00:00","breadcrumb":{"@id":"https:\/\/www.frankmxparts.com.iclicksapp.nl\/de\/mikuni-tm40-tm-40-flatslide-racing-carburetor-kit-2-honda-fmx-650-fmx650#breadcrumb"},"inLanguage":"de","potentialAction":[{"@type":"ReadAction","target":["https:\/\/www.frankmxparts.com.iclicksapp.nl\/de\/mikuni-tm40-tm-40-flatslide-racing-carburetor-kit-2-honda-fmx-650-fmx650"]}]},{"@type":"ImageObject","inLanguage":"de","@id":"https:\/\/www.frankmxparts.com.iclicksapp.nl\/de\/mikuni-tm40-tm-40-flatslide-racing-carburetor-kit-2-honda-fmx-650-fmx650#primaryimage","url":"https:\/\/www.frankmxparts.com.iclicksapp.nl\/wp-content\/uploads\/2024\/11\/Mikuni-TM40-TM-40-flatslide-racing-carburetor-kit-2-Honda-FMX-650-FMX650-frank-mxparts-01.jpg","contentUrl":"https:\/\/www.frankmxparts.com.iclicksapp.nl\/wp-content\/uploads\/2024\/11\/Mikuni-TM40-TM-40-flatslide-racing-carburetor-kit-2-Honda-FMX-650-FMX650-frank-mxparts-01.jpg","width":750,"height":563},{"@type":"BreadcrumbList","@id":"https:\/\/www.frankmxparts.com.iclicksapp.nl\/de\/mikuni-tm40-tm-40-flatslide-racing-carburetor-kit-2-honda-fmx-650-fmx650#breadcrumb","itemListElement":[{"@type":"ListItem","position":1,"name":"Home","item":"https:\/\/www.frankmxparts.com.iclicksapp.nl\/de"},{"@type":"ListItem","position":2,"name":"Shop","item":"https:\/\/www.frankmxparts.com.iclicksapp.nl\/winkel"},{"@type":"ListItem","position":3,"name":"Mikuni TM40 Flachschieber Vergaser Kit #2 \/ Honda FMX 650"}]},{"@type":"WebSite","@id":"https:\/\/www.frankmxparts.com.iclicksapp.nl\/de\/#website","url":"https:\/\/www.frankmxparts.com.iclicksapp.nl\/de\/","name":"Frank! MXParts","description":"","publisher":{"@id":"https:\/\/www.frankmxparts.com.iclicksapp.nl\/de\/#organization"},"potentialAction":[{"@type":"SearchAction","target":{"@type":"EntryPoint","urlTemplate":"https:\/\/www.frankmxparts.com.iclicksapp.nl\/de\/?s={search_term_string}"},"query-input":{"@type":"PropertyValueSpecification","valueRequired":true,"valueName":"search_term_string"}}],"inLanguage":"de"},{"@type":"Organization","@id":"https:\/\/www.frankmxparts.com.iclicksapp.nl\/de\/#organization","name":"Frank! MXParts","url":"https:\/\/www.frankmxparts.com.iclicksapp.nl\/de\/","logo":{"@type":"ImageObject","inLanguage":"de","@id":"https:\/\/www.frankmxparts.com.iclicksapp.nl\/de\/#\/schema\/logo\/image\/","url":"https:\/\/www.frankmxparts.com.iclicksapp.nl\/wp-content\/uploads\/2024\/01\/frank-mxparts-logo.svg","contentUrl":"https:\/\/www.frankmxparts.com.iclicksapp.nl\/wp-content\/uploads\/2024\/01\/frank-mxparts-logo.svg","width":301,"height":88,"caption":"Frank! MXParts"},"image":{"@id":"https:\/\/www.frankmxparts.com.iclicksapp.nl\/de\/#\/schema\/logo\/image\/"}}]}},"_links":{"self":[{"href":"https:\/\/www.frankmxparts.com.iclicksapp.nl\/de\/wp-json\/wp\/v2\/product\/215231","targetHints":{"allow":["GET"]}}],"collection":[{"href":"https:\/\/www.frankmxparts.com.iclicksapp.nl\/de\/wp-json\/wp\/v2\/product"}],"about":[{"href":"https:\/\/www.frankmxparts.com.iclicksapp.nl\/de\/wp-json\/wp\/v2\/types\/product"}],"replies":[{"embeddable":true,"href":"https:\/\/www.frankmxparts.com.iclicksapp.nl\/de\/wp-json\/wp\/v2\/comments?post=215231"}],"wp:featuredmedia":[{"embeddable":true,"href":"https:\/\/www.frankmxparts.com.iclicksapp.nl\/de\/wp-json\/wp\/v2\/media\/208898"}],"wp:attachment":[{"href":"https:\/\/www.frankmxparts.com.iclicksapp.nl\/de\/wp-json\/wp\/v2\/media?parent=215231"}],"wp:term":[{"taxonomy":"product_brand","embeddable":true,"href":"https:\/\/www.frankmxparts.com.iclicksapp.nl\/de\/wp-json\/wp\/v2\/product_brand?post=215231"},{"taxonomy":"product_cat","embeddable":true,"href":"https:\/\/www.frankmxparts.com.iclicksapp.nl\/de\/wp-json\/wp\/v2\/product_cat?post=215231"},{"taxonomy":"product_tag","embeddable":true,"href":"https:\/\/www.frankmxparts.com.iclicksapp.nl\/de\/wp-json\/wp\/v2\/product_tag?post=215231"}],"curies":[{"name":"wp","href":"https:\/\/api.w.org\/{rel}","templated":true}]}}