{"id":215253,"date":"2024-11-19T23:06:25","date_gmt":"2024-11-19T22:06:25","guid":{"rendered":"https:\/\/www.frankmxparts.com.iclicksapp.nl\/product\/s3-extreme-cylinder-head-xtr-1058-300-r-2021-2024-rieju-mr-300-mr300"},"modified":"2024-12-16T12:55:17","modified_gmt":"2024-12-16T11:55:17","slug":"s3-extreme-cylinder-head-xtr-1058-300-r-2021-2024-rieju-mr-300-mr300","status":"publish","type":"product","link":"https:\/\/www.frankmxparts.com.iclicksapp.nl\/de\/s3-extreme-cylinder-head-xtr-1058-300-r-2021-2024-rieju-mr-300-mr300","title":{"rendered":"S3 &#8218;Extreme&#8216; Zylinderkopf \/ 2021-2024 RIEJU MR 300 MR300"},"content":{"rendered":"<p>\n<strong>S3 &#8218;Extreme&#8216; Zylinderkopf f\u00fcr den RIEJU MR300<\/strong>.<\/p>\n<p>\n<strong>Hohe Qualit\u00e4t Teile&nbsp;<\/strong>von den Hard-Enduro-Spezialisten aus Spanien.<\/p>\n<p>Dies ist der &#8218;extreme&#8217;Kopf: Modifiziert die Kompression f\u00fcr eine gleichm\u00e4\u00dfige und progressive Kraftabgabe. Verbesserung der Traktion und Motorsteuerung, besonders wichtig in technischen Bereichen. Sein Design senkt die Temperatur, indem es die typischen Hotspots der Original-Zylinderk\u00f6pfe beseitigt. Ideal f\u00fcr extremes Fahren, verbessert das Gasgef\u00fchl.<br \/>\n<strong>S3 Artikelnummer<\/strong>:&nbsp;XTR-1058-300-R.<\/p>\n<p><strong>Das Kit enth\u00e4lt<\/strong>:<\/p>\n<ul>\n<li>Zylinderkopf<\/li>\n<li>Einsatz<\/li>\n<li>O-Ringe.<\/li>\n<\/ul>\n<p>\n<strong>Passend f\u00fcr<\/strong>: den 2021-2024 RIEJU MR300.<\/p>\n<p>Komplett wie abgebildet.<\/p>\n<p>&nbsp;<\/p>\n<p>&nbsp;<\/p>\n","protected":false},"excerpt":{"rendered":"<p>S3 &#8218;Extreme&#8216; Zylinderkopf f\u00fcr den RIEJU MR300. Hohe Qualit\u00e4t Teile&nbsp;von den Hard-Enduro-Spezialisten aus Spanien. Dies ist der &#8218;extreme&#8217;Kopf: Modifiziert die Kompression f\u00fcr eine gleichm\u00e4\u00dfige und progressive Kraftabgabe. Verbesserung der Traktion und Motorsteuerung, besonders wichtig in technischen Bereichen. Sein Design senkt die Temperatur, indem es die typischen Hotspots der Original-Zylinderk\u00f6pfe beseitigt. Ideal f\u00fcr extremes Fahren, verbessert [&hellip;]<\/p>\n","protected":false},"featured_media":209148,"comment_status":"closed","ping_status":"closed","template":"","meta":{"_acf_changed":false},"product_brand":[],"product_cat":[9441],"product_tag":[],"class_list":{"0":"post-215253","1":"product","2":"type-product","3":"status-publish","4":"has-post-thumbnail","6":"product_cat-uncategorized","7":"pa_manufacturer-s3-de","9":"first","10":"instock","11":"taxable","12":"shipping-taxable","13":"purchasable","14":"product-type-simple"},"acf":[],"yoast_head":"<!-- This site is optimized with the Yoast SEO plugin v27.3 - https:\/\/yoast.com\/product\/yoast-seo-wordpress\/ -->\n<title>S3 &#039;Extreme&#039; Zylinderkopf \/ 2021-2024 RIEJU MR 300 MR300 - Frank! MXParts<\/title>\n<meta name=\"robots\" content=\"noindex, follow, max-snippet:-1, max-image-preview:large, max-video-preview:-1\" \/>\n<meta property=\"og:locale\" content=\"de_DE\" \/>\n<meta property=\"og:type\" content=\"article\" \/>\n<meta property=\"og:title\" content=\"S3 &#039;Extreme&#039; Zylinderkopf \/ 2021-2024 RIEJU MR 300 MR300 - Frank! MXParts\" \/>\n<meta property=\"og:description\" content=\"S3 &#8218;Extreme&#8216; Zylinderkopf f\u00fcr den RIEJU MR300. Hohe Qualit\u00e4t Teile&nbsp;von den Hard-Enduro-Spezialisten aus Spanien. Dies ist der &#8218;extreme&#8217;Kopf: Modifiziert die Kompression f\u00fcr eine gleichm\u00e4\u00dfige und progressive Kraftabgabe. Verbesserung der Traktion und Motorsteuerung, besonders wichtig in technischen Bereichen. Sein Design senkt die Temperatur, indem es die typischen Hotspots der Original-Zylinderk\u00f6pfe beseitigt. Ideal f\u00fcr extremes Fahren, verbessert [&hellip;]\" \/>\n<meta property=\"og:url\" content=\"https:\/\/www.frankmxparts.com.iclicksapp.nl\/de\/s3-extreme-cylinder-head-xtr-1058-300-r-2021-2024-rieju-mr-300-mr300\" \/>\n<meta property=\"og:site_name\" content=\"Frank! MXParts\" \/>\n<meta property=\"article:modified_time\" content=\"2024-12-16T11:55:17+00:00\" \/>\n<meta property=\"og:image\" content=\"https:\/\/www.frankmxparts.com.iclicksapp.nl\/wp-content\/uploads\/2024\/11\/S3-Extreme-cylinder-head-XTR-1058-300-R-2021-2024-RIEJU-MR-300-MR300-frank-mxparts-01.jpg\" \/>\n\t<meta property=\"og:image:width\" content=\"750\" \/>\n\t<meta property=\"og:image:height\" content=\"563\" \/>\n\t<meta property=\"og:image:type\" content=\"image\/jpeg\" \/>\n<meta name=\"twitter:card\" content=\"summary_large_image\" \/>\n<script type=\"application\/ld+json\" class=\"yoast-schema-graph\">{\"@context\":\"https:\\\/\\\/schema.org\",\"@graph\":[{\"@type\":\"WebPage\",\"@id\":\"https:\\\/\\\/www.frankmxparts.com.iclicksapp.nl\\\/de\\\/s3-extreme-cylinder-head-xtr-1058-300-r-2021-2024-rieju-mr-300-mr300\",\"url\":\"https:\\\/\\\/www.frankmxparts.com.iclicksapp.nl\\\/de\\\/s3-extreme-cylinder-head-xtr-1058-300-r-2021-2024-rieju-mr-300-mr300\",\"name\":\"S3 'Extreme' Zylinderkopf \\\/ 2021-2024 RIEJU MR 300 MR300 - Frank! MXParts\",\"isPartOf\":{\"@id\":\"https:\\\/\\\/www.frankmxparts.com.iclicksapp.nl\\\/de\\\/#website\"},\"primaryImageOfPage\":{\"@id\":\"https:\\\/\\\/www.frankmxparts.com.iclicksapp.nl\\\/de\\\/s3-extreme-cylinder-head-xtr-1058-300-r-2021-2024-rieju-mr-300-mr300#primaryimage\"},\"image\":{\"@id\":\"https:\\\/\\\/www.frankmxparts.com.iclicksapp.nl\\\/de\\\/s3-extreme-cylinder-head-xtr-1058-300-r-2021-2024-rieju-mr-300-mr300#primaryimage\"},\"thumbnailUrl\":\"https:\\\/\\\/www.frankmxparts.com.iclicksapp.nl\\\/wp-content\\\/uploads\\\/2024\\\/11\\\/S3-Extreme-cylinder-head-XTR-1058-300-R-2021-2024-RIEJU-MR-300-MR300-frank-mxparts-01.jpg\",\"datePublished\":\"2024-11-19T22:06:25+00:00\",\"dateModified\":\"2024-12-16T11:55:17+00:00\",\"breadcrumb\":{\"@id\":\"https:\\\/\\\/www.frankmxparts.com.iclicksapp.nl\\\/de\\\/s3-extreme-cylinder-head-xtr-1058-300-r-2021-2024-rieju-mr-300-mr300#breadcrumb\"},\"inLanguage\":\"de\",\"potentialAction\":[{\"@type\":\"ReadAction\",\"target\":[\"https:\\\/\\\/www.frankmxparts.com.iclicksapp.nl\\\/de\\\/s3-extreme-cylinder-head-xtr-1058-300-r-2021-2024-rieju-mr-300-mr300\"]}]},{\"@type\":\"ImageObject\",\"inLanguage\":\"de\",\"@id\":\"https:\\\/\\\/www.frankmxparts.com.iclicksapp.nl\\\/de\\\/s3-extreme-cylinder-head-xtr-1058-300-r-2021-2024-rieju-mr-300-mr300#primaryimage\",\"url\":\"https:\\\/\\\/www.frankmxparts.com.iclicksapp.nl\\\/wp-content\\\/uploads\\\/2024\\\/11\\\/S3-Extreme-cylinder-head-XTR-1058-300-R-2021-2024-RIEJU-MR-300-MR300-frank-mxparts-01.jpg\",\"contentUrl\":\"https:\\\/\\\/www.frankmxparts.com.iclicksapp.nl\\\/wp-content\\\/uploads\\\/2024\\\/11\\\/S3-Extreme-cylinder-head-XTR-1058-300-R-2021-2024-RIEJU-MR-300-MR300-frank-mxparts-01.jpg\",\"width\":750,\"height\":563},{\"@type\":\"BreadcrumbList\",\"@id\":\"https:\\\/\\\/www.frankmxparts.com.iclicksapp.nl\\\/de\\\/s3-extreme-cylinder-head-xtr-1058-300-r-2021-2024-rieju-mr-300-mr300#breadcrumb\",\"itemListElement\":[{\"@type\":\"ListItem\",\"position\":1,\"name\":\"Home\",\"item\":\"https:\\\/\\\/www.frankmxparts.com.iclicksapp.nl\\\/de\"},{\"@type\":\"ListItem\",\"position\":2,\"name\":\"Shop\",\"item\":\"https:\\\/\\\/www.frankmxparts.com.iclicksapp.nl\\\/winkel\"},{\"@type\":\"ListItem\",\"position\":3,\"name\":\"S3 &#8216;Extreme&#8217; Zylinderkopf \\\/ 2021-2024 RIEJU MR 300 MR300\"}]},{\"@type\":\"WebSite\",\"@id\":\"https:\\\/\\\/www.frankmxparts.com.iclicksapp.nl\\\/de\\\/#website\",\"url\":\"https:\\\/\\\/www.frankmxparts.com.iclicksapp.nl\\\/de\\\/\",\"name\":\"Frank! MXParts\",\"description\":\"\",\"publisher\":{\"@id\":\"https:\\\/\\\/www.frankmxparts.com.iclicksapp.nl\\\/de\\\/#organization\"},\"potentialAction\":[{\"@type\":\"SearchAction\",\"target\":{\"@type\":\"EntryPoint\",\"urlTemplate\":\"https:\\\/\\\/www.frankmxparts.com.iclicksapp.nl\\\/de\\\/?s={search_term_string}\"},\"query-input\":{\"@type\":\"PropertyValueSpecification\",\"valueRequired\":true,\"valueName\":\"search_term_string\"}}],\"inLanguage\":\"de\"},{\"@type\":\"Organization\",\"@id\":\"https:\\\/\\\/www.frankmxparts.com.iclicksapp.nl\\\/de\\\/#organization\",\"name\":\"Frank! MXParts\",\"url\":\"https:\\\/\\\/www.frankmxparts.com.iclicksapp.nl\\\/de\\\/\",\"logo\":{\"@type\":\"ImageObject\",\"inLanguage\":\"de\",\"@id\":\"https:\\\/\\\/www.frankmxparts.com.iclicksapp.nl\\\/de\\\/#\\\/schema\\\/logo\\\/image\\\/\",\"url\":\"https:\\\/\\\/www.frankmxparts.com.iclicksapp.nl\\\/wp-content\\\/uploads\\\/2024\\\/01\\\/frank-mxparts-logo.svg\",\"contentUrl\":\"https:\\\/\\\/www.frankmxparts.com.iclicksapp.nl\\\/wp-content\\\/uploads\\\/2024\\\/01\\\/frank-mxparts-logo.svg\",\"width\":301,\"height\":88,\"caption\":\"Frank! MXParts\"},\"image\":{\"@id\":\"https:\\\/\\\/www.frankmxparts.com.iclicksapp.nl\\\/de\\\/#\\\/schema\\\/logo\\\/image\\\/\"}}]}<\/script>\n<!-- \/ Yoast SEO plugin. -->","yoast_head_json":{"title":"S3 'Extreme' Zylinderkopf \/ 2021-2024 RIEJU MR 300 MR300 - Frank! MXParts","robots":{"index":"noindex","follow":"follow","max-snippet":"max-snippet:-1","max-image-preview":"max-image-preview:large","max-video-preview":"max-video-preview:-1"},"og_locale":"de_DE","og_type":"article","og_title":"S3 'Extreme' Zylinderkopf \/ 2021-2024 RIEJU MR 300 MR300 - Frank! MXParts","og_description":"S3 &#8218;Extreme&#8216; Zylinderkopf f\u00fcr den RIEJU MR300. Hohe Qualit\u00e4t Teile&nbsp;von den Hard-Enduro-Spezialisten aus Spanien. Dies ist der &#8218;extreme&#8217;Kopf: Modifiziert die Kompression f\u00fcr eine gleichm\u00e4\u00dfige und progressive Kraftabgabe. Verbesserung der Traktion und Motorsteuerung, besonders wichtig in technischen Bereichen. Sein Design senkt die Temperatur, indem es die typischen Hotspots der Original-Zylinderk\u00f6pfe beseitigt. Ideal f\u00fcr extremes Fahren, verbessert [&hellip;]","og_url":"https:\/\/www.frankmxparts.com.iclicksapp.nl\/de\/s3-extreme-cylinder-head-xtr-1058-300-r-2021-2024-rieju-mr-300-mr300","og_site_name":"Frank! MXParts","article_modified_time":"2024-12-16T11:55:17+00:00","og_image":[{"width":750,"height":563,"url":"https:\/\/www.frankmxparts.com.iclicksapp.nl\/wp-content\/uploads\/2024\/11\/S3-Extreme-cylinder-head-XTR-1058-300-R-2021-2024-RIEJU-MR-300-MR300-frank-mxparts-01.jpg","type":"image\/jpeg"}],"twitter_card":"summary_large_image","schema":{"@context":"https:\/\/schema.org","@graph":[{"@type":"WebPage","@id":"https:\/\/www.frankmxparts.com.iclicksapp.nl\/de\/s3-extreme-cylinder-head-xtr-1058-300-r-2021-2024-rieju-mr-300-mr300","url":"https:\/\/www.frankmxparts.com.iclicksapp.nl\/de\/s3-extreme-cylinder-head-xtr-1058-300-r-2021-2024-rieju-mr-300-mr300","name":"S3 'Extreme' Zylinderkopf \/ 2021-2024 RIEJU MR 300 MR300 - Frank! MXParts","isPartOf":{"@id":"https:\/\/www.frankmxparts.com.iclicksapp.nl\/de\/#website"},"primaryImageOfPage":{"@id":"https:\/\/www.frankmxparts.com.iclicksapp.nl\/de\/s3-extreme-cylinder-head-xtr-1058-300-r-2021-2024-rieju-mr-300-mr300#primaryimage"},"image":{"@id":"https:\/\/www.frankmxparts.com.iclicksapp.nl\/de\/s3-extreme-cylinder-head-xtr-1058-300-r-2021-2024-rieju-mr-300-mr300#primaryimage"},"thumbnailUrl":"https:\/\/www.frankmxparts.com.iclicksapp.nl\/wp-content\/uploads\/2024\/11\/S3-Extreme-cylinder-head-XTR-1058-300-R-2021-2024-RIEJU-MR-300-MR300-frank-mxparts-01.jpg","datePublished":"2024-11-19T22:06:25+00:00","dateModified":"2024-12-16T11:55:17+00:00","breadcrumb":{"@id":"https:\/\/www.frankmxparts.com.iclicksapp.nl\/de\/s3-extreme-cylinder-head-xtr-1058-300-r-2021-2024-rieju-mr-300-mr300#breadcrumb"},"inLanguage":"de","potentialAction":[{"@type":"ReadAction","target":["https:\/\/www.frankmxparts.com.iclicksapp.nl\/de\/s3-extreme-cylinder-head-xtr-1058-300-r-2021-2024-rieju-mr-300-mr300"]}]},{"@type":"ImageObject","inLanguage":"de","@id":"https:\/\/www.frankmxparts.com.iclicksapp.nl\/de\/s3-extreme-cylinder-head-xtr-1058-300-r-2021-2024-rieju-mr-300-mr300#primaryimage","url":"https:\/\/www.frankmxparts.com.iclicksapp.nl\/wp-content\/uploads\/2024\/11\/S3-Extreme-cylinder-head-XTR-1058-300-R-2021-2024-RIEJU-MR-300-MR300-frank-mxparts-01.jpg","contentUrl":"https:\/\/www.frankmxparts.com.iclicksapp.nl\/wp-content\/uploads\/2024\/11\/S3-Extreme-cylinder-head-XTR-1058-300-R-2021-2024-RIEJU-MR-300-MR300-frank-mxparts-01.jpg","width":750,"height":563},{"@type":"BreadcrumbList","@id":"https:\/\/www.frankmxparts.com.iclicksapp.nl\/de\/s3-extreme-cylinder-head-xtr-1058-300-r-2021-2024-rieju-mr-300-mr300#breadcrumb","itemListElement":[{"@type":"ListItem","position":1,"name":"Home","item":"https:\/\/www.frankmxparts.com.iclicksapp.nl\/de"},{"@type":"ListItem","position":2,"name":"Shop","item":"https:\/\/www.frankmxparts.com.iclicksapp.nl\/winkel"},{"@type":"ListItem","position":3,"name":"S3 &#8216;Extreme&#8217; Zylinderkopf \/ 2021-2024 RIEJU MR 300 MR300"}]},{"@type":"WebSite","@id":"https:\/\/www.frankmxparts.com.iclicksapp.nl\/de\/#website","url":"https:\/\/www.frankmxparts.com.iclicksapp.nl\/de\/","name":"Frank! MXParts","description":"","publisher":{"@id":"https:\/\/www.frankmxparts.com.iclicksapp.nl\/de\/#organization"},"potentialAction":[{"@type":"SearchAction","target":{"@type":"EntryPoint","urlTemplate":"https:\/\/www.frankmxparts.com.iclicksapp.nl\/de\/?s={search_term_string}"},"query-input":{"@type":"PropertyValueSpecification","valueRequired":true,"valueName":"search_term_string"}}],"inLanguage":"de"},{"@type":"Organization","@id":"https:\/\/www.frankmxparts.com.iclicksapp.nl\/de\/#organization","name":"Frank! MXParts","url":"https:\/\/www.frankmxparts.com.iclicksapp.nl\/de\/","logo":{"@type":"ImageObject","inLanguage":"de","@id":"https:\/\/www.frankmxparts.com.iclicksapp.nl\/de\/#\/schema\/logo\/image\/","url":"https:\/\/www.frankmxparts.com.iclicksapp.nl\/wp-content\/uploads\/2024\/01\/frank-mxparts-logo.svg","contentUrl":"https:\/\/www.frankmxparts.com.iclicksapp.nl\/wp-content\/uploads\/2024\/01\/frank-mxparts-logo.svg","width":301,"height":88,"caption":"Frank! MXParts"},"image":{"@id":"https:\/\/www.frankmxparts.com.iclicksapp.nl\/de\/#\/schema\/logo\/image\/"}}]}},"_links":{"self":[{"href":"https:\/\/www.frankmxparts.com.iclicksapp.nl\/de\/wp-json\/wp\/v2\/product\/215253","targetHints":{"allow":["GET"]}}],"collection":[{"href":"https:\/\/www.frankmxparts.com.iclicksapp.nl\/de\/wp-json\/wp\/v2\/product"}],"about":[{"href":"https:\/\/www.frankmxparts.com.iclicksapp.nl\/de\/wp-json\/wp\/v2\/types\/product"}],"replies":[{"embeddable":true,"href":"https:\/\/www.frankmxparts.com.iclicksapp.nl\/de\/wp-json\/wp\/v2\/comments?post=215253"}],"wp:featuredmedia":[{"embeddable":true,"href":"https:\/\/www.frankmxparts.com.iclicksapp.nl\/de\/wp-json\/wp\/v2\/media\/209148"}],"wp:attachment":[{"href":"https:\/\/www.frankmxparts.com.iclicksapp.nl\/de\/wp-json\/wp\/v2\/media?parent=215253"}],"wp:term":[{"taxonomy":"product_brand","embeddable":true,"href":"https:\/\/www.frankmxparts.com.iclicksapp.nl\/de\/wp-json\/wp\/v2\/product_brand?post=215253"},{"taxonomy":"product_cat","embeddable":true,"href":"https:\/\/www.frankmxparts.com.iclicksapp.nl\/de\/wp-json\/wp\/v2\/product_cat?post=215253"},{"taxonomy":"product_tag","embeddable":true,"href":"https:\/\/www.frankmxparts.com.iclicksapp.nl\/de\/wp-json\/wp\/v2\/product_tag?post=215253"}],"curies":[{"name":"wp","href":"https:\/\/api.w.org\/{rel}","templated":true}]}}