{"id":215256,"date":"2024-11-19T23:07:40","date_gmt":"2024-11-19T22:07:40","guid":{"rendered":"https:\/\/www.frankmxparts.com.iclicksapp.nl\/product\/s3-extreme-cylinderhead-xtr-163-300-r-2024-gasgas-ec-mc-300-ec300-mc300-tbi"},"modified":"2024-11-20T11:08:16","modified_gmt":"2024-11-20T09:08:16","slug":"s3-extreme-cylinderhead-xtr-163-300-r-2024-gasgas-ec-mc-300-ec300-mc300-tbi","status":"publish","type":"product","link":"https:\/\/www.frankmxparts.com.iclicksapp.nl\/de\/s3-extreme-cylinderhead-xtr-163-300-r-2024-gasgas-ec-mc-300-ec300-mc300-tbi","title":{"rendered":"S3 &#8218;Extreme&#8216; Zylinderkopf \/ 2024 GasGas EC MC 300 EC300 MC300 TBI"},"content":{"rendered":"<p>\n<strong>S3 &#8218;Extreme&#8216; Zylinderkopf f\u00fcr den GasGas EC300 TBI<\/strong><span style=\"font-size: 11px;\">.<\/span><\/p>\n<p>\n<span style=\"color:black;\"><strong>Hohe Qualit\u00e4t Teile&nbsp;<\/strong><\/span>von den Hard-Enduro-Spezialisten aus Spanien.<\/p>\n<p>Dies ist der &#8218;extreme&#8216; Kopf: Modifiziert die Kompression f\u00fcr eine gleichm\u00e4\u00dfige und progressive Kraftabgabe. Verbesserung der Traktion und Motorsteuerung, besonders wichtig in technischen Bereichen. Sein Design senkt die Temperatur, indem es die typischen Hotspots der Original-Zylinderk\u00f6pfe beseitigt. Ideal f\u00fcr extremes Fahren, verbessert das Gasgef\u00fchl.<\/p>\n<p><strong>S3 Artikelnummer<\/strong>:&nbsp;XTR-163-300-R<span style=\"font-family: &quot;Trebuchet MS&quot;, Verdana, Arial, Helvetica; font-size: 11px;\">.<\/span><\/p>\n<p><strong>Das Kit enth\u00e4lt<\/strong>:<\/p>\n<ul>\n<li>Zylinderkopf<\/li>\n<li>Einsatz<\/li>\n<li>O-Ringe.<\/li>\n<\/ul>\n<p>\n<strong>Passend f\u00fcr<\/strong>:<\/p>\n<ul>\n<li>den 2024 GasGas EC300 TBI<\/li>\n<li>den 2024 GasGas MC300 TBI.<\/li>\n<\/ul>\n<p>\n(passt nur f\u00fcr TBI-Modelle \u2013 nicht f\u00fcr TPI-Modelle)<\/p>\n<p>\n<span style=\"font-size: 11px;\">Komplett wie abgebildet.<\/span><\/p>\n<p>&nbsp;<\/p>\n<p>&nbsp;<\/p>\n","protected":false},"excerpt":{"rendered":"<p>S3 &#8218;Extreme&#8216; Zylinderkopf f\u00fcr den GasGas EC300 TBI. Hohe Qualit\u00e4t Teile&nbsp;von den Hard-Enduro-Spezialisten aus Spanien. Dies ist der &#8218;extreme&#8216; Kopf: Modifiziert die Kompression f\u00fcr eine gleichm\u00e4\u00dfige und progressive Kraftabgabe. Verbesserung der Traktion und Motorsteuerung, besonders wichtig in technischen Bereichen. Sein Design senkt die Temperatur, indem es die typischen Hotspots der Original-Zylinderk\u00f6pfe beseitigt. Ideal f\u00fcr extremes [&hellip;]<\/p>\n","protected":false},"featured_media":209202,"comment_status":"closed","ping_status":"closed","template":"","meta":{"_acf_changed":false},"product_brand":[],"product_cat":[9441],"product_tag":[],"class_list":{"0":"post-215256","1":"product","2":"type-product","3":"status-publish","4":"has-post-thumbnail","6":"product_cat-uncategorized","7":"pa_manufacturer-s3-de","9":"first","10":"instock","11":"taxable","12":"shipping-taxable","13":"purchasable","14":"product-type-simple"},"acf":[],"yoast_head":"<!-- This site is optimized with the Yoast SEO plugin v27.3 - https:\/\/yoast.com\/product\/yoast-seo-wordpress\/ -->\n<title>S3 &#039;Extreme&#039; Zylinderkopf \/ 2024 GasGas EC MC 300 EC300 MC300 TBI - Frank! MXParts<\/title>\n<meta name=\"robots\" content=\"noindex, follow, max-snippet:-1, max-image-preview:large, max-video-preview:-1\" \/>\n<meta property=\"og:locale\" content=\"de_DE\" \/>\n<meta property=\"og:type\" content=\"article\" \/>\n<meta property=\"og:title\" content=\"S3 &#039;Extreme&#039; Zylinderkopf \/ 2024 GasGas EC MC 300 EC300 MC300 TBI - Frank! MXParts\" \/>\n<meta property=\"og:description\" content=\"S3 &#8218;Extreme&#8216; Zylinderkopf f\u00fcr den GasGas EC300 TBI. Hohe Qualit\u00e4t Teile&nbsp;von den Hard-Enduro-Spezialisten aus Spanien. Dies ist der &#8218;extreme&#8216; Kopf: Modifiziert die Kompression f\u00fcr eine gleichm\u00e4\u00dfige und progressive Kraftabgabe. Verbesserung der Traktion und Motorsteuerung, besonders wichtig in technischen Bereichen. Sein Design senkt die Temperatur, indem es die typischen Hotspots der Original-Zylinderk\u00f6pfe beseitigt. Ideal f\u00fcr extremes [&hellip;]\" \/>\n<meta property=\"og:url\" content=\"https:\/\/www.frankmxparts.com.iclicksapp.nl\/de\/s3-extreme-cylinderhead-xtr-163-300-r-2024-gasgas-ec-mc-300-ec300-mc300-tbi\" \/>\n<meta property=\"og:site_name\" content=\"Frank! MXParts\" \/>\n<meta property=\"article:modified_time\" content=\"2024-11-20T09:08:16+00:00\" \/>\n<meta property=\"og:image\" content=\"https:\/\/www.frankmxparts.com.iclicksapp.nl\/wp-content\/uploads\/2024\/11\/S3-Extreme-cylinderhead-XTR-163-300-R-2024-GasGas-EC-MC-300-EC300-MC300-TBI-frank-mxparts-01.jpg\" \/>\n\t<meta property=\"og:image:width\" content=\"750\" \/>\n\t<meta property=\"og:image:height\" content=\"563\" \/>\n\t<meta property=\"og:image:type\" content=\"image\/jpeg\" \/>\n<meta name=\"twitter:card\" content=\"summary_large_image\" \/>\n<meta name=\"twitter:label1\" content=\"Gesch\u00e4tzte Lesezeit\" \/>\n\t<meta name=\"twitter:data1\" content=\"1\u00a0Minute\" \/>\n<script type=\"application\/ld+json\" class=\"yoast-schema-graph\">{\"@context\":\"https:\\\/\\\/schema.org\",\"@graph\":[{\"@type\":\"WebPage\",\"@id\":\"https:\\\/\\\/www.frankmxparts.com.iclicksapp.nl\\\/de\\\/s3-extreme-cylinderhead-xtr-163-300-r-2024-gasgas-ec-mc-300-ec300-mc300-tbi\",\"url\":\"https:\\\/\\\/www.frankmxparts.com.iclicksapp.nl\\\/de\\\/s3-extreme-cylinderhead-xtr-163-300-r-2024-gasgas-ec-mc-300-ec300-mc300-tbi\",\"name\":\"S3 'Extreme' Zylinderkopf \\\/ 2024 GasGas EC MC 300 EC300 MC300 TBI - Frank! MXParts\",\"isPartOf\":{\"@id\":\"https:\\\/\\\/www.frankmxparts.com.iclicksapp.nl\\\/de\\\/#website\"},\"primaryImageOfPage\":{\"@id\":\"https:\\\/\\\/www.frankmxparts.com.iclicksapp.nl\\\/de\\\/s3-extreme-cylinderhead-xtr-163-300-r-2024-gasgas-ec-mc-300-ec300-mc300-tbi#primaryimage\"},\"image\":{\"@id\":\"https:\\\/\\\/www.frankmxparts.com.iclicksapp.nl\\\/de\\\/s3-extreme-cylinderhead-xtr-163-300-r-2024-gasgas-ec-mc-300-ec300-mc300-tbi#primaryimage\"},\"thumbnailUrl\":\"https:\\\/\\\/www.frankmxparts.com.iclicksapp.nl\\\/wp-content\\\/uploads\\\/2024\\\/11\\\/S3-Extreme-cylinderhead-XTR-163-300-R-2024-GasGas-EC-MC-300-EC300-MC300-TBI-frank-mxparts-01.jpg\",\"datePublished\":\"2024-11-19T22:07:40+00:00\",\"dateModified\":\"2024-11-20T09:08:16+00:00\",\"breadcrumb\":{\"@id\":\"https:\\\/\\\/www.frankmxparts.com.iclicksapp.nl\\\/de\\\/s3-extreme-cylinderhead-xtr-163-300-r-2024-gasgas-ec-mc-300-ec300-mc300-tbi#breadcrumb\"},\"inLanguage\":\"de\",\"potentialAction\":[{\"@type\":\"ReadAction\",\"target\":[\"https:\\\/\\\/www.frankmxparts.com.iclicksapp.nl\\\/de\\\/s3-extreme-cylinderhead-xtr-163-300-r-2024-gasgas-ec-mc-300-ec300-mc300-tbi\"]}]},{\"@type\":\"ImageObject\",\"inLanguage\":\"de\",\"@id\":\"https:\\\/\\\/www.frankmxparts.com.iclicksapp.nl\\\/de\\\/s3-extreme-cylinderhead-xtr-163-300-r-2024-gasgas-ec-mc-300-ec300-mc300-tbi#primaryimage\",\"url\":\"https:\\\/\\\/www.frankmxparts.com.iclicksapp.nl\\\/wp-content\\\/uploads\\\/2024\\\/11\\\/S3-Extreme-cylinderhead-XTR-163-300-R-2024-GasGas-EC-MC-300-EC300-MC300-TBI-frank-mxparts-01.jpg\",\"contentUrl\":\"https:\\\/\\\/www.frankmxparts.com.iclicksapp.nl\\\/wp-content\\\/uploads\\\/2024\\\/11\\\/S3-Extreme-cylinderhead-XTR-163-300-R-2024-GasGas-EC-MC-300-EC300-MC300-TBI-frank-mxparts-01.jpg\",\"width\":750,\"height\":563},{\"@type\":\"BreadcrumbList\",\"@id\":\"https:\\\/\\\/www.frankmxparts.com.iclicksapp.nl\\\/de\\\/s3-extreme-cylinderhead-xtr-163-300-r-2024-gasgas-ec-mc-300-ec300-mc300-tbi#breadcrumb\",\"itemListElement\":[{\"@type\":\"ListItem\",\"position\":1,\"name\":\"Home\",\"item\":\"https:\\\/\\\/www.frankmxparts.com.iclicksapp.nl\\\/de\"},{\"@type\":\"ListItem\",\"position\":2,\"name\":\"Shop\",\"item\":\"https:\\\/\\\/www.frankmxparts.com.iclicksapp.nl\\\/winkel\"},{\"@type\":\"ListItem\",\"position\":3,\"name\":\"S3 &#8216;Extreme&#8217; Zylinderkopf \\\/ 2024 GasGas EC MC 300 EC300 MC300 TBI\"}]},{\"@type\":\"WebSite\",\"@id\":\"https:\\\/\\\/www.frankmxparts.com.iclicksapp.nl\\\/de\\\/#website\",\"url\":\"https:\\\/\\\/www.frankmxparts.com.iclicksapp.nl\\\/de\\\/\",\"name\":\"Frank! MXParts\",\"description\":\"\",\"publisher\":{\"@id\":\"https:\\\/\\\/www.frankmxparts.com.iclicksapp.nl\\\/de\\\/#organization\"},\"potentialAction\":[{\"@type\":\"SearchAction\",\"target\":{\"@type\":\"EntryPoint\",\"urlTemplate\":\"https:\\\/\\\/www.frankmxparts.com.iclicksapp.nl\\\/de\\\/?s={search_term_string}\"},\"query-input\":{\"@type\":\"PropertyValueSpecification\",\"valueRequired\":true,\"valueName\":\"search_term_string\"}}],\"inLanguage\":\"de\"},{\"@type\":\"Organization\",\"@id\":\"https:\\\/\\\/www.frankmxparts.com.iclicksapp.nl\\\/de\\\/#organization\",\"name\":\"Frank! MXParts\",\"url\":\"https:\\\/\\\/www.frankmxparts.com.iclicksapp.nl\\\/de\\\/\",\"logo\":{\"@type\":\"ImageObject\",\"inLanguage\":\"de\",\"@id\":\"https:\\\/\\\/www.frankmxparts.com.iclicksapp.nl\\\/de\\\/#\\\/schema\\\/logo\\\/image\\\/\",\"url\":\"https:\\\/\\\/www.frankmxparts.com.iclicksapp.nl\\\/wp-content\\\/uploads\\\/2024\\\/01\\\/frank-mxparts-logo.svg\",\"contentUrl\":\"https:\\\/\\\/www.frankmxparts.com.iclicksapp.nl\\\/wp-content\\\/uploads\\\/2024\\\/01\\\/frank-mxparts-logo.svg\",\"width\":301,\"height\":88,\"caption\":\"Frank! MXParts\"},\"image\":{\"@id\":\"https:\\\/\\\/www.frankmxparts.com.iclicksapp.nl\\\/de\\\/#\\\/schema\\\/logo\\\/image\\\/\"}}]}<\/script>\n<!-- \/ Yoast SEO plugin. -->","yoast_head_json":{"title":"S3 'Extreme' Zylinderkopf \/ 2024 GasGas EC MC 300 EC300 MC300 TBI - Frank! MXParts","robots":{"index":"noindex","follow":"follow","max-snippet":"max-snippet:-1","max-image-preview":"max-image-preview:large","max-video-preview":"max-video-preview:-1"},"og_locale":"de_DE","og_type":"article","og_title":"S3 'Extreme' Zylinderkopf \/ 2024 GasGas EC MC 300 EC300 MC300 TBI - Frank! MXParts","og_description":"S3 &#8218;Extreme&#8216; Zylinderkopf f\u00fcr den GasGas EC300 TBI. Hohe Qualit\u00e4t Teile&nbsp;von den Hard-Enduro-Spezialisten aus Spanien. Dies ist der &#8218;extreme&#8216; Kopf: Modifiziert die Kompression f\u00fcr eine gleichm\u00e4\u00dfige und progressive Kraftabgabe. Verbesserung der Traktion und Motorsteuerung, besonders wichtig in technischen Bereichen. Sein Design senkt die Temperatur, indem es die typischen Hotspots der Original-Zylinderk\u00f6pfe beseitigt. Ideal f\u00fcr extremes [&hellip;]","og_url":"https:\/\/www.frankmxparts.com.iclicksapp.nl\/de\/s3-extreme-cylinderhead-xtr-163-300-r-2024-gasgas-ec-mc-300-ec300-mc300-tbi","og_site_name":"Frank! MXParts","article_modified_time":"2024-11-20T09:08:16+00:00","og_image":[{"width":750,"height":563,"url":"https:\/\/www.frankmxparts.com.iclicksapp.nl\/wp-content\/uploads\/2024\/11\/S3-Extreme-cylinderhead-XTR-163-300-R-2024-GasGas-EC-MC-300-EC300-MC300-TBI-frank-mxparts-01.jpg","type":"image\/jpeg"}],"twitter_card":"summary_large_image","twitter_misc":{"Gesch\u00e4tzte Lesezeit":"1\u00a0Minute"},"schema":{"@context":"https:\/\/schema.org","@graph":[{"@type":"WebPage","@id":"https:\/\/www.frankmxparts.com.iclicksapp.nl\/de\/s3-extreme-cylinderhead-xtr-163-300-r-2024-gasgas-ec-mc-300-ec300-mc300-tbi","url":"https:\/\/www.frankmxparts.com.iclicksapp.nl\/de\/s3-extreme-cylinderhead-xtr-163-300-r-2024-gasgas-ec-mc-300-ec300-mc300-tbi","name":"S3 'Extreme' Zylinderkopf \/ 2024 GasGas EC MC 300 EC300 MC300 TBI - Frank! MXParts","isPartOf":{"@id":"https:\/\/www.frankmxparts.com.iclicksapp.nl\/de\/#website"},"primaryImageOfPage":{"@id":"https:\/\/www.frankmxparts.com.iclicksapp.nl\/de\/s3-extreme-cylinderhead-xtr-163-300-r-2024-gasgas-ec-mc-300-ec300-mc300-tbi#primaryimage"},"image":{"@id":"https:\/\/www.frankmxparts.com.iclicksapp.nl\/de\/s3-extreme-cylinderhead-xtr-163-300-r-2024-gasgas-ec-mc-300-ec300-mc300-tbi#primaryimage"},"thumbnailUrl":"https:\/\/www.frankmxparts.com.iclicksapp.nl\/wp-content\/uploads\/2024\/11\/S3-Extreme-cylinderhead-XTR-163-300-R-2024-GasGas-EC-MC-300-EC300-MC300-TBI-frank-mxparts-01.jpg","datePublished":"2024-11-19T22:07:40+00:00","dateModified":"2024-11-20T09:08:16+00:00","breadcrumb":{"@id":"https:\/\/www.frankmxparts.com.iclicksapp.nl\/de\/s3-extreme-cylinderhead-xtr-163-300-r-2024-gasgas-ec-mc-300-ec300-mc300-tbi#breadcrumb"},"inLanguage":"de","potentialAction":[{"@type":"ReadAction","target":["https:\/\/www.frankmxparts.com.iclicksapp.nl\/de\/s3-extreme-cylinderhead-xtr-163-300-r-2024-gasgas-ec-mc-300-ec300-mc300-tbi"]}]},{"@type":"ImageObject","inLanguage":"de","@id":"https:\/\/www.frankmxparts.com.iclicksapp.nl\/de\/s3-extreme-cylinderhead-xtr-163-300-r-2024-gasgas-ec-mc-300-ec300-mc300-tbi#primaryimage","url":"https:\/\/www.frankmxparts.com.iclicksapp.nl\/wp-content\/uploads\/2024\/11\/S3-Extreme-cylinderhead-XTR-163-300-R-2024-GasGas-EC-MC-300-EC300-MC300-TBI-frank-mxparts-01.jpg","contentUrl":"https:\/\/www.frankmxparts.com.iclicksapp.nl\/wp-content\/uploads\/2024\/11\/S3-Extreme-cylinderhead-XTR-163-300-R-2024-GasGas-EC-MC-300-EC300-MC300-TBI-frank-mxparts-01.jpg","width":750,"height":563},{"@type":"BreadcrumbList","@id":"https:\/\/www.frankmxparts.com.iclicksapp.nl\/de\/s3-extreme-cylinderhead-xtr-163-300-r-2024-gasgas-ec-mc-300-ec300-mc300-tbi#breadcrumb","itemListElement":[{"@type":"ListItem","position":1,"name":"Home","item":"https:\/\/www.frankmxparts.com.iclicksapp.nl\/de"},{"@type":"ListItem","position":2,"name":"Shop","item":"https:\/\/www.frankmxparts.com.iclicksapp.nl\/winkel"},{"@type":"ListItem","position":3,"name":"S3 &#8216;Extreme&#8217; Zylinderkopf \/ 2024 GasGas EC MC 300 EC300 MC300 TBI"}]},{"@type":"WebSite","@id":"https:\/\/www.frankmxparts.com.iclicksapp.nl\/de\/#website","url":"https:\/\/www.frankmxparts.com.iclicksapp.nl\/de\/","name":"Frank! MXParts","description":"","publisher":{"@id":"https:\/\/www.frankmxparts.com.iclicksapp.nl\/de\/#organization"},"potentialAction":[{"@type":"SearchAction","target":{"@type":"EntryPoint","urlTemplate":"https:\/\/www.frankmxparts.com.iclicksapp.nl\/de\/?s={search_term_string}"},"query-input":{"@type":"PropertyValueSpecification","valueRequired":true,"valueName":"search_term_string"}}],"inLanguage":"de"},{"@type":"Organization","@id":"https:\/\/www.frankmxparts.com.iclicksapp.nl\/de\/#organization","name":"Frank! MXParts","url":"https:\/\/www.frankmxparts.com.iclicksapp.nl\/de\/","logo":{"@type":"ImageObject","inLanguage":"de","@id":"https:\/\/www.frankmxparts.com.iclicksapp.nl\/de\/#\/schema\/logo\/image\/","url":"https:\/\/www.frankmxparts.com.iclicksapp.nl\/wp-content\/uploads\/2024\/01\/frank-mxparts-logo.svg","contentUrl":"https:\/\/www.frankmxparts.com.iclicksapp.nl\/wp-content\/uploads\/2024\/01\/frank-mxparts-logo.svg","width":301,"height":88,"caption":"Frank! MXParts"},"image":{"@id":"https:\/\/www.frankmxparts.com.iclicksapp.nl\/de\/#\/schema\/logo\/image\/"}}]}},"_links":{"self":[{"href":"https:\/\/www.frankmxparts.com.iclicksapp.nl\/de\/wp-json\/wp\/v2\/product\/215256","targetHints":{"allow":["GET"]}}],"collection":[{"href":"https:\/\/www.frankmxparts.com.iclicksapp.nl\/de\/wp-json\/wp\/v2\/product"}],"about":[{"href":"https:\/\/www.frankmxparts.com.iclicksapp.nl\/de\/wp-json\/wp\/v2\/types\/product"}],"replies":[{"embeddable":true,"href":"https:\/\/www.frankmxparts.com.iclicksapp.nl\/de\/wp-json\/wp\/v2\/comments?post=215256"}],"wp:featuredmedia":[{"embeddable":true,"href":"https:\/\/www.frankmxparts.com.iclicksapp.nl\/de\/wp-json\/wp\/v2\/media\/209202"}],"wp:attachment":[{"href":"https:\/\/www.frankmxparts.com.iclicksapp.nl\/de\/wp-json\/wp\/v2\/media?parent=215256"}],"wp:term":[{"taxonomy":"product_brand","embeddable":true,"href":"https:\/\/www.frankmxparts.com.iclicksapp.nl\/de\/wp-json\/wp\/v2\/product_brand?post=215256"},{"taxonomy":"product_cat","embeddable":true,"href":"https:\/\/www.frankmxparts.com.iclicksapp.nl\/de\/wp-json\/wp\/v2\/product_cat?post=215256"},{"taxonomy":"product_tag","embeddable":true,"href":"https:\/\/www.frankmxparts.com.iclicksapp.nl\/de\/wp-json\/wp\/v2\/product_tag?post=215256"}],"curies":[{"name":"wp","href":"https:\/\/api.w.org\/{rel}","templated":true}]}}