{"id":215259,"date":"2024-11-19T23:07:40","date_gmt":"2024-11-19T22:07:40","guid":{"rendered":"https:\/\/www.frankmxparts.com.iclicksapp.nl\/product\/s3-piston-kit-by-vertex-pi-19342-2013-2017-beta-rr-xtrainer-300"},"modified":"2024-11-20T11:08:27","modified_gmt":"2024-11-20T09:08:27","slug":"s3-piston-kit-by-vertex-pi-19342-2013-2017-beta-rr-xtrainer-300","status":"publish","type":"product","link":"https:\/\/www.frankmxparts.com.iclicksapp.nl\/de\/s3-piston-kit-by-vertex-pi-19342-2013-2017-beta-rr-xtrainer-300","title":{"rendered":"S3 Kolben Kit von Vertex \/ 2013 &#8211; 2017 BETA RR XTRAINER 300"},"content":{"rendered":"<p>\n<strong>S3 Kolben Kit (von Vertex).<\/strong><\/p>\n<p><span style=\"color:black;\"><strong>Hohe Qualit\u00e4t Kit&nbsp;<\/strong><\/span>von den Hard-Enduro-Spezialisten aus Spanien.&nbsp;S3-Kolben sind f\u00fcr maximale Leistung gegossen; Sie verf\u00fcgen \u00fcber einen Silikonanteil von 18 % f\u00fcr Festigkeit und Haltbarkeit.<\/p>\n<p><strong>Details<\/strong>:<\/p>\n<ul>\n<li>Gusskolben in Premiumqualit\u00e4t (Vertex), mit 18 % Silikonanteil<\/li>\n<li>mit Molybd\u00e4ndisulfid (MOS2)-Beschichtung f\u00fcr erh\u00f6hte Schmierf\u00e4higkeit und leichteres Einlaufen<\/li>\n<li>mit nitridbeschichteten Stahlringen<\/li>\n<li>leicht und langlebig<\/li>\n<li>begrenzt Vibrationen<\/li>\n<li>bietet einen schneller drehenden Motor.<\/li>\n<\/ul>\n<p><strong style=\"font-size: 11px;\">Lieferumfang<\/strong><span style=\"font-size: 11px;\">:<\/span><\/p>\n<ul>\n<li>1 Kolben<\/li>\n<li>1 Kolbenring<\/li>\n<li>1 Kolbenbolzen<\/li>\n<li>1 Kolbenclip.<\/li>\n<\/ul>\n<p><strong>Artikelnummer<\/strong>: PI-19342.<\/p>\n<p><strong>Passend f\u00fcr<\/strong>:<\/p>\n<ul>\n<li>den 2013-2017&nbsp;Beta RR&nbsp;300&nbsp;<\/li>\n<li>den 2013-2017&nbsp;Beta XTRAINER&nbsp;300<\/li>\n<li>den 2013-2017&nbsp;Beta XTRAINER CALIFORNIA 300.<\/li>\n<\/ul>\n<p>&nbsp;<\/p>\n<p>&nbsp;<\/p>\n<p><span style=\"font-size: 11px;\">Komplett wie abgebildet.<\/span><\/p>\n<p>&nbsp;<\/p>\n<p>&nbsp;<\/p>\n","protected":false},"excerpt":{"rendered":"<p>S3 Kolben Kit (von Vertex). Hohe Qualit\u00e4t Kit&nbsp;von den Hard-Enduro-Spezialisten aus Spanien.&nbsp;S3-Kolben sind f\u00fcr maximale Leistung gegossen; Sie verf\u00fcgen \u00fcber einen Silikonanteil von 18 % f\u00fcr Festigkeit und Haltbarkeit. Details: Gusskolben in Premiumqualit\u00e4t (Vertex), mit 18 % Silikonanteil mit Molybd\u00e4ndisulfid (MOS2)-Beschichtung f\u00fcr erh\u00f6hte Schmierf\u00e4higkeit und leichteres Einlaufen mit nitridbeschichteten Stahlringen leicht und langlebig begrenzt Vibrationen [&hellip;]<\/p>\n","protected":false},"featured_media":209253,"comment_status":"closed","ping_status":"closed","template":"","meta":{"_acf_changed":false},"product_brand":[],"product_cat":[9441],"product_tag":[],"class_list":{"0":"post-215259","1":"product","2":"type-product","3":"status-publish","4":"has-post-thumbnail","6":"product_cat-uncategorized","7":"pa_energy-label-undefined-de","8":"pa_manufacturer-s3-de","9":"pa_piston-size-a-de","10":"pa_piston-size-b-de","11":"pa_piston-size-c-de","13":"first","14":"instock","15":"taxable","16":"shipping-taxable","17":"purchasable","18":"product-type-variable","19":"has-default-attributes"},"acf":[],"yoast_head":"<!-- This site is optimized with the Yoast SEO plugin v27.3 - https:\/\/yoast.com\/product\/yoast-seo-wordpress\/ -->\n<title>S3 Kolben Kit von Vertex \/ 2013 - 2017 BETA RR XTRAINER 300 - Frank! MXParts<\/title>\n<meta name=\"robots\" content=\"noindex, follow, max-snippet:-1, max-image-preview:large, max-video-preview:-1\" \/>\n<meta property=\"og:locale\" content=\"de_DE\" \/>\n<meta property=\"og:type\" content=\"article\" \/>\n<meta property=\"og:title\" content=\"S3 Kolben Kit von Vertex \/ 2013 - 2017 BETA RR XTRAINER 300 - Frank! MXParts\" \/>\n<meta property=\"og:description\" content=\"S3 Kolben Kit (von Vertex). Hohe Qualit\u00e4t Kit&nbsp;von den Hard-Enduro-Spezialisten aus Spanien.&nbsp;S3-Kolben sind f\u00fcr maximale Leistung gegossen; Sie verf\u00fcgen \u00fcber einen Silikonanteil von 18 % f\u00fcr Festigkeit und Haltbarkeit. Details: Gusskolben in Premiumqualit\u00e4t (Vertex), mit 18 % Silikonanteil mit Molybd\u00e4ndisulfid (MOS2)-Beschichtung f\u00fcr erh\u00f6hte Schmierf\u00e4higkeit und leichteres Einlaufen mit nitridbeschichteten Stahlringen leicht und langlebig begrenzt Vibrationen [&hellip;]\" \/>\n<meta property=\"og:url\" content=\"https:\/\/www.frankmxparts.com.iclicksapp.nl\/de\/s3-piston-kit-by-vertex-pi-19342-2013-2017-beta-rr-xtrainer-300\" \/>\n<meta property=\"og:site_name\" content=\"Frank! MXParts\" \/>\n<meta property=\"article:modified_time\" content=\"2024-11-20T09:08:27+00:00\" \/>\n<meta property=\"og:image\" content=\"https:\/\/www.frankmxparts.com.iclicksapp.nl\/wp-content\/uploads\/2024\/11\/S3-piston-kit-by-Vertex-PI-19342-2013-2017-BETA-RR-XTRAINER-300-frank-mxparts.jpg\" \/>\n\t<meta property=\"og:image:width\" content=\"750\" \/>\n\t<meta property=\"og:image:height\" content=\"563\" \/>\n\t<meta property=\"og:image:type\" content=\"image\/jpeg\" \/>\n<meta name=\"twitter:card\" content=\"summary_large_image\" \/>\n<meta name=\"twitter:label1\" content=\"Gesch\u00e4tzte Lesezeit\" \/>\n\t<meta name=\"twitter:data1\" content=\"1\u00a0Minute\" \/>\n<script type=\"application\/ld+json\" class=\"yoast-schema-graph\">{\"@context\":\"https:\\\/\\\/schema.org\",\"@graph\":[{\"@type\":\"WebPage\",\"@id\":\"https:\\\/\\\/www.frankmxparts.com.iclicksapp.nl\\\/de\\\/s3-piston-kit-by-vertex-pi-19342-2013-2017-beta-rr-xtrainer-300\",\"url\":\"https:\\\/\\\/www.frankmxparts.com.iclicksapp.nl\\\/de\\\/s3-piston-kit-by-vertex-pi-19342-2013-2017-beta-rr-xtrainer-300\",\"name\":\"S3 Kolben Kit von Vertex \\\/ 2013 - 2017 BETA RR XTRAINER 300 - Frank! MXParts\",\"isPartOf\":{\"@id\":\"https:\\\/\\\/www.frankmxparts.com.iclicksapp.nl\\\/de\\\/#website\"},\"primaryImageOfPage\":{\"@id\":\"https:\\\/\\\/www.frankmxparts.com.iclicksapp.nl\\\/de\\\/s3-piston-kit-by-vertex-pi-19342-2013-2017-beta-rr-xtrainer-300#primaryimage\"},\"image\":{\"@id\":\"https:\\\/\\\/www.frankmxparts.com.iclicksapp.nl\\\/de\\\/s3-piston-kit-by-vertex-pi-19342-2013-2017-beta-rr-xtrainer-300#primaryimage\"},\"thumbnailUrl\":\"https:\\\/\\\/www.frankmxparts.com.iclicksapp.nl\\\/wp-content\\\/uploads\\\/2024\\\/11\\\/S3-piston-kit-by-Vertex-PI-19342-2013-2017-BETA-RR-XTRAINER-300-frank-mxparts.jpg\",\"datePublished\":\"2024-11-19T22:07:40+00:00\",\"dateModified\":\"2024-11-20T09:08:27+00:00\",\"breadcrumb\":{\"@id\":\"https:\\\/\\\/www.frankmxparts.com.iclicksapp.nl\\\/de\\\/s3-piston-kit-by-vertex-pi-19342-2013-2017-beta-rr-xtrainer-300#breadcrumb\"},\"inLanguage\":\"de\",\"potentialAction\":[{\"@type\":\"ReadAction\",\"target\":[\"https:\\\/\\\/www.frankmxparts.com.iclicksapp.nl\\\/de\\\/s3-piston-kit-by-vertex-pi-19342-2013-2017-beta-rr-xtrainer-300\"]}]},{\"@type\":\"ImageObject\",\"inLanguage\":\"de\",\"@id\":\"https:\\\/\\\/www.frankmxparts.com.iclicksapp.nl\\\/de\\\/s3-piston-kit-by-vertex-pi-19342-2013-2017-beta-rr-xtrainer-300#primaryimage\",\"url\":\"https:\\\/\\\/www.frankmxparts.com.iclicksapp.nl\\\/wp-content\\\/uploads\\\/2024\\\/11\\\/S3-piston-kit-by-Vertex-PI-19342-2013-2017-BETA-RR-XTRAINER-300-frank-mxparts.jpg\",\"contentUrl\":\"https:\\\/\\\/www.frankmxparts.com.iclicksapp.nl\\\/wp-content\\\/uploads\\\/2024\\\/11\\\/S3-piston-kit-by-Vertex-PI-19342-2013-2017-BETA-RR-XTRAINER-300-frank-mxparts.jpg\",\"width\":750,\"height\":563},{\"@type\":\"BreadcrumbList\",\"@id\":\"https:\\\/\\\/www.frankmxparts.com.iclicksapp.nl\\\/de\\\/s3-piston-kit-by-vertex-pi-19342-2013-2017-beta-rr-xtrainer-300#breadcrumb\",\"itemListElement\":[{\"@type\":\"ListItem\",\"position\":1,\"name\":\"Home\",\"item\":\"https:\\\/\\\/www.frankmxparts.com.iclicksapp.nl\\\/de\"},{\"@type\":\"ListItem\",\"position\":2,\"name\":\"Shop\",\"item\":\"https:\\\/\\\/www.frankmxparts.com.iclicksapp.nl\\\/winkel\"},{\"@type\":\"ListItem\",\"position\":3,\"name\":\"S3 Kolben Kit von Vertex \\\/ 2013 &#8211; 2017 BETA RR XTRAINER 300\"}]},{\"@type\":\"WebSite\",\"@id\":\"https:\\\/\\\/www.frankmxparts.com.iclicksapp.nl\\\/de\\\/#website\",\"url\":\"https:\\\/\\\/www.frankmxparts.com.iclicksapp.nl\\\/de\\\/\",\"name\":\"Frank! MXParts\",\"description\":\"\",\"publisher\":{\"@id\":\"https:\\\/\\\/www.frankmxparts.com.iclicksapp.nl\\\/de\\\/#organization\"},\"potentialAction\":[{\"@type\":\"SearchAction\",\"target\":{\"@type\":\"EntryPoint\",\"urlTemplate\":\"https:\\\/\\\/www.frankmxparts.com.iclicksapp.nl\\\/de\\\/?s={search_term_string}\"},\"query-input\":{\"@type\":\"PropertyValueSpecification\",\"valueRequired\":true,\"valueName\":\"search_term_string\"}}],\"inLanguage\":\"de\"},{\"@type\":\"Organization\",\"@id\":\"https:\\\/\\\/www.frankmxparts.com.iclicksapp.nl\\\/de\\\/#organization\",\"name\":\"Frank! MXParts\",\"url\":\"https:\\\/\\\/www.frankmxparts.com.iclicksapp.nl\\\/de\\\/\",\"logo\":{\"@type\":\"ImageObject\",\"inLanguage\":\"de\",\"@id\":\"https:\\\/\\\/www.frankmxparts.com.iclicksapp.nl\\\/de\\\/#\\\/schema\\\/logo\\\/image\\\/\",\"url\":\"https:\\\/\\\/www.frankmxparts.com.iclicksapp.nl\\\/wp-content\\\/uploads\\\/2024\\\/01\\\/frank-mxparts-logo.svg\",\"contentUrl\":\"https:\\\/\\\/www.frankmxparts.com.iclicksapp.nl\\\/wp-content\\\/uploads\\\/2024\\\/01\\\/frank-mxparts-logo.svg\",\"width\":301,\"height\":88,\"caption\":\"Frank! MXParts\"},\"image\":{\"@id\":\"https:\\\/\\\/www.frankmxparts.com.iclicksapp.nl\\\/de\\\/#\\\/schema\\\/logo\\\/image\\\/\"}}]}<\/script>\n<!-- \/ Yoast SEO plugin. -->","yoast_head_json":{"title":"S3 Kolben Kit von Vertex \/ 2013 - 2017 BETA RR XTRAINER 300 - Frank! MXParts","robots":{"index":"noindex","follow":"follow","max-snippet":"max-snippet:-1","max-image-preview":"max-image-preview:large","max-video-preview":"max-video-preview:-1"},"og_locale":"de_DE","og_type":"article","og_title":"S3 Kolben Kit von Vertex \/ 2013 - 2017 BETA RR XTRAINER 300 - Frank! MXParts","og_description":"S3 Kolben Kit (von Vertex). Hohe Qualit\u00e4t Kit&nbsp;von den Hard-Enduro-Spezialisten aus Spanien.&nbsp;S3-Kolben sind f\u00fcr maximale Leistung gegossen; Sie verf\u00fcgen \u00fcber einen Silikonanteil von 18 % f\u00fcr Festigkeit und Haltbarkeit. Details: Gusskolben in Premiumqualit\u00e4t (Vertex), mit 18 % Silikonanteil mit Molybd\u00e4ndisulfid (MOS2)-Beschichtung f\u00fcr erh\u00f6hte Schmierf\u00e4higkeit und leichteres Einlaufen mit nitridbeschichteten Stahlringen leicht und langlebig begrenzt Vibrationen [&hellip;]","og_url":"https:\/\/www.frankmxparts.com.iclicksapp.nl\/de\/s3-piston-kit-by-vertex-pi-19342-2013-2017-beta-rr-xtrainer-300","og_site_name":"Frank! MXParts","article_modified_time":"2024-11-20T09:08:27+00:00","og_image":[{"width":750,"height":563,"url":"https:\/\/www.frankmxparts.com.iclicksapp.nl\/wp-content\/uploads\/2024\/11\/S3-piston-kit-by-Vertex-PI-19342-2013-2017-BETA-RR-XTRAINER-300-frank-mxparts.jpg","type":"image\/jpeg"}],"twitter_card":"summary_large_image","twitter_misc":{"Gesch\u00e4tzte Lesezeit":"1\u00a0Minute"},"schema":{"@context":"https:\/\/schema.org","@graph":[{"@type":"WebPage","@id":"https:\/\/www.frankmxparts.com.iclicksapp.nl\/de\/s3-piston-kit-by-vertex-pi-19342-2013-2017-beta-rr-xtrainer-300","url":"https:\/\/www.frankmxparts.com.iclicksapp.nl\/de\/s3-piston-kit-by-vertex-pi-19342-2013-2017-beta-rr-xtrainer-300","name":"S3 Kolben Kit von Vertex \/ 2013 - 2017 BETA RR XTRAINER 300 - Frank! MXParts","isPartOf":{"@id":"https:\/\/www.frankmxparts.com.iclicksapp.nl\/de\/#website"},"primaryImageOfPage":{"@id":"https:\/\/www.frankmxparts.com.iclicksapp.nl\/de\/s3-piston-kit-by-vertex-pi-19342-2013-2017-beta-rr-xtrainer-300#primaryimage"},"image":{"@id":"https:\/\/www.frankmxparts.com.iclicksapp.nl\/de\/s3-piston-kit-by-vertex-pi-19342-2013-2017-beta-rr-xtrainer-300#primaryimage"},"thumbnailUrl":"https:\/\/www.frankmxparts.com.iclicksapp.nl\/wp-content\/uploads\/2024\/11\/S3-piston-kit-by-Vertex-PI-19342-2013-2017-BETA-RR-XTRAINER-300-frank-mxparts.jpg","datePublished":"2024-11-19T22:07:40+00:00","dateModified":"2024-11-20T09:08:27+00:00","breadcrumb":{"@id":"https:\/\/www.frankmxparts.com.iclicksapp.nl\/de\/s3-piston-kit-by-vertex-pi-19342-2013-2017-beta-rr-xtrainer-300#breadcrumb"},"inLanguage":"de","potentialAction":[{"@type":"ReadAction","target":["https:\/\/www.frankmxparts.com.iclicksapp.nl\/de\/s3-piston-kit-by-vertex-pi-19342-2013-2017-beta-rr-xtrainer-300"]}]},{"@type":"ImageObject","inLanguage":"de","@id":"https:\/\/www.frankmxparts.com.iclicksapp.nl\/de\/s3-piston-kit-by-vertex-pi-19342-2013-2017-beta-rr-xtrainer-300#primaryimage","url":"https:\/\/www.frankmxparts.com.iclicksapp.nl\/wp-content\/uploads\/2024\/11\/S3-piston-kit-by-Vertex-PI-19342-2013-2017-BETA-RR-XTRAINER-300-frank-mxparts.jpg","contentUrl":"https:\/\/www.frankmxparts.com.iclicksapp.nl\/wp-content\/uploads\/2024\/11\/S3-piston-kit-by-Vertex-PI-19342-2013-2017-BETA-RR-XTRAINER-300-frank-mxparts.jpg","width":750,"height":563},{"@type":"BreadcrumbList","@id":"https:\/\/www.frankmxparts.com.iclicksapp.nl\/de\/s3-piston-kit-by-vertex-pi-19342-2013-2017-beta-rr-xtrainer-300#breadcrumb","itemListElement":[{"@type":"ListItem","position":1,"name":"Home","item":"https:\/\/www.frankmxparts.com.iclicksapp.nl\/de"},{"@type":"ListItem","position":2,"name":"Shop","item":"https:\/\/www.frankmxparts.com.iclicksapp.nl\/winkel"},{"@type":"ListItem","position":3,"name":"S3 Kolben Kit von Vertex \/ 2013 &#8211; 2017 BETA RR XTRAINER 300"}]},{"@type":"WebSite","@id":"https:\/\/www.frankmxparts.com.iclicksapp.nl\/de\/#website","url":"https:\/\/www.frankmxparts.com.iclicksapp.nl\/de\/","name":"Frank! MXParts","description":"","publisher":{"@id":"https:\/\/www.frankmxparts.com.iclicksapp.nl\/de\/#organization"},"potentialAction":[{"@type":"SearchAction","target":{"@type":"EntryPoint","urlTemplate":"https:\/\/www.frankmxparts.com.iclicksapp.nl\/de\/?s={search_term_string}"},"query-input":{"@type":"PropertyValueSpecification","valueRequired":true,"valueName":"search_term_string"}}],"inLanguage":"de"},{"@type":"Organization","@id":"https:\/\/www.frankmxparts.com.iclicksapp.nl\/de\/#organization","name":"Frank! MXParts","url":"https:\/\/www.frankmxparts.com.iclicksapp.nl\/de\/","logo":{"@type":"ImageObject","inLanguage":"de","@id":"https:\/\/www.frankmxparts.com.iclicksapp.nl\/de\/#\/schema\/logo\/image\/","url":"https:\/\/www.frankmxparts.com.iclicksapp.nl\/wp-content\/uploads\/2024\/01\/frank-mxparts-logo.svg","contentUrl":"https:\/\/www.frankmxparts.com.iclicksapp.nl\/wp-content\/uploads\/2024\/01\/frank-mxparts-logo.svg","width":301,"height":88,"caption":"Frank! MXParts"},"image":{"@id":"https:\/\/www.frankmxparts.com.iclicksapp.nl\/de\/#\/schema\/logo\/image\/"}}]}},"_links":{"self":[{"href":"https:\/\/www.frankmxparts.com.iclicksapp.nl\/de\/wp-json\/wp\/v2\/product\/215259","targetHints":{"allow":["GET"]}}],"collection":[{"href":"https:\/\/www.frankmxparts.com.iclicksapp.nl\/de\/wp-json\/wp\/v2\/product"}],"about":[{"href":"https:\/\/www.frankmxparts.com.iclicksapp.nl\/de\/wp-json\/wp\/v2\/types\/product"}],"replies":[{"embeddable":true,"href":"https:\/\/www.frankmxparts.com.iclicksapp.nl\/de\/wp-json\/wp\/v2\/comments?post=215259"}],"wp:featuredmedia":[{"embeddable":true,"href":"https:\/\/www.frankmxparts.com.iclicksapp.nl\/de\/wp-json\/wp\/v2\/media\/209253"}],"wp:attachment":[{"href":"https:\/\/www.frankmxparts.com.iclicksapp.nl\/de\/wp-json\/wp\/v2\/media?parent=215259"}],"wp:term":[{"taxonomy":"product_brand","embeddable":true,"href":"https:\/\/www.frankmxparts.com.iclicksapp.nl\/de\/wp-json\/wp\/v2\/product_brand?post=215259"},{"taxonomy":"product_cat","embeddable":true,"href":"https:\/\/www.frankmxparts.com.iclicksapp.nl\/de\/wp-json\/wp\/v2\/product_cat?post=215259"},{"taxonomy":"product_tag","embeddable":true,"href":"https:\/\/www.frankmxparts.com.iclicksapp.nl\/de\/wp-json\/wp\/v2\/product_tag?post=215259"}],"curies":[{"name":"wp","href":"https:\/\/api.w.org\/{rel}","templated":true}]}}