{"id":215271,"date":"2024-11-19T23:07:40","date_gmt":"2024-11-19T22:07:40","guid":{"rendered":"https:\/\/www.frankmxparts.com.iclicksapp.nl\/product\/mikuni-fuel-pump-1vj-13910-01-yamaha-xt500-xt600-xt500z-xt600z"},"modified":"2024-11-20T11:09:19","modified_gmt":"2024-11-20T09:09:19","slug":"mikuni-fuel-pump-1vj-13910-01-yamaha-xt500-xt600-xt500z-xt600z","status":"publish","type":"product","link":"https:\/\/www.frankmxparts.com.iclicksapp.nl\/de\/mikuni-fuel-pump-1vj-13910-01-yamaha-xt500-xt600-xt500z-xt600z","title":{"rendered":"Mikuni Benzinpumpe Yamaha XT500 XT600 XT500Z XT600Z"},"content":{"rendered":"<p>\n<strong>Mikuni Benzinpumpe f\u00fcr verschiedene Yamaha Modelle<\/strong>.<\/p>\n<p><span style=\"color:black;\"><strong>Original Mikuni aus Japan<\/strong><\/span>, hochwertiges Teil.<br \/>\n<strong>Yamaha Artikelnummer<\/strong>:&nbsp;<span style=\"font-family: &quot;Trebuchet MS&quot;, Verdana, Arial, Helvetica; font-size: 11px;\">1VJ-13910-01 (1VJ1391001 \/ 1VJ-13910-01 \/ 1VJ-13910-01-00).<\/span><\/p>\n<p><strong>Passend f\u00fcr<\/strong>&nbsp;(Liste ist m\u00f6glicherweise nicht vollst\u00e4ndig):<\/p>\n<ul>\n<li>XT500Z 1988 3DT1 AUSTRIA 283DT-362E1<\/li>\n<li>XT500Z 1989 3DT2 AUSTRIA 293DT-362E1<\/li>\n<li>XT600Z 1988 3AJ1 EUROPE 283AJ-300E1<\/li>\n<li>XT600Z 1988 3AJ1 FRANCE 283AJ-351F1<\/li>\n<li>XT600Z 1988 3AJ1 GERMANY 283AJ-332G1<\/li>\n<li>XT600Z 1988 3AJ2 SPAIN 283AJ-352S1<\/li>\n<li>XT600Z 1988 3AJ3 EUROPE 283AJ-300E1<\/li>\n<li>XT600Z 1988 3DS1 SWITZERLAND 283AJ-300E1<\/li>\n<li>XT600Z 1989 3AJ4 EUROPE 293AJ-300E1<\/li>\n<li>XT600Z 1989 3AJ4 FRANCE 293AJ-351F1<\/li>\n<li>XT600Z 1989 3AJ4 GERMANY 293AJ-332G1<\/li>\n<li>XT600Z 1989 3AJ5 SPAIN 293AJ-352S1<\/li>\n<li>XT600Z 1990 3AJ6 EUROPE 203AJ-300E1<\/li>\n<li>XT600Z 1990 3AJ6 FRANCE 203AJ-351F1<\/li>\n<li>XT600Z 1990 3AJ6 GERMANY 203AJ-332G1<\/li>\n<li>XT600Z 1990 3AJ7 SPAIN 203AJ-352S1<\/li>\n<li>XT600Z 1990 3DS3 SWITZERLAND 203AJ-300E1.<\/li>\n<\/ul>\n<p>&nbsp;<\/p>\n<p>Komplett wie abgebildet.<\/p>\n<p>&nbsp;<\/p>\n<p>&nbsp;<\/p>\n<p>&nbsp;<\/p>\n","protected":false},"excerpt":{"rendered":"<p>Mikuni Benzinpumpe f\u00fcr verschiedene Yamaha Modelle. Original Mikuni aus Japan, hochwertiges Teil. Yamaha Artikelnummer:&nbsp;1VJ-13910-01 (1VJ1391001 \/ 1VJ-13910-01 \/ 1VJ-13910-01-00). Passend f\u00fcr&nbsp;(Liste ist m\u00f6glicherweise nicht vollst\u00e4ndig): XT500Z 1988 3DT1 AUSTRIA 283DT-362E1 XT500Z 1989 3DT2 AUSTRIA 293DT-362E1 XT600Z 1988 3AJ1 EUROPE 283AJ-300E1 XT600Z 1988 3AJ1 FRANCE 283AJ-351F1 XT600Z 1988 3AJ1 GERMANY 283AJ-332G1 XT600Z 1988 3AJ2 SPAIN 283AJ-352S1 [&hellip;]<\/p>\n","protected":false},"featured_media":209397,"comment_status":"closed","ping_status":"closed","template":"","meta":{"_acf_changed":false},"product_brand":[],"product_cat":[9441],"product_tag":[],"class_list":{"0":"post-215271","1":"product","2":"type-product","3":"status-publish","4":"has-post-thumbnail","6":"product_cat-uncategorized","7":"pa_manufacturer-mikuni-de","9":"first","10":"instock","11":"taxable","12":"shipping-taxable","13":"purchasable","14":"product-type-simple"},"acf":[],"yoast_head":"<!-- This site is optimized with the Yoast SEO plugin v27.3 - https:\/\/yoast.com\/product\/yoast-seo-wordpress\/ -->\n<title>Mikuni Benzinpumpe Yamaha XT500 XT600 XT500Z XT600Z - Frank! MXParts<\/title>\n<meta name=\"robots\" content=\"noindex, follow, max-snippet:-1, max-image-preview:large, max-video-preview:-1\" \/>\n<meta property=\"og:locale\" content=\"de_DE\" \/>\n<meta property=\"og:type\" content=\"article\" \/>\n<meta property=\"og:title\" content=\"Mikuni Benzinpumpe Yamaha XT500 XT600 XT500Z XT600Z - Frank! MXParts\" \/>\n<meta property=\"og:description\" content=\"Mikuni Benzinpumpe f\u00fcr verschiedene Yamaha Modelle. Original Mikuni aus Japan, hochwertiges Teil. Yamaha Artikelnummer:&nbsp;1VJ-13910-01 (1VJ1391001 \/ 1VJ-13910-01 \/ 1VJ-13910-01-00). Passend f\u00fcr&nbsp;(Liste ist m\u00f6glicherweise nicht vollst\u00e4ndig): XT500Z 1988 3DT1 AUSTRIA 283DT-362E1 XT500Z 1989 3DT2 AUSTRIA 293DT-362E1 XT600Z 1988 3AJ1 EUROPE 283AJ-300E1 XT600Z 1988 3AJ1 FRANCE 283AJ-351F1 XT600Z 1988 3AJ1 GERMANY 283AJ-332G1 XT600Z 1988 3AJ2 SPAIN 283AJ-352S1 [&hellip;]\" \/>\n<meta property=\"og:url\" content=\"https:\/\/www.frankmxparts.com.iclicksapp.nl\/de\/mikuni-fuel-pump-1vj-13910-01-yamaha-xt500-xt600-xt500z-xt600z\" \/>\n<meta property=\"og:site_name\" content=\"Frank! MXParts\" \/>\n<meta property=\"article:modified_time\" content=\"2024-11-20T09:09:19+00:00\" \/>\n<meta property=\"og:image\" content=\"https:\/\/www.frankmxparts.com.iclicksapp.nl\/wp-content\/uploads\/2024\/11\/Mikuni-fuel-pump-1VJ-13910-01-Yamaha-XT500-XT600-XT500Z-XT600Z-frank-mxparts-01.jpg\" \/>\n\t<meta property=\"og:image:width\" content=\"750\" \/>\n\t<meta property=\"og:image:height\" content=\"563\" \/>\n\t<meta property=\"og:image:type\" content=\"image\/jpeg\" \/>\n<meta name=\"twitter:card\" content=\"summary_large_image\" \/>\n<meta name=\"twitter:label1\" content=\"Gesch\u00e4tzte Lesezeit\" \/>\n\t<meta name=\"twitter:data1\" content=\"1\u00a0Minute\" \/>\n<script type=\"application\/ld+json\" class=\"yoast-schema-graph\">{\"@context\":\"https:\\\/\\\/schema.org\",\"@graph\":[{\"@type\":\"WebPage\",\"@id\":\"https:\\\/\\\/www.frankmxparts.com.iclicksapp.nl\\\/de\\\/mikuni-fuel-pump-1vj-13910-01-yamaha-xt500-xt600-xt500z-xt600z\",\"url\":\"https:\\\/\\\/www.frankmxparts.com.iclicksapp.nl\\\/de\\\/mikuni-fuel-pump-1vj-13910-01-yamaha-xt500-xt600-xt500z-xt600z\",\"name\":\"Mikuni Benzinpumpe Yamaha XT500 XT600 XT500Z XT600Z - Frank! MXParts\",\"isPartOf\":{\"@id\":\"https:\\\/\\\/www.frankmxparts.com.iclicksapp.nl\\\/de\\\/#website\"},\"primaryImageOfPage\":{\"@id\":\"https:\\\/\\\/www.frankmxparts.com.iclicksapp.nl\\\/de\\\/mikuni-fuel-pump-1vj-13910-01-yamaha-xt500-xt600-xt500z-xt600z#primaryimage\"},\"image\":{\"@id\":\"https:\\\/\\\/www.frankmxparts.com.iclicksapp.nl\\\/de\\\/mikuni-fuel-pump-1vj-13910-01-yamaha-xt500-xt600-xt500z-xt600z#primaryimage\"},\"thumbnailUrl\":\"https:\\\/\\\/www.frankmxparts.com.iclicksapp.nl\\\/wp-content\\\/uploads\\\/2024\\\/11\\\/Mikuni-fuel-pump-1VJ-13910-01-Yamaha-XT500-XT600-XT500Z-XT600Z-frank-mxparts-01.jpg\",\"datePublished\":\"2024-11-19T22:07:40+00:00\",\"dateModified\":\"2024-11-20T09:09:19+00:00\",\"breadcrumb\":{\"@id\":\"https:\\\/\\\/www.frankmxparts.com.iclicksapp.nl\\\/de\\\/mikuni-fuel-pump-1vj-13910-01-yamaha-xt500-xt600-xt500z-xt600z#breadcrumb\"},\"inLanguage\":\"de\",\"potentialAction\":[{\"@type\":\"ReadAction\",\"target\":[\"https:\\\/\\\/www.frankmxparts.com.iclicksapp.nl\\\/de\\\/mikuni-fuel-pump-1vj-13910-01-yamaha-xt500-xt600-xt500z-xt600z\"]}]},{\"@type\":\"ImageObject\",\"inLanguage\":\"de\",\"@id\":\"https:\\\/\\\/www.frankmxparts.com.iclicksapp.nl\\\/de\\\/mikuni-fuel-pump-1vj-13910-01-yamaha-xt500-xt600-xt500z-xt600z#primaryimage\",\"url\":\"https:\\\/\\\/www.frankmxparts.com.iclicksapp.nl\\\/wp-content\\\/uploads\\\/2024\\\/11\\\/Mikuni-fuel-pump-1VJ-13910-01-Yamaha-XT500-XT600-XT500Z-XT600Z-frank-mxparts-01.jpg\",\"contentUrl\":\"https:\\\/\\\/www.frankmxparts.com.iclicksapp.nl\\\/wp-content\\\/uploads\\\/2024\\\/11\\\/Mikuni-fuel-pump-1VJ-13910-01-Yamaha-XT500-XT600-XT500Z-XT600Z-frank-mxparts-01.jpg\",\"width\":750,\"height\":563},{\"@type\":\"BreadcrumbList\",\"@id\":\"https:\\\/\\\/www.frankmxparts.com.iclicksapp.nl\\\/de\\\/mikuni-fuel-pump-1vj-13910-01-yamaha-xt500-xt600-xt500z-xt600z#breadcrumb\",\"itemListElement\":[{\"@type\":\"ListItem\",\"position\":1,\"name\":\"Home\",\"item\":\"https:\\\/\\\/www.frankmxparts.com.iclicksapp.nl\\\/de\"},{\"@type\":\"ListItem\",\"position\":2,\"name\":\"Shop\",\"item\":\"https:\\\/\\\/www.frankmxparts.com.iclicksapp.nl\\\/winkel\"},{\"@type\":\"ListItem\",\"position\":3,\"name\":\"Mikuni Benzinpumpe Yamaha XT500 XT600 XT500Z XT600Z\"}]},{\"@type\":\"WebSite\",\"@id\":\"https:\\\/\\\/www.frankmxparts.com.iclicksapp.nl\\\/de\\\/#website\",\"url\":\"https:\\\/\\\/www.frankmxparts.com.iclicksapp.nl\\\/de\\\/\",\"name\":\"Frank! MXParts\",\"description\":\"\",\"publisher\":{\"@id\":\"https:\\\/\\\/www.frankmxparts.com.iclicksapp.nl\\\/de\\\/#organization\"},\"potentialAction\":[{\"@type\":\"SearchAction\",\"target\":{\"@type\":\"EntryPoint\",\"urlTemplate\":\"https:\\\/\\\/www.frankmxparts.com.iclicksapp.nl\\\/de\\\/?s={search_term_string}\"},\"query-input\":{\"@type\":\"PropertyValueSpecification\",\"valueRequired\":true,\"valueName\":\"search_term_string\"}}],\"inLanguage\":\"de\"},{\"@type\":\"Organization\",\"@id\":\"https:\\\/\\\/www.frankmxparts.com.iclicksapp.nl\\\/de\\\/#organization\",\"name\":\"Frank! MXParts\",\"url\":\"https:\\\/\\\/www.frankmxparts.com.iclicksapp.nl\\\/de\\\/\",\"logo\":{\"@type\":\"ImageObject\",\"inLanguage\":\"de\",\"@id\":\"https:\\\/\\\/www.frankmxparts.com.iclicksapp.nl\\\/de\\\/#\\\/schema\\\/logo\\\/image\\\/\",\"url\":\"https:\\\/\\\/www.frankmxparts.com.iclicksapp.nl\\\/wp-content\\\/uploads\\\/2024\\\/01\\\/frank-mxparts-logo.svg\",\"contentUrl\":\"https:\\\/\\\/www.frankmxparts.com.iclicksapp.nl\\\/wp-content\\\/uploads\\\/2024\\\/01\\\/frank-mxparts-logo.svg\",\"width\":301,\"height\":88,\"caption\":\"Frank! MXParts\"},\"image\":{\"@id\":\"https:\\\/\\\/www.frankmxparts.com.iclicksapp.nl\\\/de\\\/#\\\/schema\\\/logo\\\/image\\\/\"}}]}<\/script>\n<!-- \/ Yoast SEO plugin. -->","yoast_head_json":{"title":"Mikuni Benzinpumpe Yamaha XT500 XT600 XT500Z XT600Z - Frank! MXParts","robots":{"index":"noindex","follow":"follow","max-snippet":"max-snippet:-1","max-image-preview":"max-image-preview:large","max-video-preview":"max-video-preview:-1"},"og_locale":"de_DE","og_type":"article","og_title":"Mikuni Benzinpumpe Yamaha XT500 XT600 XT500Z XT600Z - Frank! MXParts","og_description":"Mikuni Benzinpumpe f\u00fcr verschiedene Yamaha Modelle. Original Mikuni aus Japan, hochwertiges Teil. Yamaha Artikelnummer:&nbsp;1VJ-13910-01 (1VJ1391001 \/ 1VJ-13910-01 \/ 1VJ-13910-01-00). Passend f\u00fcr&nbsp;(Liste ist m\u00f6glicherweise nicht vollst\u00e4ndig): XT500Z 1988 3DT1 AUSTRIA 283DT-362E1 XT500Z 1989 3DT2 AUSTRIA 293DT-362E1 XT600Z 1988 3AJ1 EUROPE 283AJ-300E1 XT600Z 1988 3AJ1 FRANCE 283AJ-351F1 XT600Z 1988 3AJ1 GERMANY 283AJ-332G1 XT600Z 1988 3AJ2 SPAIN 283AJ-352S1 [&hellip;]","og_url":"https:\/\/www.frankmxparts.com.iclicksapp.nl\/de\/mikuni-fuel-pump-1vj-13910-01-yamaha-xt500-xt600-xt500z-xt600z","og_site_name":"Frank! MXParts","article_modified_time":"2024-11-20T09:09:19+00:00","og_image":[{"width":750,"height":563,"url":"https:\/\/www.frankmxparts.com.iclicksapp.nl\/wp-content\/uploads\/2024\/11\/Mikuni-fuel-pump-1VJ-13910-01-Yamaha-XT500-XT600-XT500Z-XT600Z-frank-mxparts-01.jpg","type":"image\/jpeg"}],"twitter_card":"summary_large_image","twitter_misc":{"Gesch\u00e4tzte Lesezeit":"1\u00a0Minute"},"schema":{"@context":"https:\/\/schema.org","@graph":[{"@type":"WebPage","@id":"https:\/\/www.frankmxparts.com.iclicksapp.nl\/de\/mikuni-fuel-pump-1vj-13910-01-yamaha-xt500-xt600-xt500z-xt600z","url":"https:\/\/www.frankmxparts.com.iclicksapp.nl\/de\/mikuni-fuel-pump-1vj-13910-01-yamaha-xt500-xt600-xt500z-xt600z","name":"Mikuni Benzinpumpe Yamaha XT500 XT600 XT500Z XT600Z - Frank! MXParts","isPartOf":{"@id":"https:\/\/www.frankmxparts.com.iclicksapp.nl\/de\/#website"},"primaryImageOfPage":{"@id":"https:\/\/www.frankmxparts.com.iclicksapp.nl\/de\/mikuni-fuel-pump-1vj-13910-01-yamaha-xt500-xt600-xt500z-xt600z#primaryimage"},"image":{"@id":"https:\/\/www.frankmxparts.com.iclicksapp.nl\/de\/mikuni-fuel-pump-1vj-13910-01-yamaha-xt500-xt600-xt500z-xt600z#primaryimage"},"thumbnailUrl":"https:\/\/www.frankmxparts.com.iclicksapp.nl\/wp-content\/uploads\/2024\/11\/Mikuni-fuel-pump-1VJ-13910-01-Yamaha-XT500-XT600-XT500Z-XT600Z-frank-mxparts-01.jpg","datePublished":"2024-11-19T22:07:40+00:00","dateModified":"2024-11-20T09:09:19+00:00","breadcrumb":{"@id":"https:\/\/www.frankmxparts.com.iclicksapp.nl\/de\/mikuni-fuel-pump-1vj-13910-01-yamaha-xt500-xt600-xt500z-xt600z#breadcrumb"},"inLanguage":"de","potentialAction":[{"@type":"ReadAction","target":["https:\/\/www.frankmxparts.com.iclicksapp.nl\/de\/mikuni-fuel-pump-1vj-13910-01-yamaha-xt500-xt600-xt500z-xt600z"]}]},{"@type":"ImageObject","inLanguage":"de","@id":"https:\/\/www.frankmxparts.com.iclicksapp.nl\/de\/mikuni-fuel-pump-1vj-13910-01-yamaha-xt500-xt600-xt500z-xt600z#primaryimage","url":"https:\/\/www.frankmxparts.com.iclicksapp.nl\/wp-content\/uploads\/2024\/11\/Mikuni-fuel-pump-1VJ-13910-01-Yamaha-XT500-XT600-XT500Z-XT600Z-frank-mxparts-01.jpg","contentUrl":"https:\/\/www.frankmxparts.com.iclicksapp.nl\/wp-content\/uploads\/2024\/11\/Mikuni-fuel-pump-1VJ-13910-01-Yamaha-XT500-XT600-XT500Z-XT600Z-frank-mxparts-01.jpg","width":750,"height":563},{"@type":"BreadcrumbList","@id":"https:\/\/www.frankmxparts.com.iclicksapp.nl\/de\/mikuni-fuel-pump-1vj-13910-01-yamaha-xt500-xt600-xt500z-xt600z#breadcrumb","itemListElement":[{"@type":"ListItem","position":1,"name":"Home","item":"https:\/\/www.frankmxparts.com.iclicksapp.nl\/de"},{"@type":"ListItem","position":2,"name":"Shop","item":"https:\/\/www.frankmxparts.com.iclicksapp.nl\/winkel"},{"@type":"ListItem","position":3,"name":"Mikuni Benzinpumpe Yamaha XT500 XT600 XT500Z XT600Z"}]},{"@type":"WebSite","@id":"https:\/\/www.frankmxparts.com.iclicksapp.nl\/de\/#website","url":"https:\/\/www.frankmxparts.com.iclicksapp.nl\/de\/","name":"Frank! MXParts","description":"","publisher":{"@id":"https:\/\/www.frankmxparts.com.iclicksapp.nl\/de\/#organization"},"potentialAction":[{"@type":"SearchAction","target":{"@type":"EntryPoint","urlTemplate":"https:\/\/www.frankmxparts.com.iclicksapp.nl\/de\/?s={search_term_string}"},"query-input":{"@type":"PropertyValueSpecification","valueRequired":true,"valueName":"search_term_string"}}],"inLanguage":"de"},{"@type":"Organization","@id":"https:\/\/www.frankmxparts.com.iclicksapp.nl\/de\/#organization","name":"Frank! MXParts","url":"https:\/\/www.frankmxparts.com.iclicksapp.nl\/de\/","logo":{"@type":"ImageObject","inLanguage":"de","@id":"https:\/\/www.frankmxparts.com.iclicksapp.nl\/de\/#\/schema\/logo\/image\/","url":"https:\/\/www.frankmxparts.com.iclicksapp.nl\/wp-content\/uploads\/2024\/01\/frank-mxparts-logo.svg","contentUrl":"https:\/\/www.frankmxparts.com.iclicksapp.nl\/wp-content\/uploads\/2024\/01\/frank-mxparts-logo.svg","width":301,"height":88,"caption":"Frank! MXParts"},"image":{"@id":"https:\/\/www.frankmxparts.com.iclicksapp.nl\/de\/#\/schema\/logo\/image\/"}}]}},"_links":{"self":[{"href":"https:\/\/www.frankmxparts.com.iclicksapp.nl\/de\/wp-json\/wp\/v2\/product\/215271","targetHints":{"allow":["GET"]}}],"collection":[{"href":"https:\/\/www.frankmxparts.com.iclicksapp.nl\/de\/wp-json\/wp\/v2\/product"}],"about":[{"href":"https:\/\/www.frankmxparts.com.iclicksapp.nl\/de\/wp-json\/wp\/v2\/types\/product"}],"replies":[{"embeddable":true,"href":"https:\/\/www.frankmxparts.com.iclicksapp.nl\/de\/wp-json\/wp\/v2\/comments?post=215271"}],"wp:featuredmedia":[{"embeddable":true,"href":"https:\/\/www.frankmxparts.com.iclicksapp.nl\/de\/wp-json\/wp\/v2\/media\/209397"}],"wp:attachment":[{"href":"https:\/\/www.frankmxparts.com.iclicksapp.nl\/de\/wp-json\/wp\/v2\/media?parent=215271"}],"wp:term":[{"taxonomy":"product_brand","embeddable":true,"href":"https:\/\/www.frankmxparts.com.iclicksapp.nl\/de\/wp-json\/wp\/v2\/product_brand?post=215271"},{"taxonomy":"product_cat","embeddable":true,"href":"https:\/\/www.frankmxparts.com.iclicksapp.nl\/de\/wp-json\/wp\/v2\/product_cat?post=215271"},{"taxonomy":"product_tag","embeddable":true,"href":"https:\/\/www.frankmxparts.com.iclicksapp.nl\/de\/wp-json\/wp\/v2\/product_tag?post=215271"}],"curies":[{"name":"wp","href":"https:\/\/api.w.org\/{rel}","templated":true}]}}