{"id":211954,"date":"2024-11-19T22:45:06","date_gmt":"2024-11-19T21:45:06","guid":{"rendered":"https:\/\/www.frankmxparts.com.iclicksapp.nl\/product\/jd-jetting-jet-block-gasket-kit-2002-2003-2004-2005-2006-2007-honda-cr-250-cr250r"},"modified":"2024-11-28T14:14:15","modified_gmt":"2024-11-28T12:14:15","slug":"jd-jetting-jet-block-gasket-kit-2002-2003-2004-2005-2006-2007-honda-cr-250-cr250r","status":"publish","type":"product","link":"https:\/\/www.frankmxparts.com.iclicksapp.nl\/nl\/jd-jetting-jet-block-gasket-kit-2002-2003-2004-2005-2006-2007-honda-cr-250-cr250r","title":{"rendered":"JD Jetting jet block pakking kit \/ 2002-2007 Honda CR 250 CR250R"},"content":{"rendered":"<p>\n<strong>JD Jetting jet block pakking kit voor Mikuni TMX carburateurs<\/strong>.<\/p>\n<p>\nDeze kit bevat alle benodigde onderdelen om de jet block pakking ter vernieuwen. Deze pakking is bij deze carburateurs van de fabriek af slecht, en be\u00efnvloedt de afstelling negatief &#8211; we raden sterk aan \u00e9\u00e9rst deze pakking te vernieuwen en daarna pas de motor af te stellen. Ook de vlotternaaldzitting o-ring is inbegrepen (+ reserve); beide onderdelen zijn verbeterd t.o.v. het Mikuni origineel.<\/p>\n<p><strong>Passend voor<\/strong>: de 2002-2007 Honda CR250R.<\/p>\n<p><strong >De kit bevat<\/strong>:<\/p>\n<ul>\n<li>jet block pakking<\/li>\n<li>torx bitje<\/li>\n<li>vlotternaaldzitting o-ring (2x).<\/li>\n<\/ul>\n<p>&nbsp;Compleet als afgebeeld.<\/p>\n<p>&nbsp;<\/p>\n","protected":false},"excerpt":{"rendered":"<p>JD Jetting jet block pakking kit voor Mikuni TMX carburateurs. Deze kit bevat alle benodigde onderdelen om de jet block pakking ter vernieuwen. Deze pakking is bij deze carburateurs van de fabriek af slecht, en be\u00efnvloedt de afstelling negatief &#8211; we raden sterk aan \u00e9\u00e9rst deze pakking te vernieuwen en daarna pas de motor af [&hellip;]<\/p>\n","protected":false},"featured_media":205422,"comment_status":"closed","ping_status":"closed","template":"","meta":{"_acf_changed":false},"product_brand":[],"product_cat":[9441],"product_tag":[],"class_list":{"0":"post-211954","1":"product","2":"type-product","3":"status-publish","4":"has-post-thumbnail","6":"product_cat-uncategorized","7":"pa_manufacturer-jd-jetting-nl","9":"first","10":"instock","11":"taxable","12":"shipping-taxable","13":"purchasable","14":"product-type-simple"},"acf":[],"yoast_head":"<!-- This site is optimized with the Yoast SEO plugin v27.3 - https:\/\/yoast.com\/product\/yoast-seo-wordpress\/ -->\n<title>JD Jetting jet block pakking kit \/ 2002-2007 Honda CR 250 CR250R - Frank! MXParts<\/title>\n<meta name=\"robots\" content=\"noindex, follow, max-snippet:-1, max-image-preview:large, max-video-preview:-1\" \/>\n<meta property=\"og:locale\" content=\"nl_NL\" \/>\n<meta property=\"og:type\" content=\"article\" \/>\n<meta property=\"og:title\" content=\"JD Jetting jet block pakking kit \/ 2002-2007 Honda CR 250 CR250R - Frank! MXParts\" \/>\n<meta property=\"og:description\" content=\"JD Jetting jet block pakking kit voor Mikuni TMX carburateurs. Deze kit bevat alle benodigde onderdelen om de jet block pakking ter vernieuwen. Deze pakking is bij deze carburateurs van de fabriek af slecht, en be\u00efnvloedt de afstelling negatief &#8211; we raden sterk aan \u00e9\u00e9rst deze pakking te vernieuwen en daarna pas de motor af [&hellip;]\" \/>\n<meta property=\"og:url\" content=\"https:\/\/www.frankmxparts.com.iclicksapp.nl\/nl\/jd-jetting-jet-block-gasket-kit-2002-2003-2004-2005-2006-2007-honda-cr-250-cr250r\" \/>\n<meta property=\"og:site_name\" content=\"Frank! MXParts\" \/>\n<meta property=\"article:modified_time\" content=\"2024-11-28T12:14:15+00:00\" \/>\n<meta property=\"og:image\" content=\"https:\/\/www.frankmxparts.com.iclicksapp.nl\/wp-content\/uploads\/2024\/11\/JD-Jetting-jet-block-gasket-kit-2002-2003-2004-2005-2006-2007-Honda-CR-250-CR250R-frank-mxparts.jpg\" \/>\n\t<meta property=\"og:image:width\" content=\"750\" \/>\n\t<meta property=\"og:image:height\" content=\"563\" \/>\n\t<meta property=\"og:image:type\" content=\"image\/jpeg\" \/>\n<meta name=\"twitter:card\" content=\"summary_large_image\" \/>\n<script type=\"application\/ld+json\" class=\"yoast-schema-graph\">{\"@context\":\"https:\\\/\\\/schema.org\",\"@graph\":[{\"@type\":\"WebPage\",\"@id\":\"https:\\\/\\\/www.frankmxparts.com.iclicksapp.nl\\\/nl\\\/jd-jetting-jet-block-gasket-kit-2002-2003-2004-2005-2006-2007-honda-cr-250-cr250r\",\"url\":\"https:\\\/\\\/www.frankmxparts.com.iclicksapp.nl\\\/nl\\\/jd-jetting-jet-block-gasket-kit-2002-2003-2004-2005-2006-2007-honda-cr-250-cr250r\",\"name\":\"JD Jetting jet block pakking kit \\\/ 2002-2007 Honda CR 250 CR250R - Frank! MXParts\",\"isPartOf\":{\"@id\":\"https:\\\/\\\/www.frankmxparts.com.iclicksapp.nl\\\/nl\\\/#website\"},\"primaryImageOfPage\":{\"@id\":\"https:\\\/\\\/www.frankmxparts.com.iclicksapp.nl\\\/nl\\\/jd-jetting-jet-block-gasket-kit-2002-2003-2004-2005-2006-2007-honda-cr-250-cr250r#primaryimage\"},\"image\":{\"@id\":\"https:\\\/\\\/www.frankmxparts.com.iclicksapp.nl\\\/nl\\\/jd-jetting-jet-block-gasket-kit-2002-2003-2004-2005-2006-2007-honda-cr-250-cr250r#primaryimage\"},\"thumbnailUrl\":\"https:\\\/\\\/www.frankmxparts.com.iclicksapp.nl\\\/wp-content\\\/uploads\\\/2024\\\/11\\\/JD-Jetting-jet-block-gasket-kit-2002-2003-2004-2005-2006-2007-Honda-CR-250-CR250R-frank-mxparts.jpg\",\"datePublished\":\"2024-11-19T21:45:06+00:00\",\"dateModified\":\"2024-11-28T12:14:15+00:00\",\"breadcrumb\":{\"@id\":\"https:\\\/\\\/www.frankmxparts.com.iclicksapp.nl\\\/nl\\\/jd-jetting-jet-block-gasket-kit-2002-2003-2004-2005-2006-2007-honda-cr-250-cr250r#breadcrumb\"},\"inLanguage\":\"nl-NL\",\"potentialAction\":[{\"@type\":\"ReadAction\",\"target\":[\"https:\\\/\\\/www.frankmxparts.com.iclicksapp.nl\\\/nl\\\/jd-jetting-jet-block-gasket-kit-2002-2003-2004-2005-2006-2007-honda-cr-250-cr250r\"]}]},{\"@type\":\"ImageObject\",\"inLanguage\":\"nl-NL\",\"@id\":\"https:\\\/\\\/www.frankmxparts.com.iclicksapp.nl\\\/nl\\\/jd-jetting-jet-block-gasket-kit-2002-2003-2004-2005-2006-2007-honda-cr-250-cr250r#primaryimage\",\"url\":\"https:\\\/\\\/www.frankmxparts.com.iclicksapp.nl\\\/wp-content\\\/uploads\\\/2024\\\/11\\\/JD-Jetting-jet-block-gasket-kit-2002-2003-2004-2005-2006-2007-Honda-CR-250-CR250R-frank-mxparts.jpg\",\"contentUrl\":\"https:\\\/\\\/www.frankmxparts.com.iclicksapp.nl\\\/wp-content\\\/uploads\\\/2024\\\/11\\\/JD-Jetting-jet-block-gasket-kit-2002-2003-2004-2005-2006-2007-Honda-CR-250-CR250R-frank-mxparts.jpg\",\"width\":750,\"height\":563},{\"@type\":\"BreadcrumbList\",\"@id\":\"https:\\\/\\\/www.frankmxparts.com.iclicksapp.nl\\\/nl\\\/jd-jetting-jet-block-gasket-kit-2002-2003-2004-2005-2006-2007-honda-cr-250-cr250r#breadcrumb\",\"itemListElement\":[{\"@type\":\"ListItem\",\"position\":1,\"name\":\"Home\",\"item\":\"https:\\\/\\\/www.frankmxparts.com.iclicksapp.nl\\\/nl\"},{\"@type\":\"ListItem\",\"position\":2,\"name\":\"Winkel\",\"item\":\"https:\\\/\\\/www.frankmxparts.com.iclicksapp.nl\\\/winkel\"},{\"@type\":\"ListItem\",\"position\":3,\"name\":\"JD Jetting jet block pakking kit \\\/ 2002-2007 Honda CR 250 CR250R\"}]},{\"@type\":\"WebSite\",\"@id\":\"https:\\\/\\\/www.frankmxparts.com.iclicksapp.nl\\\/nl\\\/#website\",\"url\":\"https:\\\/\\\/www.frankmxparts.com.iclicksapp.nl\\\/nl\\\/\",\"name\":\"Frank! MXParts\",\"description\":\"\",\"publisher\":{\"@id\":\"https:\\\/\\\/www.frankmxparts.com.iclicksapp.nl\\\/nl\\\/#organization\"},\"potentialAction\":[{\"@type\":\"SearchAction\",\"target\":{\"@type\":\"EntryPoint\",\"urlTemplate\":\"https:\\\/\\\/www.frankmxparts.com.iclicksapp.nl\\\/nl\\\/?s={search_term_string}\"},\"query-input\":{\"@type\":\"PropertyValueSpecification\",\"valueRequired\":true,\"valueName\":\"search_term_string\"}}],\"inLanguage\":\"nl-NL\"},{\"@type\":\"Organization\",\"@id\":\"https:\\\/\\\/www.frankmxparts.com.iclicksapp.nl\\\/nl\\\/#organization\",\"name\":\"Frank! MXParts\",\"url\":\"https:\\\/\\\/www.frankmxparts.com.iclicksapp.nl\\\/nl\\\/\",\"logo\":{\"@type\":\"ImageObject\",\"inLanguage\":\"nl-NL\",\"@id\":\"https:\\\/\\\/www.frankmxparts.com.iclicksapp.nl\\\/nl\\\/#\\\/schema\\\/logo\\\/image\\\/\",\"url\":\"https:\\\/\\\/www.frankmxparts.com.iclicksapp.nl\\\/wp-content\\\/uploads\\\/2024\\\/01\\\/frank-mxparts-logo.svg\",\"contentUrl\":\"https:\\\/\\\/www.frankmxparts.com.iclicksapp.nl\\\/wp-content\\\/uploads\\\/2024\\\/01\\\/frank-mxparts-logo.svg\",\"width\":301,\"height\":88,\"caption\":\"Frank! MXParts\"},\"image\":{\"@id\":\"https:\\\/\\\/www.frankmxparts.com.iclicksapp.nl\\\/nl\\\/#\\\/schema\\\/logo\\\/image\\\/\"}}]}<\/script>\n<!-- \/ Yoast SEO plugin. -->","yoast_head_json":{"title":"JD Jetting jet block pakking kit \/ 2002-2007 Honda CR 250 CR250R - Frank! MXParts","robots":{"index":"noindex","follow":"follow","max-snippet":"max-snippet:-1","max-image-preview":"max-image-preview:large","max-video-preview":"max-video-preview:-1"},"og_locale":"nl_NL","og_type":"article","og_title":"JD Jetting jet block pakking kit \/ 2002-2007 Honda CR 250 CR250R - Frank! MXParts","og_description":"JD Jetting jet block pakking kit voor Mikuni TMX carburateurs. Deze kit bevat alle benodigde onderdelen om de jet block pakking ter vernieuwen. Deze pakking is bij deze carburateurs van de fabriek af slecht, en be\u00efnvloedt de afstelling negatief &#8211; we raden sterk aan \u00e9\u00e9rst deze pakking te vernieuwen en daarna pas de motor af [&hellip;]","og_url":"https:\/\/www.frankmxparts.com.iclicksapp.nl\/nl\/jd-jetting-jet-block-gasket-kit-2002-2003-2004-2005-2006-2007-honda-cr-250-cr250r","og_site_name":"Frank! MXParts","article_modified_time":"2024-11-28T12:14:15+00:00","og_image":[{"width":750,"height":563,"url":"https:\/\/www.frankmxparts.com.iclicksapp.nl\/wp-content\/uploads\/2024\/11\/JD-Jetting-jet-block-gasket-kit-2002-2003-2004-2005-2006-2007-Honda-CR-250-CR250R-frank-mxparts.jpg","type":"image\/jpeg"}],"twitter_card":"summary_large_image","schema":{"@context":"https:\/\/schema.org","@graph":[{"@type":"WebPage","@id":"https:\/\/www.frankmxparts.com.iclicksapp.nl\/nl\/jd-jetting-jet-block-gasket-kit-2002-2003-2004-2005-2006-2007-honda-cr-250-cr250r","url":"https:\/\/www.frankmxparts.com.iclicksapp.nl\/nl\/jd-jetting-jet-block-gasket-kit-2002-2003-2004-2005-2006-2007-honda-cr-250-cr250r","name":"JD Jetting jet block pakking kit \/ 2002-2007 Honda CR 250 CR250R - Frank! MXParts","isPartOf":{"@id":"https:\/\/www.frankmxparts.com.iclicksapp.nl\/nl\/#website"},"primaryImageOfPage":{"@id":"https:\/\/www.frankmxparts.com.iclicksapp.nl\/nl\/jd-jetting-jet-block-gasket-kit-2002-2003-2004-2005-2006-2007-honda-cr-250-cr250r#primaryimage"},"image":{"@id":"https:\/\/www.frankmxparts.com.iclicksapp.nl\/nl\/jd-jetting-jet-block-gasket-kit-2002-2003-2004-2005-2006-2007-honda-cr-250-cr250r#primaryimage"},"thumbnailUrl":"https:\/\/www.frankmxparts.com.iclicksapp.nl\/wp-content\/uploads\/2024\/11\/JD-Jetting-jet-block-gasket-kit-2002-2003-2004-2005-2006-2007-Honda-CR-250-CR250R-frank-mxparts.jpg","datePublished":"2024-11-19T21:45:06+00:00","dateModified":"2024-11-28T12:14:15+00:00","breadcrumb":{"@id":"https:\/\/www.frankmxparts.com.iclicksapp.nl\/nl\/jd-jetting-jet-block-gasket-kit-2002-2003-2004-2005-2006-2007-honda-cr-250-cr250r#breadcrumb"},"inLanguage":"nl-NL","potentialAction":[{"@type":"ReadAction","target":["https:\/\/www.frankmxparts.com.iclicksapp.nl\/nl\/jd-jetting-jet-block-gasket-kit-2002-2003-2004-2005-2006-2007-honda-cr-250-cr250r"]}]},{"@type":"ImageObject","inLanguage":"nl-NL","@id":"https:\/\/www.frankmxparts.com.iclicksapp.nl\/nl\/jd-jetting-jet-block-gasket-kit-2002-2003-2004-2005-2006-2007-honda-cr-250-cr250r#primaryimage","url":"https:\/\/www.frankmxparts.com.iclicksapp.nl\/wp-content\/uploads\/2024\/11\/JD-Jetting-jet-block-gasket-kit-2002-2003-2004-2005-2006-2007-Honda-CR-250-CR250R-frank-mxparts.jpg","contentUrl":"https:\/\/www.frankmxparts.com.iclicksapp.nl\/wp-content\/uploads\/2024\/11\/JD-Jetting-jet-block-gasket-kit-2002-2003-2004-2005-2006-2007-Honda-CR-250-CR250R-frank-mxparts.jpg","width":750,"height":563},{"@type":"BreadcrumbList","@id":"https:\/\/www.frankmxparts.com.iclicksapp.nl\/nl\/jd-jetting-jet-block-gasket-kit-2002-2003-2004-2005-2006-2007-honda-cr-250-cr250r#breadcrumb","itemListElement":[{"@type":"ListItem","position":1,"name":"Home","item":"https:\/\/www.frankmxparts.com.iclicksapp.nl\/nl"},{"@type":"ListItem","position":2,"name":"Winkel","item":"https:\/\/www.frankmxparts.com.iclicksapp.nl\/winkel"},{"@type":"ListItem","position":3,"name":"JD Jetting jet block pakking kit \/ 2002-2007 Honda CR 250 CR250R"}]},{"@type":"WebSite","@id":"https:\/\/www.frankmxparts.com.iclicksapp.nl\/nl\/#website","url":"https:\/\/www.frankmxparts.com.iclicksapp.nl\/nl\/","name":"Frank! MXParts","description":"","publisher":{"@id":"https:\/\/www.frankmxparts.com.iclicksapp.nl\/nl\/#organization"},"potentialAction":[{"@type":"SearchAction","target":{"@type":"EntryPoint","urlTemplate":"https:\/\/www.frankmxparts.com.iclicksapp.nl\/nl\/?s={search_term_string}"},"query-input":{"@type":"PropertyValueSpecification","valueRequired":true,"valueName":"search_term_string"}}],"inLanguage":"nl-NL"},{"@type":"Organization","@id":"https:\/\/www.frankmxparts.com.iclicksapp.nl\/nl\/#organization","name":"Frank! MXParts","url":"https:\/\/www.frankmxparts.com.iclicksapp.nl\/nl\/","logo":{"@type":"ImageObject","inLanguage":"nl-NL","@id":"https:\/\/www.frankmxparts.com.iclicksapp.nl\/nl\/#\/schema\/logo\/image\/","url":"https:\/\/www.frankmxparts.com.iclicksapp.nl\/wp-content\/uploads\/2024\/01\/frank-mxparts-logo.svg","contentUrl":"https:\/\/www.frankmxparts.com.iclicksapp.nl\/wp-content\/uploads\/2024\/01\/frank-mxparts-logo.svg","width":301,"height":88,"caption":"Frank! MXParts"},"image":{"@id":"https:\/\/www.frankmxparts.com.iclicksapp.nl\/nl\/#\/schema\/logo\/image\/"}}]}},"_links":{"self":[{"href":"https:\/\/www.frankmxparts.com.iclicksapp.nl\/nl\/wp-json\/wp\/v2\/product\/211954","targetHints":{"allow":["GET"]}}],"collection":[{"href":"https:\/\/www.frankmxparts.com.iclicksapp.nl\/nl\/wp-json\/wp\/v2\/product"}],"about":[{"href":"https:\/\/www.frankmxparts.com.iclicksapp.nl\/nl\/wp-json\/wp\/v2\/types\/product"}],"replies":[{"embeddable":true,"href":"https:\/\/www.frankmxparts.com.iclicksapp.nl\/nl\/wp-json\/wp\/v2\/comments?post=211954"}],"wp:featuredmedia":[{"embeddable":true,"href":"https:\/\/www.frankmxparts.com.iclicksapp.nl\/nl\/wp-json\/wp\/v2\/media\/205422"}],"wp:attachment":[{"href":"https:\/\/www.frankmxparts.com.iclicksapp.nl\/nl\/wp-json\/wp\/v2\/media?parent=211954"}],"wp:term":[{"taxonomy":"product_brand","embeddable":true,"href":"https:\/\/www.frankmxparts.com.iclicksapp.nl\/nl\/wp-json\/wp\/v2\/product_brand?post=211954"},{"taxonomy":"product_cat","embeddable":true,"href":"https:\/\/www.frankmxparts.com.iclicksapp.nl\/nl\/wp-json\/wp\/v2\/product_cat?post=211954"},{"taxonomy":"product_tag","embeddable":true,"href":"https:\/\/www.frankmxparts.com.iclicksapp.nl\/nl\/wp-json\/wp\/v2\/product_tag?post=211954"}],"curies":[{"name":"wp","href":"https:\/\/api.w.org\/{rel}","templated":true}]}}